{"id":85,"date":"2019-11-16T10:12:10","date_gmt":"2019-11-16T10:12:10","guid":{"rendered":"http:\/\/sawomedicus.de\/cms\/?page_id=85"},"modified":"2023-08-15T10:58:40","modified_gmt":"2023-08-15T10:58:40","slug":"kontakt","status":"publish","type":"page","link":"https:\/\/sawomedicus.de\/cms\/kontakt\/","title":{"rendered":"\ud83d\udd7f KONTAKT"},"content":{"rendered":"\t\t<div data-elementor-type=\"wp-page\" data-elementor-id=\"85\" class=\"elementor elementor-85\">\n\t\t\t\t\t\t<section class=\"elementor-section elementor-top-section elementor-element elementor-element-3e65af8 elementor-section-stretched elementor-section-boxed elementor-section-height-default elementor-section-height-default\" data-id=\"3e65af8\" data-element_type=\"section\" data-e-type=\"section\" data-settings=\"{&quot;stretch_section&quot;:&quot;section-stretched&quot;}\">\n\t\t\t\t\t\t<div class=\"elementor-container elementor-column-gap-wider\">\n\t\t\t\t\t<div class=\"elementor-column elementor-col-50 elementor-top-column elementor-element elementor-element-d672e07\" data-id=\"d672e07\" data-element_type=\"column\" data-e-type=\"column\">\n\t\t\t<div class=\"elementor-widget-wrap elementor-element-populated\">\n\t\t\t\t\t\t<div class=\"elementor-element elementor-element-a5feda9 elementor-widget elementor-widget-text-editor\" data-id=\"a5feda9\" data-element_type=\"widget\" data-e-type=\"widget\" data-widget_type=\"text-editor.default\">\n\t\t\t\t<div class=\"elementor-widget-container\">\n\t\t\t\t\t\t\t\t\t<h2 class=\"has-vivid-cyan-blue-color has-text-color has-text-align-center\" style=\"text-align: center;\">Praxisteam<\/h2><p class=\"has-text-align-center\">Thomas A. Sanner &amp; Uwe Wojts<\/p><p class=\"has-text-color has-text-align-center has-small-font-size\" style=\"color: #1da6f6;\">Akademische Lehrpraxis Goethe Universit\u00e4t <br \/>( Institut f\u00fcr Allgemeinmedizin )<\/p><p class=\"has-text-color has-text-align-center has-small-font-size\" style=\"color: #1da6f6;\"><span style=\"color: #0693e3; font-size: 1.625rem; font-family: var( --e-global-typography-text-font-family ), Sans-serif;\">Internistische Gemeinschaftspraxis<\/span><\/p><p class=\"has-text-align-center\">\u00c4rztehaus<br \/>Vorm Heiligen Kreuz 15<br \/>64331 Weiterstadt<br \/><img decoding=\"async\" class=\"emoji\" role=\"img\" draggable=\"false\" src=\"https:\/\/s.w.org\/images\/core\/emoji\/12.0.0-1\/svg\/1f4de.svg\" alt=\"\ud83d\udcde\" \/> Fon: (0 61 50) 96 16 88<br \/><img decoding=\"async\" class=\"emoji\" role=\"img\" draggable=\"false\" src=\"https:\/\/s.w.org\/images\/core\/emoji\/12.0.0-1\/svg\/1f4e0.svg\" alt=\"\ud83d\udce0\" \/> Fax: (0 61 50) 96 16 90<br \/><img decoding=\"async\" class=\"emoji\" role=\"img\" draggable=\"false\" src=\"https:\/\/s.w.org\/images\/core\/emoji\/12.0.0-1\/svg\/2709.svg\" alt=\"\u2709\ufe0f\" \/> E-Mail: gmp.sawomedicus@t-online.de<\/p><p class=\"has-text-align-center\"><span style=\"color: #0693e3; font-size: 1.625rem; font-family: var( --e-global-typography-text-font-family ), Sans-serif;\">Sprechzeiten<\/span><\/p><h2 class=\"has-vivid-cyan-blue-color has-text-color has-text-align-center\">Sprechzeiten<\/h2><p><!-- \/wp:heading --><!-- wp:table {\"align\":\"center\"} --><\/p><figure class=\"wp-block-table aligncenter\"><table><tbody><tr><td>Montag<\/td><td>08.00 &#8211; 12.00 Uhr , 14.00 &#8211; 17.00 Uhr<\/td><\/tr><tr><td>Dienstag<\/td><td>08.00 &#8211; 12.00 Uhr , 14.00 &#8211; 18.00 Uhr<\/td><\/tr><tr><td><span style=\"color: #ff0000;\">Mittwoch<\/span><\/td><td><span style=\"color: #ff0000;\">keine Sprechstunde<\/span><\/td><\/tr><tr><td>Donnerstag<\/td><td>08.00 &#8211; 12.00 Uhr , 15.00 &#8211; 19.00 Uhr<\/td><\/tr><tr><td>Freitag<\/td><td>08.00 &#8211; 13.00 Uhr<\/td><\/tr><\/tbody><\/table><\/figure><figure class=\"wp-block-table aligncenter\"><p style=\"text-align: center;\"><span style=\"color: #cf2e2e; font-size: 1.625rem; font-family: var( --e-global-typography-text-font-family ), Sans-serif;\">Notfall<br \/><\/span><img decoding=\"async\" class=\"emoji\" style=\"background-color: #ffffff; font-size: 1rem;\" role=\"img\" draggable=\"false\" src=\"https:\/\/s.w.org\/images\/core\/emoji\/12.0.0-1\/svg\/1f4de.svg\" alt=\"\ud83d\udcde\" \/> <a style=\"font-size: 1rem;\" href=\"tel:+49112\">112<\/a><\/p><\/figure>\t\t\t\t\t\t\t\t<\/div>\n\t\t\t\t<\/div>\n\t\t\t\t\t<\/div>\n\t\t<\/div>\n\t\t\t\t<div class=\"elementor-column elementor-col-50 elementor-top-column elementor-element elementor-element-a8cfade\" data-id=\"a8cfade\" data-element_type=\"column\" data-e-type=\"column\">\n\t\t\t<div class=\"elementor-widget-wrap elementor-element-populated\">\n\t\t\t\t\t\t<div class=\"elementor-element elementor-element-47cd887 elementor-widget elementor-widget-text-editor\" data-id=\"47cd887\" data-element_type=\"widget\" data-e-type=\"widget\" data-widget_type=\"text-editor.default\">\n\t\t\t\t<div class=\"elementor-widget-container\">\n\t\t\t\t\t\t\t\t\t<figure class=\"wp-block-table aligncenter\"><p><span style=\"color: #0693e3; font-family: var( --e-global-typography-text-font-family ), Sans-serif; font-size: 1.625rem; text-align: center; font-weight: var( --e-global-typography-text-font-weight );\">\u00a0<\/span><a style=\"font-family: var( --e-global-typography-text-font-family ), Sans-serif; font-weight: var( --e-global-typography-text-font-weight ); background-color: #ffffff; font-size: 1rem;\" href=\"https:\/\/goo.gl\/maps\/3utmqcNrXKhReC196\" target=\"_blank\" rel=\"noreferrer noopener\"><img fetchpriority=\"high\" decoding=\"async\" class=\"wp-image-96\" src=\"https:\/\/sawomedicus.de\/cms\/wp-content\/uploads\/2019\/11\/Praxis-Map.png\" alt=\"\" width=\"479\" height=\"477\" srcset=\"https:\/\/sawomedicus.de\/cms\/wp-content\/uploads\/2019\/11\/Praxis-Map.png 638w, https:\/\/sawomedicus.de\/cms\/wp-content\/uploads\/2019\/11\/Praxis-Map-300x300.png 300w, https:\/\/sawomedicus.de\/cms\/wp-content\/uploads\/2019\/11\/Praxis-Map-150x150.png 150w, https:\/\/sawomedicus.de\/cms\/wp-content\/uploads\/2019\/11\/Praxis-Map-100x100.png 100w\" sizes=\"(max-width: 479px) 100vw, 479px\" \/> \u00a0 \u00a0 \u00a0<\/a><span style=\"color: #555555; font-family: var( --e-global-typography-text-font-family ), Sans-serif; font-size: 13px; font-style: italic; font-weight: var( --e-global-typography-text-font-weight );\">Klicken Sie auf das Bild, um es in Google Map zu \u00f6ffnen<\/span><span style=\"color: #0693e3; font-family: var( --e-global-typography-text-font-family ), Sans-serif; font-size: 1.625rem; font-weight: var( --e-global-typography-text-font-weight ); text-align: center; font-style: italic;\">\u00a0 \u00a0 \u00a0 \u00a0 \u00a0 \u00a0 \u00a0 <\/span><\/p><p><span style=\"color: #0693e3; font-family: var( --e-global-typography-text-font-family ), Sans-serif; font-size: 1.625rem; font-weight: var( --e-global-typography-text-font-weight ); text-align: center; font-style: italic;\">\u00a0 \u00a0 \u00a0 \u00a0 \u00a0 \u00a0 \u00a0 \u00a0 \u00a0 \u00a0\u00d6ffentliche Verkehrsmittel<\/span><\/p><\/figure><p class=\"has-text-align-center\"><strong>Bus Nummer:<\/strong> <br \/>WE1 , WE2 (Darmstadt luisenplatz)<br \/>WE3 , WE4 (Darmstadt Hauptbahnhof)<\/p><p style=\"text-align: center;\"><strong>Bushaltestelle :<\/strong> <br \/>Weiterstadt Hallenbad<br \/>von dort 100 m zu Fu\u00df<\/p><p class=\"has-text-align-center\">\u00a0<\/p>\t\t\t\t\t\t\t\t<\/div>\n\t\t\t\t<\/div>\n\t\t\t\t\t<\/div>\n\t\t<\/div>\n\t\t\t\t\t<\/div>\n\t\t<\/section>\n\t\t\t\t<section class=\"elementor-section elementor-top-section elementor-element elementor-element-7f8c2e3 elementor-section-boxed elementor-section-height-default elementor-section-height-default\" data-id=\"7f8c2e3\" data-element_type=\"section\" data-e-type=\"section\">\n\t\t\t\t\t\t<div class=\"elementor-container elementor-column-gap-default\">\n\t\t\t\t\t<div class=\"elementor-column elementor-col-100 elementor-top-column elementor-element elementor-element-708ddbe\" data-id=\"708ddbe\" data-element_type=\"column\" data-e-type=\"column\">\n\t\t\t<div class=\"elementor-widget-wrap elementor-element-populated\">\n\t\t\t\t\t\t<div class=\"elementor-element elementor-element-c31edb9 elementor-widget elementor-widget-text-editor\" data-id=\"c31edb9\" data-element_type=\"widget\" data-e-type=\"widget\" data-widget_type=\"text-editor.default\">\n\t\t\t\t<div class=\"elementor-widget-container\">\n\t\t\t\t\t\t\t\t\t<h3 style=\"text-align: center;\"><span style=\"color: #ff6600;\">\u00c4rztlicher Bereitschaftdienst Hessen<\/span><\/h3>\t\t\t\t\t\t\t\t<\/div>\n\t\t\t\t<\/div>\n\t\t\t\t\t<\/div>\n\t\t<\/div>\n\t\t\t\t\t<\/div>\n\t\t<\/section>\n\t\t\t\t<section class=\"elementor-section elementor-top-section elementor-element elementor-element-39b814b elementor-section-stretched elementor-section-boxed elementor-section-height-default elementor-section-height-default\" data-id=\"39b814b\" data-element_type=\"section\" data-e-type=\"section\" data-settings=\"{&quot;stretch_section&quot;:&quot;section-stretched&quot;}\">\n\t\t\t\t\t\t<div class=\"elementor-container elementor-column-gap-default\">\n\t\t\t\t\t<div class=\"elementor-column elementor-col-50 elementor-top-column elementor-element elementor-element-a3cba16\" data-id=\"a3cba16\" data-element_type=\"column\" data-e-type=\"column\">\n\t\t\t<div class=\"elementor-widget-wrap elementor-element-populated\">\n\t\t\t\t\t\t<div class=\"elementor-element elementor-element-cdd68ff elementor-widget elementor-widget-image\" data-id=\"cdd68ff\" data-element_type=\"widget\" data-e-type=\"widget\" data-widget_type=\"image.default\">\n\t\t\t\t<div class=\"elementor-widget-container\">\n\t\t\t\t\t\t\t\t\t\t\t\t\t\t\t\t<a href=\"https:\/\/sawomedicus.de\/cms\/wp-content\/uploads\/2020\/01\/116117_000-scaled.jpg\" data-elementor-open-lightbox=\"yes\" data-elementor-lightbox-title=\"116117_000\" data-e-action-hash=\"#elementor-action%3Aaction%3Dlightbox%26settings%3DeyJpZCI6Nzk0LCJ1cmwiOiJodHRwczpcL1wvc2F3b21lZGljdXMuZGVcL2Ntc1wvd3AtY29udGVudFwvdXBsb2Fkc1wvMjAyMFwvMDFcLzExNjExN18wMDAtc2NhbGVkLmpwZyJ9\">\n\t\t\t\t\t\t\t<img decoding=\"async\" width=\"740\" height=\"522\" src=\"https:\/\/sawomedicus.de\/cms\/wp-content\/uploads\/2020\/01\/116117_000-1024x723.jpg\" class=\"attachment-large size-large wp-image-794\" alt=\"\" srcset=\"https:\/\/sawomedicus.de\/cms\/wp-content\/uploads\/2020\/01\/116117_000-1024x723.jpg 1024w, https:\/\/sawomedicus.de\/cms\/wp-content\/uploads\/2020\/01\/116117_000-300x212.jpg 300w, https:\/\/sawomedicus.de\/cms\/wp-content\/uploads\/2020\/01\/116117_000-768x543.jpg 768w, https:\/\/sawomedicus.de\/cms\/wp-content\/uploads\/2020\/01\/116117_000-1536x1085.jpg 1536w, https:\/\/sawomedicus.de\/cms\/wp-content\/uploads\/2020\/01\/116117_000-2048x1447.jpg 2048w\" sizes=\"100vw\" \/>\t\t\t\t\t\t\t\t<\/a>\n\t\t\t\t\t\t\t\t\t\t\t\t\t\t\t<\/div>\n\t\t\t\t<\/div>\n\t\t\t\t\t<\/div>\n\t\t<\/div>\n\t\t\t\t<div class=\"elementor-column elementor-col-50 elementor-top-column elementor-element elementor-element-f42250d\" data-id=\"f42250d\" data-element_type=\"column\" data-e-type=\"column\">\n\t\t\t<div class=\"elementor-widget-wrap elementor-element-populated\">\n\t\t\t\t\t\t<div class=\"elementor-element elementor-element-7c9b1a2 elementor-widget elementor-widget-image\" data-id=\"7c9b1a2\" data-element_type=\"widget\" data-e-type=\"widget\" data-widget_type=\"image.default\">\n\t\t\t\t<div class=\"elementor-widget-container\">\n\t\t\t\t\t\t\t\t\t\t\t\t\t\t\t\t<a href=\"https:\/\/sawomedicus.de\/cms\/wp-content\/uploads\/2020\/01\/116117_001-scaled.jpg\" data-elementor-open-lightbox=\"yes\" data-elementor-lightbox-title=\"116117_001\" data-e-action-hash=\"#elementor-action%3Aaction%3Dlightbox%26settings%3DeyJpZCI6Nzk1LCJ1cmwiOiJodHRwczpcL1wvc2F3b21lZGljdXMuZGVcL2Ntc1wvd3AtY29udGVudFwvdXBsb2Fkc1wvMjAyMFwvMDFcLzExNjExN18wMDEtc2NhbGVkLmpwZyJ9\">\n\t\t\t\t\t\t\t<img decoding=\"async\" width=\"740\" height=\"520\" src=\"https:\/\/sawomedicus.de\/cms\/wp-content\/uploads\/2020\/01\/116117_001-1024x720.jpg\" class=\"attachment-large size-large wp-image-795\" alt=\"\" srcset=\"https:\/\/sawomedicus.de\/cms\/wp-content\/uploads\/2020\/01\/116117_001-1024x720.jpg 1024w, https:\/\/sawomedicus.de\/cms\/wp-content\/uploads\/2020\/01\/116117_001-300x211.jpg 300w, https:\/\/sawomedicus.de\/cms\/wp-content\/uploads\/2020\/01\/116117_001-768x540.jpg 768w, https:\/\/sawomedicus.de\/cms\/wp-content\/uploads\/2020\/01\/116117_001-1536x1080.jpg 1536w, https:\/\/sawomedicus.de\/cms\/wp-content\/uploads\/2020\/01\/116117_001-2048x1440.jpg 2048w\" sizes=\"100vw\" \/>\t\t\t\t\t\t\t\t<\/a>\n\t\t\t\t\t\t\t\t\t\t\t\t\t\t\t<\/div>\n\t\t\t\t<\/div>\n\t\t\t\t\t<\/div>\n\t\t<\/div>\n\t\t\t\t\t<\/div>\n\t\t<\/section>\n\t\t\t\t<section class=\"elementor-section elementor-top-section elementor-element elementor-element-117cdf3 elementor-section-stretched elementor-section-boxed elementor-section-height-default elementor-section-height-default\" data-id=\"117cdf3\" data-element_type=\"section\" data-e-type=\"section\" data-settings=\"{&quot;stretch_section&quot;:&quot;section-stretched&quot;}\">\n\t\t\t\t\t\t<div class=\"elementor-container elementor-column-gap-default\">\n\t\t\t\t\t<div class=\"elementor-column elementor-col-100 elementor-top-column elementor-element elementor-element-353f8eb\" data-id=\"353f8eb\" data-element_type=\"column\" data-e-type=\"column\">\n\t\t\t<div class=\"elementor-widget-wrap\">\n\t\t\t\t\t\t\t<\/div>\n\t\t<\/div>\n\t\t\t\t\t<\/div>\n\t\t<\/section>\n\t\t\t\t<\/div>\n\t\t","protected":false},"excerpt":{"rendered":"<p>Praxisteam Thomas A. Sanner &amp; Uwe Wojts Akademische Lehrpraxis Goethe Universit\u00e4t ( Institut f\u00fcr Allgemeinmedizin ) Internistische Gemeinschaftspraxis \u00c4rztehausVorm Heiligen Kreuz 1564331 Weiterstadt Fon: (0 61 50) 96 16 88 Fax: (0 61 50) 96 16 90 E-Mail: gmp.sawomedicus@t-online.de Sprechzeiten Sprechzeiten Montag 08.00 &#8211; 12.00 Uhr , 14.00 &#8211; 17.00 Uhr Dienstag 08.00 &#8211; 12.00 &hellip; <\/p>\n<p class=\"link-more\"><a href=\"https:\/\/sawomedicus.de\/cms\/kontakt\/\" class=\"more-link\">Continue reading<span class=\"screen-reader-text\"> &#8220;\ud83d\udd7f KONTAKT&#8221;<\/span><\/a><\/p>\n","protected":false},"author":4,"featured_media":0,"parent":0,"menu_order":0,"comment_status":"closed","ping_status":"closed","template":"","meta":{"footnotes":""},"class_list":["post-85","page","type-page","status-publish","hentry"],"_links":{"self":[{"href":"https:\/\/sawomedicus.de\/cms\/wp-json\/wp\/v2\/pages\/85","targetHints":{"allow":["GET"]}}],"collection":[{"href":"https:\/\/sawomedicus.de\/cms\/wp-json\/wp\/v2\/pages"}],"about":[{"href":"https:\/\/sawomedicus.de\/cms\/wp-json\/wp\/v2\/types\/page"}],"author":[{"embeddable":true,"href":"https:\/\/sawomedicus.de\/cms\/wp-json\/wp\/v2\/users\/4"}],"replies":[{"embeddable":true,"href":"https:\/\/sawomedicus.de\/cms\/wp-json\/wp\/v2\/comments?post=85"}],"version-history":[{"count":71,"href":"https:\/\/sawomedicus.de\/cms\/wp-json\/wp\/v2\/pages\/85\/revisions"}],"predecessor-version":[{"id":1762,"href":"https:\/\/sawomedicus.de\/cms\/wp-json\/wp\/v2\/pages\/85\/revisions\/1762"}],"wp:attachment":[{"href":"https:\/\/sawomedicus.de\/cms\/wp-json\/wp\/v2\/media?parent=85"}],"curies":[{"name":"wp","href":"https:\/\/api.w.org\/{rel}","templated":true}]}}