{"id":437,"date":"2019-12-03T10:45:21","date_gmt":"2019-12-03T10:45:21","guid":{"rendered":"http:\/\/sawomedicus.de\/cms\/?page_id=437"},"modified":"2022-12-30T11:28:44","modified_gmt":"2022-12-30T11:28:44","slug":"faltenunterspritzung-mit-kollagen","status":"publish","type":"page","link":"https:\/\/sawomedicus.de\/cms\/faltenunterspritzung-mit-kollagen\/","title":{"rendered":"Faltenunterspritzung mit Collagen"},"content":{"rendered":"\t\t<div data-elementor-type=\"wp-page\" data-elementor-id=\"437\" class=\"elementor elementor-437\">\n\t\t\t\t\t\t<section class=\"elementor-section elementor-top-section elementor-element elementor-element-7332d7f elementor-section-stretched elementor-section-boxed elementor-section-height-default elementor-section-height-default\" data-id=\"7332d7f\" data-element_type=\"section\" data-e-type=\"section\" data-settings=\"{&quot;stretch_section&quot;:&quot;section-stretched&quot;}\">\n\t\t\t\t\t\t<div class=\"elementor-container elementor-column-gap-default\">\n\t\t\t\t\t<div class=\"elementor-column elementor-col-100 elementor-top-column elementor-element elementor-element-edf252d\" data-id=\"edf252d\" data-element_type=\"column\" data-e-type=\"column\">\n\t\t\t<div class=\"elementor-widget-wrap elementor-element-populated\">\n\t\t\t\t\t\t<div class=\"elementor-element elementor-element-60e05df elementor-widget elementor-widget-image\" data-id=\"60e05df\" data-element_type=\"widget\" data-e-type=\"widget\" data-widget_type=\"image.default\">\n\t\t\t\t<div class=\"elementor-widget-container\">\n\t\t\t\t\t\t\t\t\t\t\t\t\t\t\t<img fetchpriority=\"high\" decoding=\"async\" width=\"740\" height=\"258\" src=\"https:\/\/sawomedicus.de\/cms\/wp-content\/uploads\/2019\/12\/botox-wellington-copy-1210x423-768x268.png\" class=\"attachment-medium_large size-medium_large wp-image-438\" alt=\"\" srcset=\"https:\/\/sawomedicus.de\/cms\/wp-content\/uploads\/2019\/12\/botox-wellington-copy-1210x423-768x268.png 768w, https:\/\/sawomedicus.de\/cms\/wp-content\/uploads\/2019\/12\/botox-wellington-copy-1210x423-300x105.png 300w, https:\/\/sawomedicus.de\/cms\/wp-content\/uploads\/2019\/12\/botox-wellington-copy-1210x423-1024x358.png 1024w, https:\/\/sawomedicus.de\/cms\/wp-content\/uploads\/2019\/12\/botox-wellington-copy-1210x423.png 1210w\" sizes=\"100vw\" \/>\t\t\t\t\t\t\t\t\t\t\t\t\t\t\t<\/div>\n\t\t\t\t<\/div>\n\t\t\t\t\t<\/div>\n\t\t<\/div>\n\t\t\t\t\t<\/div>\n\t\t<\/section>\n\t\t\t\t<section class=\"elementor-section elementor-top-section elementor-element elementor-element-55e1c61a elementor-section-boxed elementor-section-height-default elementor-section-height-default\" data-id=\"55e1c61a\" data-element_type=\"section\" data-e-type=\"section\">\n\t\t\t\t\t\t<div class=\"elementor-container elementor-column-gap-default\">\n\t\t\t\t\t<div class=\"elementor-column elementor-col-100 elementor-top-column elementor-element elementor-element-39b7e1ed\" data-id=\"39b7e1ed\" data-element_type=\"column\" data-e-type=\"column\">\n\t\t\t<div class=\"elementor-widget-wrap elementor-element-populated\">\n\t\t\t\t\t\t<div class=\"elementor-element elementor-element-50dd634f elementor-widget elementor-widget-text-editor\" data-id=\"50dd634f\" data-element_type=\"widget\" data-e-type=\"widget\" data-widget_type=\"text-editor.default\">\n\t\t\t\t<div class=\"elementor-widget-container\">\n\t\t\t\t\t\t\t\t\t<p><\/p>\n<h3 class=\"has-vivid-cyan-blue-color has-text-color has-text-align-center wp-block-heading\"><strong>Was ist die Collagen-Booster-Behandlung?<\/strong><\/h3>\n<p><\/p>\n<h5 class=\"has-vivid-cyan-blue-color has-text-color has-text-align-center wp-block-heading\">Was ist Collagen?<\/h5>\n<p><\/p>\n<p>Collagen ist ein Eiwei\u00df, welches beim Menschen und beim Tier im Bindegewebe, in den Knochen, in den Z\u00e4hnen, in den Sehnen und den B\u00e4ndern vorkommt. Es ist ein wichtiger Bestandteil der Haut, der f\u00fcr die Elastizit\u00e4t verantwortlich ist.<\/p>\n<p><\/p>\n<p>Im Laufe des Lebens nimmt der Collagen-Anteil immer weit ab und die Haut wirkt \u00e4lter. Besonders an den H\u00e4nden und im Gesicht lassen sich die Ver\u00e4nderungen, beispielsweise in Form von Falten, schnell feststellen.<\/p>\n<p><\/p>\n<h5 class=\"has-vivid-cyan-blue-color has-text-color has-text-align-center wp-block-heading\">Die Faltenunterspritzung im Allgemeinen<\/h5>\n<p><\/p>\n<p>Es gibt verschiedene Formen von Anti-Aging-Behandlungen, die die Hautalterung optisch reduzieren k\u00f6nnen. Bei der Faltenunterspritzung werden k\u00f6rpereigene Filler wie\u00a0<a href=\"https:\/\/sawomedicus.de\/cms\/behandlung-mit-hyaluronsaure\/\">Hyalurons\u00e4ure<\/a>,\u00a0Polymilchs\u00e4ure,\u00a0Eigenfett\u00a0oder Collagen unter die Haut injiziert. Hierbei unterscheiden sich die verwendeten Dermal-Filler in Bezug auf Ihre Anwendungsbereiche, Wirkungsweise und Haltbarkeit.<br \/>Eine weitere M\u00f6glichkeit der Faltenbehandlung stellt die Injektion von\u00a0<a href=\"https:\/\/medidate.de\/faltenbehandlung\/botoxbehandlung\/\" target=\"_blank\" rel=\"noreferrer noopener\">Botox<\/a>\u00a0dar, allerdings l\u00e4hmt das Nervengift gezielt bestimmte Gesichtsmuskeln, w\u00e4hrend die anderen Materialien ausschlie\u00dflich aufpolsternde Wirkung haben.<\/p>\n<p><\/p>\n<h5 class=\"has-vivid-cyan-blue-color has-text-color has-text-align-center wp-block-heading\">Die Faltenunterspritzung mit Collagen<\/h5>\n<p><\/p>\n<p>Bei der Faltenunterspritzung mit Collagen wird der Collagen-Anteil durch die Unterspritzung wirkungsvoll erh\u00f6ht, was zu einer optischen Verj\u00fcngung der Haut f\u00fchrt. Die Elastizit\u00e4t wird durch den Filler wiederhergestellt und Falten gegl\u00e4ttet.<\/p>\n<p><\/p>\n<p>Collagen ist neben Hyalurons\u00e4ure und Eigenfett einer der beliebtesten Filler bei der Faltenbehandlung und z\u00e4hlt insgesamt zu den angenehmsten und sichersten Faltenunterspritzungen.<\/p>\n<p><\/p>\n<p>Das f\u00fcr die Anti-Aging-Behandlung verwendete Collagen wird aus Rinderhaut gewonnen und durch spezielle Reinigungsverfahren f\u00fcr den Menschen vertr\u00e4glich gemacht. Das gewonnene Material ist dem menschlichen Collagen sehr \u00e4hnlich und wird in 3 verschiedenen Formen angeboten, die sich durch ihre Konzentration, Haltbarkeit und Viskosit\u00e4t unterscheiden. Auf diese Weise kann Collagen sowohl zur Korrektur kleiner, oberfl\u00e4chlicher F\u00e4ltchen, als auch zum Auff\u00fcllen tieferliegender Falten und eingesunkener Hautbereiche verwendet werden.<br \/>Das injizierte Collagen verbindet sich nach kurzer Zeit mit den k\u00f6rpereigenen Collagen und wird in die st\u00fctzende Gitterstruktur der Haut eingegliedert.<\/p>\n<p><\/p>\n<h5 class=\"has-vivid-cyan-blue-color has-text-color has-text-align-center wp-block-heading\">Wie l\u00e4uft eine Collagen-Booster-Behandlung ab?<\/h5>\n<p><\/p>\n<p>Der Anti-Aging-Eingriff dauert in der Regel nicht l\u00e4nger als 15 Minuten und wird wie eine Faltenbehandlung mit Hyalurons\u00e4ure oder Eigenfett durchgef\u00fchrt. Lediglich der verwendete Wirkstoff unterscheidet die Behandlung von den anderen Methoden.<\/p>\n<p><\/p>\n<p>Das Collagen wird mit einer feinen Nadel unter die Haut injiziert und polstert so die Falten optisch auf.<br \/>Bei Bedarf k\u00f6nnen die betroffenen Hautareale vorher mit einer Bet\u00e4ubungscreme behandelt werden, um Schmerzen vorzubeugen. Nach der Injektion massiert der Arzt die behandelten Partien im Gesicht des Patienten, um eine gleichm\u00e4\u00dfige Verteilung der Substanz unter der Haut zu gew\u00e4hrleisten.<\/p>\n<p><\/p>\n<p>Im Anschluss werden dem Patienten K\u00e4lteanwendungen zur Linderung von Schwellungen und R\u00f6tungen der Haut empfohlen. Der Patient ist nach der Collagen-Behandlung sofort wieder einsatzf\u00e4hig.<\/p>\n<p><\/p>\n<h5 class=\"has-vivid-cyan-blue-color has-text-color has-text-align-center wp-block-heading\">Welche Kriterien m\u00fcssen erf\u00fcllt sein, um eine Collagen-Booster-Behandlung durchzuf\u00fchren?<\/h5>\n<p><\/p>\n<p>Grunds\u00e4tzlich gibt es wenige Kriterien, welche einen Patienten f\u00fcr eine Faltenunterspritzung mit Collagen ausschlie\u00dfen k\u00f6nnen.<\/p>\n<p><\/p>\n<p>Der behandelnde Arzt pr\u00fcft im Vorfeld der Behandlung den allgemeinen Gesundheitszustand des Patienten, um dessen Eignung feststellen zu k\u00f6nnen. Hierbei ist es entscheidend, dass die zu behandelnden Hautbereiche keine Entz\u00fcndungen aufweisen.<br \/>Des Weiteren muss eine Unvertr\u00e4glichkeit oder Allergie gegen das verwendete Material ausgeschlossen werden. Aus diesem Grund findet etwa 2 bis 3 Wochen vor der eigentlichen Behandlung ein Vertr\u00e4glichkeitstest beim Arzt statt. Allergische Reaktionen gegen Collagen sind \u00e4u\u00dferst selten, da es sich bei dem Filler, wie auch bei Hyalurons\u00e4ure und Eigenfett, um einen k\u00f6rpereigenen Stoff handelt.<\/p>\n<p><\/p>\n<h5 class=\"has-vivid-cyan-blue-color has-text-color has-text-align-center wp-block-heading\">Kriterien f\u00fcr eine Collagen-Behandlung im \u00dcberblick<\/h5>\n<p><\/p>\n<ul class=\"wp-block-list\">\n<li>Keine Allergie oder Unvertr\u00e4glichkeit auf Collagen<\/li>\n<li>Gesunde Haut ohne entz\u00fcndliche Erkrankungen<\/li>\n<li>Patient ist vollj\u00e4hrig<\/li>\n<\/ul>\n<p><\/p>\n<h5 class=\"has-vivid-cyan-blue-color has-text-color has-text-align-center wp-block-heading\">Welche Vorteile bringt die Collagen-Booster-Behandlung mit sich?<\/h5>\n<p><\/p>\n<p>Ein gro\u00dfer Vorteil der Faltenunterspritzung mit Collagen besteht darin, dass sie einerseits gut vertr\u00e4glich ist und andererseits sehr gute Anti-Aging-Ergebnisse erzielt.<br \/>Aufgrund der Verwendung eines k\u00f6rpereigenen Eiwei\u00dfes wird eine hohe Vertr\u00e4glichkeitsrate des Wirkstoffes bei den Patienten erzielt. Das Behandlungsergebnis erscheint nat\u00fcrlich und authentisch. Selbst bei einer \u00dcberkorrektur entstehen nahezu keine negativen Auswirkungen, da der K\u00f6rper das Material selbstst\u00e4ndig wieder abbauen kann.<\/p>\n<p><\/p>\n<p>Ebenso \u00fcberzeugt die Faltenunterspritzung durch ihre kurze Behandlungsdauer. Der Patient ist nach einer 15-min\u00fctigen Sitzung einsatzf\u00e4hig und kann seinen Alltag wie gewohnt und ohne Einschr\u00e4nkungen fortsetzen. Auch der Effekt des Collagens ist unmittelbar sichtbar. Das Gewebe wirkt sofort gestrafft und gegl\u00e4ttet.<\/p>\n<p><\/p>\n<p>Einen weiteren Vorteil stellt das breite Anwendungsspektrum der Behandlung dar. Haupts\u00e4chlich wird der Wirkstoff zur Gl\u00e4ttung und Aufpolsterung von Falten als Gegenwirkung der Hautalterung genutzt. Die Behandlung bietet ebenso die M\u00f6glichkeit, die nat\u00fcrlichen Konturen wiederherzustellen, Wangen und Lippen aufzupolstern und Narben zu korrigieren.<\/p>\n<p><\/p>\t\t\t\t\t\t\t\t<\/div>\n\t\t\t\t<\/div>\n\t\t\t\t\t<\/div>\n\t\t<\/div>\n\t\t\t\t\t<\/div>\n\t\t<\/section>\n\t\t\t\t<section class=\"elementor-section elementor-top-section elementor-element elementor-element-db80e8b elementor-section-stretched elementor-section-boxed elementor-section-height-default elementor-section-height-default\" data-id=\"db80e8b\" data-element_type=\"section\" data-e-type=\"section\" data-settings=\"{&quot;stretch_section&quot;:&quot;section-stretched&quot;}\">\n\t\t\t\t\t\t<div class=\"elementor-container elementor-column-gap-default\">\n\t\t\t\t\t<div class=\"elementor-column elementor-col-100 elementor-top-column elementor-element elementor-element-dadc597\" data-id=\"dadc597\" data-element_type=\"column\" data-e-type=\"column\">\n\t\t\t<div class=\"elementor-widget-wrap elementor-element-populated\">\n\t\t\t\t\t\t<div class=\"elementor-element elementor-element-17f03a2 elementor-widget elementor-widget-image\" data-id=\"17f03a2\" data-element_type=\"widget\" data-e-type=\"widget\" data-widget_type=\"image.default\">\n\t\t\t\t<div class=\"elementor-widget-container\">\n\t\t\t\t\t\t\t\t\t\t\t\t\t\t\t<img decoding=\"async\" width=\"740\" height=\"321\" src=\"https:\/\/sawomedicus.de\/cms\/wp-content\/uploads\/2019\/12\/botox-png-6-768x333.png\" class=\"attachment-medium_large size-medium_large wp-image-441\" alt=\"\" srcset=\"https:\/\/sawomedicus.de\/cms\/wp-content\/uploads\/2019\/12\/botox-png-6-768x333.png 768w, https:\/\/sawomedicus.de\/cms\/wp-content\/uploads\/2019\/12\/botox-png-6-300x130.png 300w, https:\/\/sawomedicus.de\/cms\/wp-content\/uploads\/2019\/12\/botox-png-6.png 820w\" sizes=\"100vw\" \/>\t\t\t\t\t\t\t\t\t\t\t\t\t\t\t<\/div>\n\t\t\t\t<\/div>\n\t\t\t\t\t<\/div>\n\t\t<\/div>\n\t\t\t\t\t<\/div>\n\t\t<\/section>\n\t\t\t\t<section class=\"elementor-section elementor-top-section elementor-element elementor-element-a40038f elementor-section-boxed elementor-section-height-default elementor-section-height-default\" data-id=\"a40038f\" data-element_type=\"section\" data-e-type=\"section\">\n\t\t\t\t\t\t<div class=\"elementor-container elementor-column-gap-default\">\n\t\t\t\t\t<div class=\"elementor-column elementor-col-100 elementor-top-column elementor-element elementor-element-c2360f0\" data-id=\"c2360f0\" data-element_type=\"column\" data-e-type=\"column\">\n\t\t\t<div class=\"elementor-widget-wrap elementor-element-populated\">\n\t\t\t\t\t\t<div class=\"elementor-element elementor-element-72da042 elementor-widget elementor-widget-spacer\" data-id=\"72da042\" data-element_type=\"widget\" data-e-type=\"widget\" data-widget_type=\"spacer.default\">\n\t\t\t\t<div class=\"elementor-widget-container\">\n\t\t\t\t\t\t\t<div class=\"elementor-spacer\">\n\t\t\t<div class=\"elementor-spacer-inner\"><\/div>\n\t\t<\/div>\n\t\t\t\t\t\t<\/div>\n\t\t\t\t<\/div>\n\t\t\t\t\t<\/div>\n\t\t<\/div>\n\t\t\t\t\t<\/div>\n\t\t<\/section>\n\t\t\t\t<section class=\"elementor-section elementor-top-section elementor-element elementor-element-225b348 elementor-section-boxed elementor-section-height-default elementor-section-height-default\" data-id=\"225b348\" data-element_type=\"section\" data-e-type=\"section\">\n\t\t\t\t\t\t<div class=\"elementor-container elementor-column-gap-default\">\n\t\t\t\t\t<div class=\"elementor-column elementor-col-100 elementor-top-column elementor-element elementor-element-532bfcc\" data-id=\"532bfcc\" data-element_type=\"column\" data-e-type=\"column\">\n\t\t\t<div class=\"elementor-widget-wrap elementor-element-populated\">\n\t\t\t\t\t\t<div class=\"elementor-element elementor-element-ffc8271 elementor-widget elementor-widget-text-editor\" data-id=\"ffc8271\" data-element_type=\"widget\" data-e-type=\"widget\" data-widget_type=\"text-editor.default\">\n\t\t\t\t<div class=\"elementor-widget-container\">\n\t\t\t\t\t\t\t\t\t<h5 class=\"has-vivid-cyan-blue-color has-text-color has-text-align-center\">VORTEILE AUF EINEN BLICK<\/h5>\n<ul>\n<li>Keine Narben<\/li>\n<li>Keine Genesungszeit n\u00f6tig<\/li>\n<li>Kurze Behandlungsdauer<\/li>\n<li>Breiter Einsatzbereich<\/li>\n<li>Nat\u00fcrlicher und schonender Wirkstoff<\/li>\n<li>Sehr gute optische Ergebnisse<\/li>\n<\/ul>\n<h5 class=\"has-vivid-cyan-blue-color has-text-color has-text-align-center\">WELCHE RISIKEN ODER KOMPLIKATIONEN K\u00d6NNEN BEI EINER COLLAGEN-BEHANDLUNG AUFTRETEN?<\/h5>\n<p>Grunds\u00e4tzlich sind die Risiken des Eingriffes sehr gering. Nach der Behandlung sind leichte Schwellungen und R\u00f6tungen rund um die behandelten Stellen v\u00f6llig normal. Durch die Verwendung von speziellen Salben und Cremes schwellen diese f\u00fcr gew\u00f6hnlich nach einigen Tagen wieder ab.<\/p>\n<h5 class=\"has-vivid-cyan-blue-color has-text-color has-text-align-center\">WELCHE NACHTEILE HAT DIE COLLAGEN-BOOSTER-BEHANDLUNG?<\/h5>\n<p>Es muss beachtet werden, dass die Faltenunterspritzung mit dem Wirkstoff Collagen regelm\u00e4\u00dfig wiederholt werden muss, wenn eine Langzeitwirkung gew\u00fcnscht wird. Die Gl\u00e4ttungs- und Aufpolsterungseffekte, die mit einer Faltenunterspritzung einhergehen, verschwinden einige Monate nach der Behandlung nahezu vollkommen.<br>Die Haltbarkeit des Collagen-Wirkstoffes liegt bei etwa 6 Monaten, kann allerdings von Patient zu Patient, je nach Sorte und Anwendungsbereich variieren.<\/p>\n<h5 class=\"has-vivid-cyan-blue-color has-text-color has-text-align-center\">WORAUF MUSS ICH ACHTEN?<\/h5>\n<ul>\n<li>Langj\u00e4hrige Erfahrung des behandelnden Arztes<\/li>\n<li>Kompetentes und fachgeschultes Personal<\/li>\n<li>Detaillierte und vertrauensvolle Gespr\u00e4che mit dem Arzt m\u00f6glich<\/li>\n<li>Klinik erf\u00fcllt Hygiene- und Qualit\u00e4tsstandards<\/li>\n<\/ul>\n<p>Wir beraten Sie gerne telefonisch und helfen dabei, eine passende Klinik in Ihrer N\u00e4he zu finden.<\/p>\n<h5 class=\"has-vivid-cyan-blue-color has-text-color has-text-align-center\">KOSTENINFORMATION<\/h5>\n<p>Bitte sprechen Sie uns an und vereinbaren Sie einen pers\u00f6nlichen Beratungstermin. Die Kosten dieser Behandlung werden gem. der GO\u00c4 (privat) abgerechnet. Wir freuen uns auf Ihren Anruf.<\/p>\t\t\t\t\t\t\t\t<\/div>\n\t\t\t\t<\/div>\n\t\t\t\t\t<\/div>\n\t\t<\/div>\n\t\t\t\t\t<\/div>\n\t\t<\/section>\n\t\t\t\t<section class=\"elementor-section elementor-top-section elementor-element elementor-element-04f31f2 elementor-section-boxed elementor-section-height-default elementor-section-height-default\" data-id=\"04f31f2\" data-element_type=\"section\" data-e-type=\"section\">\n\t\t\t\t\t\t<div class=\"elementor-container elementor-column-gap-default\">\n\t\t\t\t\t<div class=\"elementor-column elementor-col-100 elementor-top-column elementor-element elementor-element-624a575\" data-id=\"624a575\" data-element_type=\"column\" data-e-type=\"column\">\n\t\t\t<div class=\"elementor-widget-wrap elementor-element-populated\">\n\t\t\t\t\t\t<div class=\"elementor-element elementor-element-f9b6053 elementor-widget elementor-widget-spacer\" data-id=\"f9b6053\" data-element_type=\"widget\" data-e-type=\"widget\" data-widget_type=\"spacer.default\">\n\t\t\t\t<div class=\"elementor-widget-container\">\n\t\t\t\t\t\t\t<div class=\"elementor-spacer\">\n\t\t\t<div class=\"elementor-spacer-inner\"><\/div>\n\t\t<\/div>\n\t\t\t\t\t\t<\/div>\n\t\t\t\t<\/div>\n\t\t\t\t\t<\/div>\n\t\t<\/div>\n\t\t\t\t\t<\/div>\n\t\t<\/section>\n\t\t\t\t<section class=\"elementor-section elementor-top-section elementor-element elementor-element-5dcd81d elementor-section-boxed elementor-section-height-default elementor-section-height-default\" data-id=\"5dcd81d\" data-element_type=\"section\" data-e-type=\"section\">\n\t\t\t\t\t\t<div class=\"elementor-container elementor-column-gap-default\">\n\t\t\t\t\t<div class=\"elementor-column elementor-col-100 elementor-top-column elementor-element elementor-element-8314f86\" data-id=\"8314f86\" data-element_type=\"column\" data-e-type=\"column\">\n\t\t\t<div class=\"elementor-widget-wrap elementor-element-populated\">\n\t\t\t\t\t\t<div class=\"elementor-element elementor-element-cdc7aa2 elementor-align-center elementor-widget elementor-widget-button\" data-id=\"cdc7aa2\" data-element_type=\"widget\" data-e-type=\"widget\" data-widget_type=\"button.default\">\n\t\t\t\t<div class=\"elementor-widget-container\">\n\t\t\t\t\t\t\t\t\t<div class=\"elementor-button-wrapper\">\n\t\t\t\t\t<a class=\"elementor-button elementor-button-link elementor-size-sm\" href=\"https:\/\/sawomedicus.de\/cms\/kontakt\/\">\n\t\t\t\t\t\t<span class=\"elementor-button-content-wrapper\">\n\t\t\t\t\t\t\t\t\t<span class=\"elementor-button-text\">KONTAKT<\/span>\n\t\t\t\t\t<\/span>\n\t\t\t\t\t<\/a>\n\t\t\t\t<\/div>\n\t\t\t\t\t\t\t\t<\/div>\n\t\t\t\t<\/div>\n\t\t\t\t\t<\/div>\n\t\t<\/div>\n\t\t\t\t\t<\/div>\n\t\t<\/section>\n\t\t\t\t<section class=\"elementor-section elementor-top-section elementor-element elementor-element-b4cc6de elementor-section-boxed elementor-section-height-default elementor-section-height-default\" data-id=\"b4cc6de\" data-element_type=\"section\" data-e-type=\"section\">\n\t\t\t\t\t\t<div class=\"elementor-container elementor-column-gap-default\">\n\t\t\t\t\t<div class=\"elementor-column elementor-col-100 elementor-top-column elementor-element elementor-element-3bbd2cf\" data-id=\"3bbd2cf\" data-element_type=\"column\" data-e-type=\"column\">\n\t\t\t<div class=\"elementor-widget-wrap elementor-element-populated\">\n\t\t\t\t\t\t<div class=\"elementor-element elementor-element-bcb1a26 elementor-widget elementor-widget-spacer\" data-id=\"bcb1a26\" data-element_type=\"widget\" data-e-type=\"widget\" data-widget_type=\"spacer.default\">\n\t\t\t\t<div class=\"elementor-widget-container\">\n\t\t\t\t\t\t\t<div class=\"elementor-spacer\">\n\t\t\t<div class=\"elementor-spacer-inner\"><\/div>\n\t\t<\/div>\n\t\t\t\t\t\t<\/div>\n\t\t\t\t<\/div>\n\t\t\t\t\t<\/div>\n\t\t<\/div>\n\t\t\t\t\t<\/div>\n\t\t<\/section>\n\t\t\t\t<section class=\"elementor-section elementor-top-section elementor-element elementor-element-89d45e6 elementor-section-boxed elementor-section-height-default elementor-section-height-default\" data-id=\"89d45e6\" data-element_type=\"section\" data-e-type=\"section\">\n\t\t\t\t\t\t<div class=\"elementor-container elementor-column-gap-default\">\n\t\t\t\t\t<div class=\"elementor-column elementor-col-100 elementor-top-column elementor-element elementor-element-4aee70a\" data-id=\"4aee70a\" data-element_type=\"column\" data-e-type=\"column\">\n\t\t\t<div class=\"elementor-widget-wrap elementor-element-populated\">\n\t\t\t\t\t\t<div class=\"elementor-element elementor-element-b33f4ce elementor-widget elementor-widget-text-editor\" data-id=\"b33f4ce\" data-element_type=\"widget\" data-e-type=\"widget\" data-widget_type=\"text-editor.default\">\n\t\t\t\t<div class=\"elementor-widget-container\">\n\t\t\t\t\t\t\t\t\t<h6><span style=\"color: #999999;\"><em><span style=\"font-weight: normal;\">via : <span style=\"font-size: 1rem;\">https:\/\/medidate.de\/faltenbehandlung\/kollagenbooster\/<\/span><\/span><\/em><\/span><\/h6>\t\t\t\t\t\t\t\t<\/div>\n\t\t\t\t<\/div>\n\t\t\t\t\t<\/div>\n\t\t<\/div>\n\t\t\t\t\t<\/div>\n\t\t<\/section>\n\t\t\t\t<\/div>\n\t\t","protected":false},"excerpt":{"rendered":"<p>Was ist die Collagen-Booster-Behandlung? Was ist Collagen? Collagen ist ein Eiwei\u00df, welches beim Menschen und beim Tier im Bindegewebe, in den Knochen, in den Z\u00e4hnen, in den Sehnen und den B\u00e4ndern vorkommt. Es ist ein wichtiger Bestandteil der Haut, der f\u00fcr die Elastizit\u00e4t verantwortlich ist. Im Laufe des Lebens nimmt der Collagen-Anteil immer weit ab &hellip; <\/p>\n<p class=\"link-more\"><a href=\"https:\/\/sawomedicus.de\/cms\/faltenunterspritzung-mit-kollagen\/\" class=\"more-link\">Continue reading<span class=\"screen-reader-text\"> &#8220;Faltenunterspritzung mit Collagen&#8221;<\/span><\/a><\/p>\n","protected":false},"author":4,"featured_media":0,"parent":0,"menu_order":0,"comment_status":"closed","ping_status":"closed","template":"","meta":{"footnotes":""},"class_list":["post-437","page","type-page","status-publish","hentry"],"_links":{"self":[{"href":"https:\/\/sawomedicus.de\/cms\/wp-json\/wp\/v2\/pages\/437","targetHints":{"allow":["GET"]}}],"collection":[{"href":"https:\/\/sawomedicus.de\/cms\/wp-json\/wp\/v2\/pages"}],"about":[{"href":"https:\/\/sawomedicus.de\/cms\/wp-json\/wp\/v2\/types\/page"}],"author":[{"embeddable":true,"href":"https:\/\/sawomedicus.de\/cms\/wp-json\/wp\/v2\/users\/4"}],"replies":[{"embeddable":true,"href":"https:\/\/sawomedicus.de\/cms\/wp-json\/wp\/v2\/comments?post=437"}],"version-history":[{"count":25,"href":"https:\/\/sawomedicus.de\/cms\/wp-json\/wp\/v2\/pages\/437\/revisions"}],"predecessor-version":[{"id":1664,"href":"https:\/\/sawomedicus.de\/cms\/wp-json\/wp\/v2\/pages\/437\/revisions\/1664"}],"wp:attachment":[{"href":"https:\/\/sawomedicus.de\/cms\/wp-json\/wp\/v2\/media?parent=437"}],"curies":[{"name":"wp","href":"https:\/\/api.w.org\/{rel}","templated":true}]}}