{"id":424,"date":"2019-11-27T09:39:48","date_gmt":"2019-11-27T09:39:48","guid":{"rendered":"http:\/\/sawomedicus.de\/cms\/?page_id=424"},"modified":"2020-01-29T12:47:10","modified_gmt":"2020-01-29T12:47:10","slug":"behandlung-mit-hyaluronsaure","status":"publish","type":"page","link":"https:\/\/sawomedicus.de\/cms\/behandlung-mit-hyaluronsaure\/","title":{"rendered":"Behandlung mit Hyalurons\u00e4ure"},"content":{"rendered":"\t\t<div data-elementor-type=\"wp-page\" data-elementor-id=\"424\" class=\"elementor elementor-424\">\n\t\t\t\t\t\t<section class=\"elementor-section elementor-top-section elementor-element elementor-element-431367df elementor-section-boxed elementor-section-height-default elementor-section-height-default\" data-id=\"431367df\" data-element_type=\"section\" data-e-type=\"section\">\n\t\t\t\t\t\t<div class=\"elementor-container elementor-column-gap-default\">\n\t\t\t\t\t<div class=\"elementor-column elementor-col-100 elementor-top-column elementor-element elementor-element-2d53e5\" data-id=\"2d53e5\" data-element_type=\"column\" data-e-type=\"column\">\n\t\t\t<div class=\"elementor-widget-wrap elementor-element-populated\">\n\t\t\t\t\t\t<div class=\"elementor-element elementor-element-699a15be elementor-widget elementor-widget-text-editor\" data-id=\"699a15be\" data-element_type=\"widget\" data-e-type=\"widget\" data-widget_type=\"text-editor.default\">\n\t\t\t\t<div class=\"elementor-widget-container\">\n\t\t\t\t\t\t\t\t\t<p><\/p>\n<h2 class=\"has-vivid-cyan-blue-color has-text-color has-text-align-center wp-block-heading\">Behandlung mit Hyalurons\u00e4ure<\/h2>\n<p><\/p>\n<p><\/p>\n<div style=\"height:20px\" aria-hidden=\"true\" class=\"wp-block-spacer\"><\/div>\n<p><\/p>\n<p><\/p>\n<div class=\"wp-block-image\">\n<figure class=\"aligncenter size-large is-resized\"><img fetchpriority=\"high\" decoding=\"async\" src=\"https:\/\/sawomedicus.de\/cms\/wp-content\/uploads\/2019\/11\/kisspng-computer-icons-joint-knee-bone-human-skeleton-bones-5ac847cfa25084.1482965015230750236649.png\" alt=\"\" class=\"wp-image-428\" width=\"370\" height=\"370\" srcset=\"https:\/\/sawomedicus.de\/cms\/wp-content\/uploads\/2019\/11\/kisspng-computer-icons-joint-knee-bone-human-skeleton-bones-5ac847cfa25084.1482965015230750236649.png 512w, https:\/\/sawomedicus.de\/cms\/wp-content\/uploads\/2019\/11\/kisspng-computer-icons-joint-knee-bone-human-skeleton-bones-5ac847cfa25084.1482965015230750236649-300x300.png 300w, https:\/\/sawomedicus.de\/cms\/wp-content\/uploads\/2019\/11\/kisspng-computer-icons-joint-knee-bone-human-skeleton-bones-5ac847cfa25084.1482965015230750236649-150x150.png 150w, https:\/\/sawomedicus.de\/cms\/wp-content\/uploads\/2019\/11\/kisspng-computer-icons-joint-knee-bone-human-skeleton-bones-5ac847cfa25084.1482965015230750236649-100x100.png 100w\" sizes=\"(max-width: 370px) 100vw, 370px\" \/><\/figure>\n<\/div>\n<p><\/p>\n<p><\/p>\n<div style=\"height:20px\" aria-hidden=\"true\" class=\"wp-block-spacer\"><\/div>\n<p><\/p>\n<p><\/p>\n<p>&nbsp; &nbsp; &nbsp; &nbsp; &nbsp; Nat\u00fcrliche Hyalurons\u00e4ure ist Hauptbestandteil der Gelenkfl\u00fcssigkeit (Synovia). Sie wirkt<br>schmierend und sto\u00dfd\u00e4mpfend bei allen Bewegungen und versorgt den Gelenkknorpel mit N\u00e4hrstoffen. Die Gelenkfl\u00fcssigkeit wird mit zunehmender Arthrose \u201ed\u00fcnner\u201c und die Hyalurons\u00e4urekonzentration in der Gelenkfl\u00fcssigkeit nimmt ab.<\/p>\n<p><\/p>\n<p><\/p>\n<p>&nbsp; &nbsp; &nbsp; &nbsp; &nbsp;Seit Anfang der 1990er Jahre wird biotechnologisch hergestellte Hyalurons\u00e4ure zur<br>Behandlung arthrotischer Gelenke verwendet. Sie wird direkt in das Gelenk injiziert und erg\u00e4nzt die krankhaft ver\u00e4nderte Gelenkfl\u00fcssigkeit. Dadurch f\u00fchrt sie zu einem verbesserten \u201eGleiten\u201c des Gelenks und verbesserter \u201eAbpufferung\u201c von St\u00f6\u00dfen bei Belastung (viskoelastischer Schutz) und Reduktion der Gelenkentz\u00fcndung.<\/p>\n<p><\/p>\n<p><\/p>\n<p>&nbsp; &nbsp; &nbsp; &nbsp; &nbsp;Hierbei ist zwischen hochmolekularen und niedrigmolekularen Hyalurons\u00e4uren zu<br>unterscheiden. Bei niedrigmolekularer Hyalurons\u00e4ure handelt es sich um eine Substanz, die sich hinsichtlich der Viskoelastizit\u00e4t nur gering von der Gelenkfl\u00fcssigkeit in einem Arthroseknie unterscheidet. Hochmolekulare Hyalurons\u00e4uren dagegen sind weiterverarbeitet und die einzelnen<br>Hyalurons\u00e4ure-Molek\u00fcle sind miteinander gekoppelt.<\/p>\n<p><\/p>\n<p><\/p>\n<p>&nbsp; &nbsp; &nbsp; &nbsp; &nbsp; Es gibt eine Vielzahl von Hyalurons\u00e4urepr\u00e4paraten, in unserer Praxis verwenden wir je nach Indikation&nbsp; (Erkrankungsart) und Gelenkgr\u00f6\u00dfe in der Regel 3 verschiedene, hochwertige Medizinprodukte\/ Hyalurons\u00e4uren, welche sich in ihren Eigenschaften unterscheiden.<\/p>\n<p><\/p>\n<p><\/p>\n<p class=\"has-text-color has-text-align-center has-vivid-cyan-blue-color\"><strong>Therapieablauf<\/strong><\/p>\n<p><\/p>\n<p><\/p>\n<p>&nbsp; &nbsp; &nbsp; &nbsp; &nbsp; Die Hyalurons\u00e4uretherapie umfasst \u2013 je nach Gelenk und Produkt \u2013 eine bis f\u00fcnf<br>Injektionen in das von Arthrose betroffene Gelenk. Diese werden in der Regel im w\u00f6chentlichen, manchmal auch im monatlichen Abstand, verabreicht. Zum Teil auch unter Ultraschallkontrolle. Nach der Behandlung sollten Sie starke Belastungen des Gelenkes f\u00fcr 48 Stunden vermeiden.<\/p>\n<p><\/p>\n<p><\/p>\n<p class=\"has-text-color has-text-align-center has-vivid-cyan-blue-color\"><strong>Information des Herstellers zu Synvisc\u00ae<\/strong><\/p>\n<p><\/p>\n<p><\/p>\n<p>&nbsp; &nbsp; &nbsp; &nbsp; &nbsp; Synvisc\u00ae ist eine weiterentwickelte Hyalurons\u00e4ure der zweiten Generation: Die einzelnen herk\u00f6mmlichen Hyalurons\u00e4ure-Molek\u00fcle sind untereinander gekoppelt (vernetzt), um die Eigenschaften der gesunden, menschlichen Gelenkfl\u00fcssigkeit optimal nachbilden zu k\u00f6nnen. Dadurch hat Synvisc\u00ae verbesserte sto\u00dfd\u00e4mpfende und schmierende Eigenschaften und verbleibt zudem l\u00e4nger im Gelenk als herk\u00f6mmliche unvernetzte Hyalurons\u00e4ure. Es regt die k\u00f6rpereigene Hyalurons\u00e4ureproduktion wieder an, so dass die Gelenke wieder in der Lage sind sich selbst zu sch\u00fctzen. <\/p>\n<p><\/p>\n<p><\/p>\n<p class=\"has-text-color has-text-align-center has-vivid-cyan-blue-color\"><strong>Kosteninformation<\/strong><\/p>\n<p><\/p>\n<p><\/p>\n<p class=\"has-text-align-center\">Die Behandlung mit Hyalurons\u00e4ure ist eine sog. IGEL-Leistung.<\/p>\n<p><\/p>\n<p><\/p>\n<div class=\"wp-block-button aligncenter\"><a class=\"wp-block-button__link has-background has-vivid-cyan-blue-background-color\" href=\"https:\/\/sawomedicus.de\/cms\/kontakt\/\">KONTAKT<\/a><\/div>\n<p><\/p>\t\t\t\t\t\t\t\t<\/div>\n\t\t\t\t<\/div>\n\t\t\t\t\t<\/div>\n\t\t<\/div>\n\t\t\t\t\t<\/div>\n\t\t<\/section>\n\t\t\t\t<\/div>\n\t\t","protected":false},"excerpt":{"rendered":"<p>Behandlung mit Hyalurons\u00e4ure &nbsp; &nbsp; &nbsp; &nbsp; &nbsp; Nat\u00fcrliche Hyalurons\u00e4ure ist Hauptbestandteil der Gelenkfl\u00fcssigkeit (Synovia). Sie wirktschmierend und sto\u00dfd\u00e4mpfend bei allen Bewegungen und versorgt den Gelenkknorpel mit N\u00e4hrstoffen. Die Gelenkfl\u00fcssigkeit wird mit zunehmender Arthrose \u201ed\u00fcnner\u201c und die Hyalurons\u00e4urekonzentration in der Gelenkfl\u00fcssigkeit nimmt ab. &nbsp; &nbsp; &nbsp; &nbsp; &nbsp;Seit Anfang der 1990er Jahre wird biotechnologisch hergestellte &hellip; <\/p>\n<p class=\"link-more\"><a href=\"https:\/\/sawomedicus.de\/cms\/behandlung-mit-hyaluronsaure\/\" class=\"more-link\">Continue reading<span class=\"screen-reader-text\"> &#8220;Behandlung mit Hyalurons\u00e4ure&#8221;<\/span><\/a><\/p>\n","protected":false},"author":4,"featured_media":0,"parent":0,"menu_order":0,"comment_status":"closed","ping_status":"closed","template":"","meta":{"footnotes":""},"class_list":["post-424","page","type-page","status-publish","hentry"],"_links":{"self":[{"href":"https:\/\/sawomedicus.de\/cms\/wp-json\/wp\/v2\/pages\/424","targetHints":{"allow":["GET"]}}],"collection":[{"href":"https:\/\/sawomedicus.de\/cms\/wp-json\/wp\/v2\/pages"}],"about":[{"href":"https:\/\/sawomedicus.de\/cms\/wp-json\/wp\/v2\/types\/page"}],"author":[{"embeddable":true,"href":"https:\/\/sawomedicus.de\/cms\/wp-json\/wp\/v2\/users\/4"}],"replies":[{"embeddable":true,"href":"https:\/\/sawomedicus.de\/cms\/wp-json\/wp\/v2\/comments?post=424"}],"version-history":[{"count":6,"href":"https:\/\/sawomedicus.de\/cms\/wp-json\/wp\/v2\/pages\/424\/revisions"}],"predecessor-version":[{"id":1071,"href":"https:\/\/sawomedicus.de\/cms\/wp-json\/wp\/v2\/pages\/424\/revisions\/1071"}],"wp:attachment":[{"href":"https:\/\/sawomedicus.de\/cms\/wp-json\/wp\/v2\/media?parent=424"}],"curies":[{"name":"wp","href":"https:\/\/api.w.org\/{rel}","templated":true}]}}