{"id":417,"date":"2019-11-27T09:21:09","date_gmt":"2019-11-27T09:21:09","guid":{"rendered":"http:\/\/sawomedicus.de\/cms\/?page_id=417"},"modified":"2022-12-30T11:25:43","modified_gmt":"2022-12-30T11:25:43","slug":"417-2","status":"publish","type":"page","link":"https:\/\/sawomedicus.de\/cms\/igel\/417-2\/","title":{"rendered":"BOTOX"},"content":{"rendered":"\t\t<div data-elementor-type=\"wp-page\" data-elementor-id=\"417\" class=\"elementor elementor-417\">\n\t\t\t\t\t\t<section class=\"elementor-section elementor-top-section elementor-element elementor-element-0e0573c elementor-section-boxed elementor-section-height-default elementor-section-height-default\" data-id=\"0e0573c\" data-element_type=\"section\" data-e-type=\"section\">\n\t\t\t\t\t\t<div class=\"elementor-container elementor-column-gap-default\">\n\t\t\t\t\t<div class=\"elementor-column elementor-col-100 elementor-top-column elementor-element elementor-element-fab0f8d\" data-id=\"fab0f8d\" data-element_type=\"column\" data-e-type=\"column\">\n\t\t\t<div class=\"elementor-widget-wrap elementor-element-populated\">\n\t\t\t\t\t\t<div class=\"elementor-element elementor-element-838c06e elementor-widget elementor-widget-text-editor\" data-id=\"838c06e\" data-element_type=\"widget\" data-e-type=\"widget\" data-widget_type=\"text-editor.default\">\n\t\t\t\t<div class=\"elementor-widget-container\">\n\t\t\t\t\t\t\t\t\t<h2 style=\"text-align: center;\"><span style=\"color: #2496d4;\">Botulinumtoxin zur Prophylaxe von Migr\u00e4ne und Spannungskopfschmerz<\/span><\/h2>\t\t\t\t\t\t\t\t<\/div>\n\t\t\t\t<\/div>\n\t\t\t\t\t<\/div>\n\t\t<\/div>\n\t\t\t\t\t<\/div>\n\t\t<\/section>\n\t\t\t\t<section class=\"elementor-section elementor-top-section elementor-element elementor-element-9482ee9 elementor-section-boxed elementor-section-height-default elementor-section-height-default\" data-id=\"9482ee9\" data-element_type=\"section\" data-e-type=\"section\">\n\t\t\t\t\t\t<div class=\"elementor-container elementor-column-gap-default\">\n\t\t\t\t\t<div class=\"elementor-column elementor-col-100 elementor-top-column elementor-element elementor-element-bb9e84b\" data-id=\"bb9e84b\" data-element_type=\"column\" data-e-type=\"column\">\n\t\t\t<div class=\"elementor-widget-wrap elementor-element-populated\">\n\t\t\t\t\t\t<div class=\"elementor-element elementor-element-385ba64 elementor-widget elementor-widget-image\" data-id=\"385ba64\" data-element_type=\"widget\" data-e-type=\"widget\" data-widget_type=\"image.default\">\n\t\t\t\t<div class=\"elementor-widget-container\">\n\t\t\t\t\t\t\t\t\t\t\t\t<figure class=\"wp-caption\">\n\t\t\t\t\t\t\t\t\t\t<img fetchpriority=\"high\" decoding=\"async\" width=\"740\" height=\"494\" src=\"https:\/\/sawomedicus.de\/cms\/wp-content\/uploads\/2020\/01\/7520-1024x683.jpg\" class=\"attachment-large size-large wp-image-1077\" alt=\"\" srcset=\"https:\/\/sawomedicus.de\/cms\/wp-content\/uploads\/2020\/01\/7520-1024x683.jpg 1024w, https:\/\/sawomedicus.de\/cms\/wp-content\/uploads\/2020\/01\/7520-300x200.jpg 300w, https:\/\/sawomedicus.de\/cms\/wp-content\/uploads\/2020\/01\/7520-768x512.jpg 768w, https:\/\/sawomedicus.de\/cms\/wp-content\/uploads\/2020\/01\/7520-1536x1024.jpg 1536w, https:\/\/sawomedicus.de\/cms\/wp-content\/uploads\/2020\/01\/7520-2048x1365.jpg 2048w\" sizes=\"100vw\" \/>\t\t\t\t\t\t\t\t\t\t\t<figcaption class=\"widget-image-caption wp-caption-text\"><a href=\"https:\/\/www.freepik.com\/free-photos-vectors\/woman\">Woman photo created by nensuria - www.freepik.com<\/a><\/figcaption>\n\t\t\t\t\t\t\t\t\t\t<\/figure>\n\t\t\t\t\t\t\t\t\t<\/div>\n\t\t\t\t<\/div>\n\t\t\t\t\t<\/div>\n\t\t<\/div>\n\t\t\t\t\t<\/div>\n\t\t<\/section>\n\t\t\t\t<section class=\"elementor-section elementor-top-section elementor-element elementor-element-72a24954 elementor-section-boxed elementor-section-height-default elementor-section-height-default\" data-id=\"72a24954\" data-element_type=\"section\" data-e-type=\"section\">\n\t\t\t\t\t\t<div class=\"elementor-container elementor-column-gap-default\">\n\t\t\t\t\t<div class=\"elementor-column elementor-col-100 elementor-top-column elementor-element elementor-element-3f758b6d\" data-id=\"3f758b6d\" data-element_type=\"column\" data-e-type=\"column\">\n\t\t\t<div class=\"elementor-widget-wrap elementor-element-populated\">\n\t\t\t\t\t\t<div class=\"elementor-element elementor-element-7bd04c25 elementor-widget elementor-widget-text-editor\" data-id=\"7bd04c25\" data-element_type=\"widget\" data-e-type=\"widget\" data-widget_type=\"text-editor.default\">\n\t\t\t\t<div class=\"elementor-widget-container\">\n\t\t\t\t\t\t\t\t\t<p><\/p>\n<p><\/p>\n<p><\/p>\n<p><\/p>\n<p><\/p>\n<p><\/p>\n<p><\/p>\n<p><\/p>\n<p class=\"has-text-align-left\">&nbsp; &nbsp; &nbsp; &nbsp; &nbsp; &nbsp; &nbsp; &nbsp;Vor Jahren schon gab es Berichte, dass Frauen, die sich wegen Falten kosmetisch mit Botulinumtoxin behandeln lie\u00dfen, in der Folgezeit \u00fcber eine Reduktion von Kopfschmerzen (sowohl Migr\u00e4ne als auch Spannungskopfschmerz) berichteten.<\/p>\n<p><\/p>\n<p><\/p>\n<p class=\"has-text-align-left\">&nbsp; &nbsp; &nbsp; &nbsp; &nbsp; &nbsp; &nbsp; &nbsp;Mehrere wissenschaftlich kontrollierte Studien konnten nachweisen, dass bei Patienten mit chronischer Migr\u00e4ne, nach Behandlung mit Botulinumtoxin, es zu einer signifikanten<br>Reduktion der Kopfschmerztage (- 2,3 Tage) kam.<\/p>\n<p><\/p>\n<p><\/p>\n<p class=\"has-text-align-left\">&nbsp; &nbsp; &nbsp; &nbsp; &nbsp; &nbsp; &nbsp; &nbsp;Bei chronischem Spannungskopfschmerz ergab sich ebenfalls eine leichte Reduktion (-1,43 Tage) der Kopfschmerztage, welche allerdings nicht signifikant war.<\/p>\n<p><\/p>\n<p><\/p>\n<p class=\"has-text-align-left\">&nbsp; &nbsp; &nbsp; &nbsp; &nbsp; &nbsp; &nbsp; &nbsp;Zugelassen ist Botulinumtoxin nur f\u00fcr die Behandlung der chronischen Migr\u00e4ne.<\/p>\n<p><\/p>\n<p><\/p>\n<p>&nbsp; &nbsp; &nbsp; &nbsp; &nbsp; &nbsp; &nbsp; &nbsp;Wenn Sie an chronischen Migr\u00e4nekopfschmerzen leiden und Sie keine ausreichende Schmerzlinderung durch andere Medikamente erfahren haben, kommt eine Behandlung mit Botulinumtoxine ggf. in Frage.<\/p>\n<p><\/p>\n<p><\/p>\n<p class=\"has-text-align-left\">&nbsp; &nbsp; &nbsp; &nbsp; &nbsp; &nbsp; &nbsp; &nbsp;Wir bieten Ihnen dieses Behandlungsverfahren seit Anfang 2013 in unserer Praxis an. <br>Bitte sprechen Sie uns an und vereinbaren Sie einen pers\u00f6nlichen Beratungstermin. <br>Die Kosten dieser Behandlung werden gem. der GO\u00c4 (privat) abgerechnet.<\/p>\n<p><\/p>\n<p><\/p>\n<div class=\"wp-block-button aligncenter\"><a class=\"wp-block-button__link has-background has-vivid-cyan-blue-background-color\" href=\"https:\/\/sawomedicus.de\/cms\/kontakt\/\">KONTAKT<\/a><\/div>\n<p><\/p>\t\t\t\t\t\t\t\t<\/div>\n\t\t\t\t<\/div>\n\t\t\t\t\t<\/div>\n\t\t<\/div>\n\t\t\t\t\t<\/div>\n\t\t<\/section>\n\t\t\t\t<\/div>\n\t\t","protected":false},"excerpt":{"rendered":"<p>Botulinumtoxin zur Prophylaxe von Migr\u00e4ne und Spannungskopfschmerz Woman photo created by nensuria &#8211; www.freepik.com &nbsp; &nbsp; &nbsp; &nbsp; &nbsp; &nbsp; &nbsp; &nbsp;Vor Jahren schon gab es Berichte, dass Frauen, die sich wegen Falten kosmetisch mit Botulinumtoxin behandeln lie\u00dfen, in der Folgezeit \u00fcber eine Reduktion von Kopfschmerzen (sowohl Migr\u00e4ne als auch Spannungskopfschmerz) berichteten. &nbsp; &nbsp; &nbsp; &hellip; <\/p>\n<p class=\"link-more\"><a href=\"https:\/\/sawomedicus.de\/cms\/igel\/417-2\/\" class=\"more-link\">Continue reading<span class=\"screen-reader-text\"> &#8220;BOTOX&#8221;<\/span><\/a><\/p>\n","protected":false},"author":4,"featured_media":0,"parent":380,"menu_order":0,"comment_status":"closed","ping_status":"closed","template":"","meta":{"footnotes":""},"class_list":["post-417","page","type-page","status-publish","hentry"],"_links":{"self":[{"href":"https:\/\/sawomedicus.de\/cms\/wp-json\/wp\/v2\/pages\/417","targetHints":{"allow":["GET"]}}],"collection":[{"href":"https:\/\/sawomedicus.de\/cms\/wp-json\/wp\/v2\/pages"}],"about":[{"href":"https:\/\/sawomedicus.de\/cms\/wp-json\/wp\/v2\/types\/page"}],"author":[{"embeddable":true,"href":"https:\/\/sawomedicus.de\/cms\/wp-json\/wp\/v2\/users\/4"}],"replies":[{"embeddable":true,"href":"https:\/\/sawomedicus.de\/cms\/wp-json\/wp\/v2\/comments?post=417"}],"version-history":[{"count":13,"href":"https:\/\/sawomedicus.de\/cms\/wp-json\/wp\/v2\/pages\/417\/revisions"}],"predecessor-version":[{"id":1655,"href":"https:\/\/sawomedicus.de\/cms\/wp-json\/wp\/v2\/pages\/417\/revisions\/1655"}],"up":[{"embeddable":true,"href":"https:\/\/sawomedicus.de\/cms\/wp-json\/wp\/v2\/pages\/380"}],"wp:attachment":[{"href":"https:\/\/sawomedicus.de\/cms\/wp-json\/wp\/v2\/media?parent=417"}],"curies":[{"name":"wp","href":"https:\/\/api.w.org\/{rel}","templated":true}]}}