{"id":400,"date":"2019-11-26T17:44:27","date_gmt":"2019-11-26T17:44:27","guid":{"rendered":"http:\/\/sawomedicus.de\/cms\/?page_id=400"},"modified":"2020-02-25T11:41:52","modified_gmt":"2020-02-25T11:41:52","slug":"links","status":"publish","type":"page","link":"https:\/\/sawomedicus.de\/cms\/links\/","title":{"rendered":"Links"},"content":{"rendered":"\t\t<div data-elementor-type=\"wp-page\" data-elementor-id=\"400\" class=\"elementor elementor-400\">\n\t\t\t\t\t\t<section class=\"elementor-section elementor-top-section elementor-element elementor-element-72797859 elementor-section-boxed elementor-section-height-default elementor-section-height-default\" data-id=\"72797859\" data-element_type=\"section\" data-e-type=\"section\">\n\t\t\t\t\t\t<div class=\"elementor-container elementor-column-gap-default\">\n\t\t\t\t\t<div class=\"elementor-column elementor-col-100 elementor-top-column elementor-element elementor-element-590e81f6\" data-id=\"590e81f6\" data-element_type=\"column\" data-e-type=\"column\">\n\t\t\t<div class=\"elementor-widget-wrap elementor-element-populated\">\n\t\t\t\t\t\t<div class=\"elementor-element elementor-element-3eb6ab47 elementor-widget elementor-widget-text-editor\" data-id=\"3eb6ab47\" data-element_type=\"widget\" data-e-type=\"widget\" data-widget_type=\"text-editor.default\">\n\t\t\t\t<div class=\"elementor-widget-container\">\n\t\t\t\t\t\t\t\t\t<h2 style=\"text-align: center;\"><span style=\"color: #0c7294;\">Weitere interessante Links finden Sie in der Rubrik<\/span><\/h2>\n<p><!-- \/wp:heading --><!-- wp:spacer {\"height\":31} --><!-- \/wp:spacer --><!-- wp:paragraph --><\/p>\n<p><strong>Institut f\u00fcr Allgemeinmedizin Frankfurt Goethe Universit\u00e4t<\/strong><br \/><img decoding=\"async\" class=\"emoji\" role=\"img\" draggable=\"false\" src=\"https:\/\/s.w.org\/images\/core\/emoji\/12.0.0-1\/svg\/1f517.svg\" alt=\"\ud83d\udd17\" \/> <a href=\"http:\/\/www.allgemeinmedizin.uni-frankfurt.de\/\">http:\/\/www.allgemeinmedizin.uni-frankfurt.de\/<\/a><\/p>\n<p><strong>Wikipedia Medizin-Portal<\/strong><br \/><img decoding=\"async\" class=\"emoji\" role=\"img\" draggable=\"false\" src=\"https:\/\/s.w.org\/images\/core\/emoji\/12.0.0-1\/svg\/1f517.svg\" alt=\"\ud83d\udd17\" \/> <a href=\"http:\/\/de.wikipedia.org\/wiki\/Portal:Medizin\" target=\"_blank\" rel=\"noreferrer noopener\">de.wikipedia.org\/wiki\/Portal:Medizin<\/a><\/p>\n<p><strong>Fettrechner Kalorientabelle<\/strong><br \/><img decoding=\"async\" class=\"emoji\" role=\"img\" draggable=\"false\" src=\"https:\/\/s.w.org\/images\/core\/emoji\/12.0.0-1\/svg\/1f517.svg\" alt=\"\ud83d\udd17\" \/> <a href=\"http:\/\/www.fettrechner.de\/\" target=\"_blank\" rel=\"noreferrer noopener\">www.fettrechner.de<\/a><\/p>\n<p><strong>Netdoktor<\/strong><br \/><img decoding=\"async\" class=\"emoji\" role=\"img\" draggable=\"false\" src=\"https:\/\/s.w.org\/images\/core\/emoji\/12.0.0-1\/svg\/1f517.svg\" alt=\"\ud83d\udd17\" \/> <a href=\"http:\/\/www.netdoktor.de\/\" target=\"_blank\" rel=\"noreferrer noopener\">www.netdoktor.de<\/a><\/p>\n<p><strong>Berufsverband Deutscher Internisten<\/strong><br \/><img decoding=\"async\" class=\"emoji\" role=\"img\" draggable=\"false\" src=\"https:\/\/s.w.org\/images\/core\/emoji\/12.0.0-1\/svg\/1f517.svg\" alt=\"\ud83d\udd17\" \/><a href=\"http:\/\/www.bdi.de\/bdi\" target=\"_blank\" rel=\"noreferrer noopener\">www.bdi.de\/bdi<\/a><\/p>\n<p><strong>Deutsche Zeitschrift f\u00fcr Sportmedizin<\/strong><br \/><img decoding=\"async\" class=\"emoji\" role=\"img\" draggable=\"false\" src=\"https:\/\/s.w.org\/images\/core\/emoji\/12.0.0-1\/svg\/1f517.svg\" alt=\"\ud83d\udd17\" \/> <a href=\"http:\/\/www.zeitschrift-sportmedizin.de\/\" target=\"_blank\" rel=\"noreferrer noopener\">www.zeitschrift-sportmedizin.de<\/a><\/p>\n<p><strong>Gesundheitswerkstatt: Sport und Sportverletzungen<\/strong><br \/><img decoding=\"async\" class=\"emoji\" role=\"img\" draggable=\"false\" src=\"https:\/\/s.w.org\/images\/core\/emoji\/12.0.0-1\/svg\/1f517.svg\" alt=\"\ud83d\udd17\" \/> <a href=\"http:\/\/www.gesundheitswerkstatt.de\/gesundheitstipp\/sportverletzungen\/sport.und.sportverletzungen.html?#\" target=\"_blank\" rel=\"noreferrer noopener\">www.gesundheitswerkstatt.de<\/a><\/p>\n<p><strong>Bundes\u00e4rztekammer<\/strong><br \/><img decoding=\"async\" class=\"emoji\" role=\"img\" draggable=\"false\" src=\"https:\/\/s.w.org\/images\/core\/emoji\/12.0.0-1\/svg\/1f517.svg\" alt=\"\ud83d\udd17\" \/><a href=\"https:\/\/www.bundesaerztekammer.de\/\">https:\/\/www.bundesaerztekammer.de\/<\/a><br \/><strong><br \/>Gesellschaft f\u00fcr Tauch- und \u00dcberdruckmedizin<\/strong><br \/><img decoding=\"async\" class=\"emoji\" role=\"img\" draggable=\"false\" src=\"https:\/\/s.w.org\/images\/core\/emoji\/12.0.0-1\/svg\/1f517.svg\" alt=\"\ud83d\udd17\" \/> <a href=\"http:\/\/www.gtuem.org\/\" target=\"_blank\" rel=\"noreferrer noopener\">www.gtuem.org<\/a><\/p>\n<p><strong>Reisemedizinischer Infoservice<\/strong><br \/><img decoding=\"async\" class=\"emoji\" role=\"img\" draggable=\"false\" src=\"https:\/\/s.w.org\/images\/core\/emoji\/12.0.0-1\/svg\/1f517.svg\" alt=\"\ud83d\udd17\" \/> <a href=\"http:\/\/www.fit-for-travel.de\/\" target=\"_blank\" rel=\"noreferrer noopener\">www.fit-for-travel.de<\/a><\/p>\n<p><strong>Ausw\u00e4rtiges Amt<\/strong><br \/><img decoding=\"async\" class=\"emoji\" role=\"img\" draggable=\"false\" src=\"https:\/\/s.w.org\/images\/core\/emoji\/12.0.0-1\/svg\/1f517.svg\" alt=\"\ud83d\udd17\" \/> <a href=\"http:\/\/www.auswaertiges-amt.de\/\" target=\"_blank\" rel=\"noreferrer noopener\">www.auswaertiges-amt.de<\/a><\/p>\n<p><strong>Bundeszentrale f\u00fcr gesundheitliche Aufkl\u00e4rung<\/strong><br \/><img decoding=\"async\" class=\"emoji\" role=\"img\" draggable=\"false\" src=\"https:\/\/s.w.org\/images\/core\/emoji\/12.0.0-1\/svg\/1f517.svg\" alt=\"\ud83d\udd17\" \/> <a href=\"http:\/\/www.bzga.de\/\" target=\"_blank\" rel=\"noreferrer noopener\">www.bzga.de<\/a><\/p>\n<p><strong>Medizin-Auskunft<\/strong><br \/><img decoding=\"async\" class=\"emoji\" role=\"img\" draggable=\"false\" src=\"https:\/\/s.w.org\/images\/core\/emoji\/12.0.0-1\/svg\/1f517.svg\" alt=\"\ud83d\udd17\" \/> <a href=\"http:\/\/www.medizinauskunft.de\/\" target=\"_blank\" rel=\"noreferrer noopener\">www.medizinauskunft.de<\/a><\/p>\n<p><strong>Meine Gesundheit<\/strong><br \/><img decoding=\"async\" class=\"emoji\" role=\"img\" draggable=\"false\" src=\"https:\/\/s.w.org\/images\/core\/emoji\/12.0.0-1\/svg\/1f517.svg\" alt=\"\ud83d\udd17\" \/> <a href=\"http:\/\/www.meine-gesundheit.de\/\" target=\"_blank\" rel=\"noreferrer noopener\">www.meine-gesundheit.de<\/a><\/p>\n<p><strong>Robert-Koch-Institut<\/strong><br \/><img decoding=\"async\" class=\"emoji\" role=\"img\" draggable=\"false\" src=\"https:\/\/s.w.org\/images\/core\/emoji\/12.0.0-1\/svg\/1f517.svg\" alt=\"\ud83d\udd17\" \/> <a href=\"http:\/\/www.rki.de\/\" target=\"_blank\" rel=\"noreferrer noopener\">www.rki.de<\/a><br \/>(Empfehlungen der STIKO = Empfehlungen der St\u00e4ndigen Impfkommision)<\/p>\n<p><strong>Weltgesundheitsorganisation<\/strong><br \/><img decoding=\"async\" class=\"emoji\" role=\"img\" draggable=\"false\" src=\"https:\/\/s.w.org\/images\/core\/emoji\/12.0.0-1\/svg\/1f517.svg\" alt=\"\ud83d\udd17\" \/> <a href=\"http:\/\/www.who.int\/\" target=\"_blank\" rel=\"noreferrer noopener\">www.who.int<\/a><\/p>\n<p><strong>Center for Disease Control<\/strong><br \/><img decoding=\"async\" class=\"emoji\" role=\"img\" draggable=\"false\" src=\"https:\/\/s.w.org\/images\/core\/emoji\/12.0.0-1\/svg\/1f517.svg\" alt=\"\ud83d\udd17\" \/> <a href=\"http:\/\/www.cdc.gov\/\" target=\"_blank\" rel=\"noreferrer noopener\">www.cdc.gov<\/a><\/p>\n<p><strong>Deutsche Herzstiftung<\/strong><br \/><img decoding=\"async\" class=\"emoji\" role=\"img\" draggable=\"false\" src=\"https:\/\/s.w.org\/images\/core\/emoji\/12.0.0-1\/svg\/1f517.svg\" alt=\"\ud83d\udd17\" \/> <a href=\"http:\/\/www.herzstiftung.de\/\" target=\"_blank\" rel=\"noreferrer noopener\">www.herzstiftung.de<\/a><\/p>\n<p><strong>Pollenflugkalender<\/strong><br \/><img decoding=\"async\" class=\"emoji\" role=\"img\" draggable=\"false\" src=\"https:\/\/s.w.org\/images\/core\/emoji\/12.0.0-1\/svg\/1f517.svg\" alt=\"\ud83d\udd17\" \/> <a href=\"http:\/\/www.meteoros.de\/pollen\/kalender.htm\" target=\"_blank\" rel=\"noreferrer noopener\">www.meteoros.de\/pollen\/kalender.ht<\/a><\/p>\n<p><strong>Das Hilfetelefon<br \/><img decoding=\"async\" class=\"emoji\" role=\"img\" draggable=\"false\" src=\"https:\/\/s.w.org\/images\/core\/emoji\/12.0.0-1\/svg\/1f517.svg\" alt=\"\ud83d\udd17\" \/><\/strong><a style=\"background-color: #ffffff; font-size: 1rem;\" href=\"https:\/\/www.hilfetelefon.de\/das-hilfetelefon.html\">\u00a0https:\/\/www.hilfetelefon.de\/das-hilfetelefon.html<\/a><\/p>\n<p><strong>Verein f\u00fcr Sport und Gesundheit Darmstadt<br \/><img decoding=\"async\" class=\"emoji\" role=\"img\" draggable=\"false\" src=\"https:\/\/s.w.org\/images\/core\/emoji\/12.0.0-1\/svg\/1f517.svg\" alt=\"\ud83d\udd17\" \/> <\/strong><a href=\"https:\/\/www.vsg-darmstadt.de\/\">https:\/\/www.vsg-darmstadt.de\/<\/a><\/p>\n<p><strong>International Society for Infections Diseases<br \/><img decoding=\"async\" class=\"emoji\" role=\"img\" draggable=\"false\" src=\"https:\/\/s.w.org\/images\/core\/emoji\/12.0.0-1\/svg\/1f517.svg\" alt=\"\ud83d\udd17\" \/><\/strong><a href=\"https:\/\/isid.org\/\"> https:\/\/isid.org\/<\/a><\/p>\n<p><strong>Deutsche Rentenversicherung<br \/><img decoding=\"async\" class=\"emoji\" role=\"img\" draggable=\"false\" src=\"https:\/\/s.w.org\/images\/core\/emoji\/12.0.0-1\/svg\/1f517.svg\" alt=\"\ud83d\udd17\" \/> <\/strong><a href=\"https:\/\/www.deutsche-rentenversicherung.de\/DRV\/DE\/Home\/home_node.html;jsessionid=A2BCD2F3B780A925726DEC626C8B61A7.delivery2-3-replication\">https:\/\/www.deutsche-rentenversicherung.de\/DRV\/DE\/Home\/home_node.html;jsessionid=A2BCD2F3B780A925726DEC626C8B61A7.delivery2-3-replication<\/a><\/p>\n<p><strong>Bundesgesundheitsministerium<br \/><img decoding=\"async\" class=\"emoji\" role=\"img\" draggable=\"false\" src=\"https:\/\/s.w.org\/images\/core\/emoji\/12.0.0-1\/svg\/1f517.svg\" alt=\"\ud83d\udd17\" \/> <\/strong><a href=\"https:\/\/www.bundesgesundheitsministerium.de\/\">https:\/\/www.bundesgesundheitsministerium.de\/<\/a><\/p>\n<p><strong>Gesundheitsamt f\u00fcr Darmstadt-Dieburg<br \/><img decoding=\"async\" class=\"emoji\" role=\"img\" draggable=\"false\" src=\"https:\/\/s.w.org\/images\/core\/emoji\/12.0.0-1\/svg\/1f517.svg\" alt=\"\ud83d\udd17\" \/> <\/strong><a href=\"https:\/\/www.gesundheitsamt-dadi.de\/\">https:\/\/www.gesundheitsamt-dadi.de\/<\/a><\/p>\n<p><strong>Amnesty International<br \/><img decoding=\"async\" class=\"emoji\" role=\"img\" draggable=\"false\" src=\"https:\/\/s.w.org\/images\/core\/emoji\/12.0.0-1\/svg\/1f517.svg\" alt=\"\ud83d\udd17\" \/> <\/strong><a href=\"https:\/\/www.amnesty.de\/\">https:\/\/www.amnesty.de\/<\/a><\/p>\n<p><strong>Doctors Without Borders (\u00c4rzte ohne Grenzen)<br \/><img decoding=\"async\" class=\"emoji\" role=\"img\" draggable=\"false\" src=\"https:\/\/s.w.org\/images\/core\/emoji\/12.0.0-1\/svg\/1f517.svg\" alt=\"\ud83d\udd17\" \/> <\/strong><a href=\"https:\/\/www.aerzte-ohne-grenzen.de\/\">https:\/\/www.aerzte-ohne-grenzen.de\/<\/a><\/p>\n<p><strong>Organspende<br \/><img decoding=\"async\" class=\"emoji\" role=\"img\" draggable=\"false\" src=\"https:\/\/s.w.org\/images\/core\/emoji\/12.0.0-1\/svg\/1f517.svg\" alt=\"\ud83d\udd17\" \/> <\/strong><a href=\"https:\/\/www.organspende-info.de\/start.html\">https:\/\/www.organspende-info.de\/start.html<\/a><\/p>\n<p><!-- \/wp:paragraph --><\/p>\t\t\t\t\t\t\t\t<\/div>\n\t\t\t\t<\/div>\n\t\t\t\t\t<\/div>\n\t\t<\/div>\n\t\t\t\t\t<\/div>\n\t\t<\/section>\n\t\t\t\t<\/div>\n\t\t","protected":false},"excerpt":{"rendered":"<p>Weitere interessante Links finden Sie in der Rubrik Institut f\u00fcr Allgemeinmedizin Frankfurt Goethe Universit\u00e4t http:\/\/www.allgemeinmedizin.uni-frankfurt.de\/ Wikipedia Medizin-Portal de.wikipedia.org\/wiki\/Portal:Medizin Fettrechner Kalorientabelle www.fettrechner.de Netdoktor www.netdoktor.de Berufsverband Deutscher Internistenwww.bdi.de\/bdi Deutsche Zeitschrift f\u00fcr Sportmedizin www.zeitschrift-sportmedizin.de Gesundheitswerkstatt: Sport und Sportverletzungen www.gesundheitswerkstatt.de Bundes\u00e4rztekammerhttps:\/\/www.bundesaerztekammer.de\/Gesellschaft f\u00fcr Tauch- und \u00dcberdruckmedizin www.gtuem.org Reisemedizinischer Infoservice www.fit-for-travel.de Ausw\u00e4rtiges Amt www.auswaertiges-amt.de Bundeszentrale f\u00fcr gesundheitliche Aufkl\u00e4rung www.bzga.de Medizin-Auskunft www.medizinauskunft.de &hellip; <\/p>\n<p class=\"link-more\"><a href=\"https:\/\/sawomedicus.de\/cms\/links\/\" class=\"more-link\">Continue reading<span class=\"screen-reader-text\"> &#8220;Links&#8221;<\/span><\/a><\/p>\n","protected":false},"author":4,"featured_media":0,"parent":0,"menu_order":0,"comment_status":"closed","ping_status":"closed","template":"","meta":{"footnotes":""},"class_list":["post-400","page","type-page","status-publish","hentry"],"_links":{"self":[{"href":"https:\/\/sawomedicus.de\/cms\/wp-json\/wp\/v2\/pages\/400","targetHints":{"allow":["GET"]}}],"collection":[{"href":"https:\/\/sawomedicus.de\/cms\/wp-json\/wp\/v2\/pages"}],"about":[{"href":"https:\/\/sawomedicus.de\/cms\/wp-json\/wp\/v2\/types\/page"}],"author":[{"embeddable":true,"href":"https:\/\/sawomedicus.de\/cms\/wp-json\/wp\/v2\/users\/4"}],"replies":[{"embeddable":true,"href":"https:\/\/sawomedicus.de\/cms\/wp-json\/wp\/v2\/comments?post=400"}],"version-history":[{"count":16,"href":"https:\/\/sawomedicus.de\/cms\/wp-json\/wp\/v2\/pages\/400\/revisions"}],"predecessor-version":[{"id":1142,"href":"https:\/\/sawomedicus.de\/cms\/wp-json\/wp\/v2\/pages\/400\/revisions\/1142"}],"wp:attachment":[{"href":"https:\/\/sawomedicus.de\/cms\/wp-json\/wp\/v2\/media?parent=400"}],"curies":[{"name":"wp","href":"https:\/\/api.w.org\/{rel}","templated":true}]}}