{"id":352,"date":"2019-11-25T17:24:05","date_gmt":"2019-11-25T17:24:05","guid":{"rendered":"http:\/\/sawomedicus.de\/cms\/?page_id=352"},"modified":"2021-04-08T16:18:22","modified_gmt":"2021-04-08T16:18:22","slug":"jugendvorsorgeuntersuchung","status":"publish","type":"page","link":"https:\/\/sawomedicus.de\/cms\/jugendvorsorgeuntersuchung\/","title":{"rendered":"Jugendvorsorgeuntersuchung"},"content":{"rendered":"\n<h2 class=\"has-text-align-center has-vivid-cyan-blue-color has-text-color wp-block-heading\">Jugendvorsorgeuntersuchung <\/h2>\n\n\n\n<div class=\"wp-block-image\"><figure class=\"aligncenter size-large is-resized\"><img fetchpriority=\"high\" decoding=\"async\" src=\"https:\/\/sawomedicus.de\/cms\/wp-content\/uploads\/2019\/12\/image-stock-photography-design-internet-of-things-teenager-removebg-preview-1.png\" alt=\"\" class=\"wp-image-510\" width=\"306\" height=\"397\"\/><\/figure><\/div>\n\n\n\n<p>Die Krankenkassen bieten eine <strong>Fr\u00fcherkennungsuntersuchung<\/strong> f\u00fcr alle Jugendliche <strong>zwischen dem 16. und 17.<\/strong> <strong>Lebensjahr<\/strong> an. Die Teilnahme ist freiwillig.<\/p>\n\n\n\n<p class=\"has-text-align-center has-vivid-cyan-blue-color has-text-color\">Inhalte dieser\nVorsorgeuntersuchung:<\/p>\n\n\n\n<ul class=\"wp-block-list\"><li>Kontrolle des Impfpasses und ggf. Auffrischungsimpfungen<\/li><li>Beratung zur Berufswahl bei Allergien und gesundheitlichen St\u00f6rungen <\/li><li>Erfassung chronischer Erkrankungen oder Behinderungen<\/li><li>Er\u00f6rterung von Schulleistungsproblemen<\/li><li>Erfassung von Essst\u00f6rungen<\/li><li>Diabetes Vorsorge<\/li><li>Messung von Gr\u00f6\u00dfe, Gewicht und Blutdruck<\/li><li>Erfassung von Haltungsst\u00f6rungen (z.B. Skoliose)<\/li><li>Erfassung von Fehlsichtigkeit<\/li><li>Beratung zu Nikotin-, Alkohol- und Drogenmissbrauch<\/li><li>Sexualmedizinische Beratung (Verh\u00fctung, \u201ePille danach\u201c, HIV etc.)<\/li><\/ul>\n\n\n\n<p>Die pr\u00e4ventive Untersuchung wird in vollen Umfang von den Krankenkassen \u00fcbernommen. Der Zeitaufwand betr\u00e4gt nur etwa 20 min. Zum Termin ben\u00f6tigen wir den Impfausweis.<\/p>\n\n\n\n<p class=\"has-text-align-center\">Bei Fragen stehen wir Eltern und\nJugendlichen gerne zur Verf\u00fcgung.<\/p>\n","protected":false},"excerpt":{"rendered":"<p>Jugendvorsorgeuntersuchung Die Krankenkassen bieten eine Fr\u00fcherkennungsuntersuchung f\u00fcr alle Jugendliche zwischen dem 16. und 17. Lebensjahr an. Die Teilnahme ist freiwillig. Inhalte dieser Vorsorgeuntersuchung: Kontrolle des Impfpasses und ggf. Auffrischungsimpfungen Beratung zur Berufswahl bei Allergien und gesundheitlichen St\u00f6rungen Erfassung chronischer Erkrankungen oder Behinderungen Er\u00f6rterung von Schulleistungsproblemen Erfassung von Essst\u00f6rungen Diabetes Vorsorge Messung von Gr\u00f6\u00dfe, Gewicht und &hellip; <\/p>\n<p class=\"link-more\"><a href=\"https:\/\/sawomedicus.de\/cms\/jugendvorsorgeuntersuchung\/\" class=\"more-link\">Continue reading<span class=\"screen-reader-text\"> &#8220;Jugendvorsorgeuntersuchung&#8221;<\/span><\/a><\/p>\n","protected":false},"author":4,"featured_media":0,"parent":0,"menu_order":0,"comment_status":"closed","ping_status":"closed","template":"","meta":{"footnotes":""},"class_list":["post-352","page","type-page","status-publish","hentry"],"_links":{"self":[{"href":"https:\/\/sawomedicus.de\/cms\/wp-json\/wp\/v2\/pages\/352","targetHints":{"allow":["GET"]}}],"collection":[{"href":"https:\/\/sawomedicus.de\/cms\/wp-json\/wp\/v2\/pages"}],"about":[{"href":"https:\/\/sawomedicus.de\/cms\/wp-json\/wp\/v2\/types\/page"}],"author":[{"embeddable":true,"href":"https:\/\/sawomedicus.de\/cms\/wp-json\/wp\/v2\/users\/4"}],"replies":[{"embeddable":true,"href":"https:\/\/sawomedicus.de\/cms\/wp-json\/wp\/v2\/comments?post=352"}],"version-history":[{"count":7,"href":"https:\/\/sawomedicus.de\/cms\/wp-json\/wp\/v2\/pages\/352\/revisions"}],"predecessor-version":[{"id":1469,"href":"https:\/\/sawomedicus.de\/cms\/wp-json\/wp\/v2\/pages\/352\/revisions\/1469"}],"wp:attachment":[{"href":"https:\/\/sawomedicus.de\/cms\/wp-json\/wp\/v2\/media?parent=352"}],"curies":[{"name":"wp","href":"https:\/\/api.w.org\/{rel}","templated":true}]}}