{"id":307,"date":"2019-11-25T15:46:34","date_gmt":"2019-11-25T15:46:34","guid":{"rendered":"http:\/\/sawomedicus.de\/cms\/?page_id=307"},"modified":"2022-12-30T10:49:53","modified_gmt":"2022-12-30T10:49:53","slug":"trendsport-tauchen-die-unterschatzte-gefahr","status":"publish","type":"page","link":"https:\/\/sawomedicus.de\/cms\/tauglichkeitsuntersuchung-fur-sporttaucher\/trendsport-tauchen-die-unterschatzte-gefahr\/","title":{"rendered":"Trendsport Tauchen: Die untersch\u00e4tzte Gefahr ?"},"content":{"rendered":"\t\t<div data-elementor-type=\"wp-page\" data-elementor-id=\"307\" class=\"elementor elementor-307\">\n\t\t\t\t\t\t<section class=\"elementor-section elementor-top-section elementor-element elementor-element-7f9dd0d elementor-section-stretched elementor-section-boxed elementor-section-height-default elementor-section-height-default\" data-id=\"7f9dd0d\" data-element_type=\"section\" data-e-type=\"section\" data-settings=\"{&quot;stretch_section&quot;:&quot;section-stretched&quot;}\">\n\t\t\t\t\t\t<div class=\"elementor-container elementor-column-gap-default\">\n\t\t\t\t\t<div class=\"elementor-column elementor-col-100 elementor-top-column elementor-element elementor-element-6444e57\" data-id=\"6444e57\" data-element_type=\"column\" data-e-type=\"column\">\n\t\t\t<div class=\"elementor-widget-wrap elementor-element-populated\">\n\t\t\t\t\t\t<div class=\"elementor-element elementor-element-55e0929 elementor-widget elementor-widget-heading\" data-id=\"55e0929\" data-element_type=\"widget\" data-e-type=\"widget\" data-widget_type=\"heading.default\">\n\t\t\t\t<div class=\"elementor-widget-container\">\n\t\t\t\t\t<h2 class=\"elementor-heading-title elementor-size-large\">DIE UNTERSCH\u00c4TZTE GEFAHR ?<\/h2>\t\t\t\t<\/div>\n\t\t\t\t<\/div>\n\t\t\t\t\t<\/div>\n\t\t<\/div>\n\t\t\t\t\t<\/div>\n\t\t<\/section>\n\t\t\t\t<section class=\"elementor-section elementor-top-section elementor-element elementor-element-8aa6aaa elementor-section-stretched elementor-section-boxed elementor-section-height-default elementor-section-height-default\" data-id=\"8aa6aaa\" data-element_type=\"section\" data-e-type=\"section\" data-settings=\"{&quot;stretch_section&quot;:&quot;section-stretched&quot;}\">\n\t\t\t\t\t\t<div class=\"elementor-container elementor-column-gap-default\">\n\t\t\t\t\t<div class=\"elementor-column elementor-col-100 elementor-top-column elementor-element elementor-element-4d16e56\" data-id=\"4d16e56\" data-element_type=\"column\" data-e-type=\"column\">\n\t\t\t<div class=\"elementor-widget-wrap elementor-element-populated\">\n\t\t\t\t\t\t<div class=\"elementor-element elementor-element-3336dbe elementor-widget elementor-widget-spacer\" data-id=\"3336dbe\" data-element_type=\"widget\" data-e-type=\"widget\" data-widget_type=\"spacer.default\">\n\t\t\t\t<div class=\"elementor-widget-container\">\n\t\t\t\t\t\t\t<div class=\"elementor-spacer\">\n\t\t\t<div class=\"elementor-spacer-inner\"><\/div>\n\t\t<\/div>\n\t\t\t\t\t\t<\/div>\n\t\t\t\t<\/div>\n\t\t\t\t\t<\/div>\n\t\t<\/div>\n\t\t\t\t\t<\/div>\n\t\t<\/section>\n\t\t\t\t<section class=\"elementor-section elementor-top-section elementor-element elementor-element-68547cc elementor-section-boxed elementor-section-height-default elementor-section-height-default\" data-id=\"68547cc\" data-element_type=\"section\" data-e-type=\"section\">\n\t\t\t\t\t\t<div class=\"elementor-container elementor-column-gap-default\">\n\t\t\t\t\t<div class=\"elementor-column elementor-col-100 elementor-top-column elementor-element elementor-element-50ce446\" data-id=\"50ce446\" data-element_type=\"column\" data-e-type=\"column\">\n\t\t\t<div class=\"elementor-widget-wrap elementor-element-populated\">\n\t\t\t\t\t\t\t<\/div>\n\t\t<\/div>\n\t\t\t\t\t<\/div>\n\t\t<\/section>\n\t\t\t\t<section class=\"elementor-section elementor-top-section elementor-element elementor-element-80fc8af elementor-section-stretched elementor-section-boxed elementor-section-height-default elementor-section-height-default\" data-id=\"80fc8af\" data-element_type=\"section\" data-e-type=\"section\" data-settings=\"{&quot;stretch_section&quot;:&quot;section-stretched&quot;}\">\n\t\t\t\t\t\t<div class=\"elementor-container elementor-column-gap-default\">\n\t\t\t\t\t<div class=\"elementor-column elementor-col-100 elementor-top-column elementor-element elementor-element-a685431\" data-id=\"a685431\" data-element_type=\"column\" data-e-type=\"column\">\n\t\t\t<div class=\"elementor-widget-wrap elementor-element-populated\">\n\t\t\t\t\t\t<div class=\"elementor-element elementor-element-e47ce38 elementor-widget elementor-widget-spacer\" data-id=\"e47ce38\" data-element_type=\"widget\" data-e-type=\"widget\" data-widget_type=\"spacer.default\">\n\t\t\t\t<div class=\"elementor-widget-container\">\n\t\t\t\t\t\t\t<div class=\"elementor-spacer\">\n\t\t\t<div class=\"elementor-spacer-inner\"><\/div>\n\t\t<\/div>\n\t\t\t\t\t\t<\/div>\n\t\t\t\t<\/div>\n\t\t\t\t\t<\/div>\n\t\t<\/div>\n\t\t\t\t\t<\/div>\n\t\t<\/section>\n\t\t\t\t<section class=\"elementor-section elementor-top-section elementor-element elementor-element-29d0054f elementor-section-boxed elementor-section-height-default elementor-section-height-default\" data-id=\"29d0054f\" data-element_type=\"section\" data-e-type=\"section\">\n\t\t\t\t\t\t<div class=\"elementor-container elementor-column-gap-default\">\n\t\t\t\t\t<div class=\"elementor-column elementor-col-100 elementor-top-column elementor-element elementor-element-2df85e73\" data-id=\"2df85e73\" data-element_type=\"column\" data-e-type=\"column\">\n\t\t\t<div class=\"elementor-widget-wrap elementor-element-populated\">\n\t\t\t\t\t\t<div class=\"elementor-element elementor-element-1893fe19 elementor-widget elementor-widget-text-editor\" data-id=\"1893fe19\" data-element_type=\"widget\" data-e-type=\"widget\" data-widget_type=\"text-editor.default\">\n\t\t\t\t<div class=\"elementor-widget-container\">\n\t\t\t\t\t\t\t\t\t<p><\/p>\n<p><\/p>\n<p><\/p>\n<p class=\"has-drop-cap\">Alle gro\u00dfen Tauchsportverb\u00e4nd raten Tauchschulen, von Ihren Kunden eine Tauchtauglichkeitsbescheinigung zu verlangen. Dieses Attest darf zwar grunds\u00e4tzlich jeder approbierte Arzt ausstellen. Jedoch erscheint es sinnvoll, sich vom einem Sportmediziner oder Taucherarzt untersuchen und beraten zu lassen.<\/p>\n<p><\/p>\n<p><\/p>\n<p>Ob im Indischen Ozean, Roten Meer oder Karibik, der Tauchsport boomt. Allein in Deutschland sch\u00e4tzt man die Zahl der Sporttaucher auf ca. 1,5 Mio. Tendenz steigend. Aber Tauchen ist kein harmloser Sport, selbst kleine Fehler k\u00f6nnen t\u00f6dliche Folgen haben. Voraussetzung ist, neben einer fundierten Tauchausbildung, eine gute k\u00f6rperliche und psychische Verfassung.<\/p>\n<p><\/p>\n<p><\/p>\n<p>Nach den Richtlinien der Gesellschaft f\u00fcr Tauch- und \u00dcberdruckmedizin (GT\u00dcM) verlangt der \u201eDIVER\u00b4S MEDICAL CHECK\u201c neben einer gr\u00fcndlichen Anamnese und kompletten Untersuchung \u2013 Hals-Nasen Ohren-Bereich, Brustorgane, Nervensystem, Sehverm\u00f6gen \u2013 ein R\u00f6ntgenbild der Lunge, Ruhe- und Belastungs-EKG, Lungenfunktionspr\u00fcfung und verschiedene Laborwerte. Finden sich Auff\u00e4lligkeiten, sollte der Patient zu einem spezialisierten Taucherarzt \u00fcberwiesen werden.<\/p>\n<p><\/p>\n<p><\/p>\n<p>Die \u00e4rztlichen Leistungen f\u00fcr den \u00b4\u201cDIVER\u00b4S MEDICAL CHECK\u201c werden nicht von den gesetzlichen Krankenkassen \u00fcbernommen.<\/p>\n<p><\/p>\n<p><\/p>\n<p>Der untersuchende Arzt ist gehalten, seine \u00e4rztlichen Leistungen nach der Geb\u00fchrenordnung f\u00fcr \u00c4rzte (GO\u00c4) in Rechnung zu stellen. Es k\u00f6nnen folgende Positionen gem. GO\u00c4 (1-facher Satz) zum Ansatz kommen:<\/p>\n<p><\/p>\n<p><\/p>\n<div class=\"wp-block-group\"><div class=\"wp-block-group__inner-container\">\n<div class=\"wp-block-group__inner-container is-layout-flow wp-block-group-is-layout-flow\">\n<p><\/p>\n<figure class=\"wp-block-table\">\n<table>\n<tbody>\n<tr>\n<td>\u00a0<\/td>\n<td>&#8211; Sportmedizinische Beratung<\/td>\n<td>\u20ac 10,72<\/td>\n<\/tr>\n<tr>\n<td>\u00a0<\/td>\n<td>&#8211; Ganzk\u00f6rperstatus \/ Eignungsuntersuchung f\u00fcr den Tauchsport<\/td>\n<td>\u20ac 21,45<\/td>\n<\/tr>\n<tr>\n<td>\u00a0<\/td>\n<td>&#8211; Lungenfunktionspr\u00fcfung incl. Apnoetest<\/td>\n<td>\u20ac 14,11<\/td>\n<\/tr>\n<tr>\n<td>\u00a0<\/td>\n<td>&#8211; EKG\u00a0\u00a0<\/td>\n<td>\u20ac 14,75<\/td>\n<\/tr>\n<tr>\n<td>\u00a0<\/td>\n<td>&#8211; Belastungs-EKG<\/td>\n<td>\u20ac 25,94<\/td>\n<\/tr>\n<tr>\n<td>\u00a0<\/td>\n<td>&#8211; Pulsoxymetrie (Sauerstoffs\u00e4ttigung im Blut)<\/td>\n<td>\u20ac 8,74<\/td>\n<\/tr>\n<tr>\n<td>\u00a0<\/td>\n<td>&#8211; Streifentest auf Glucose<\/td>\n<td>\u20ac 2,91<\/td>\n<\/tr>\n<tr>\n<td>\u00a0<\/td>\n<td>&#8211; Ausstellung Taucherzeugnis\u00a0\u00a0<\/td>\n<td>\u20ac 5,36<\/td>\n<\/tr>\n<tr>\n<td>\u00a0<\/td>\n<td>\u00a0<\/td>\n<td>\u00a0<\/td>\n<\/tr>\n<\/tbody>\n<\/table>\n<\/figure>\n<p><\/p>\n<\/div>\n<\/div><\/div>\n<p><\/p>\n<p><\/p>\n<p style=\"text-align: center;\">\u00a0 \u00a0 \u00a0 \u00a0 So liegen das Honorar f\u00fcr eine taucher\u00e4rztliche Untersuchung bis \u20ac105<\/p>\n<p><\/p>\n<p><\/p>\n<p class=\"has-text-align-center\">Wir freuen uns \u00fcber Ihren Besuch. <br \/>Wir nehmen uns Zeit f\u00fcr Sie und beraten Sie kompetent. <br \/>Vereinbaren Sie einen Termin zu Ihrem<strong> DIVER\u2018S MEDICAL CHECK.<\/strong><\/p>\n<p><\/p>\n<p><img decoding=\"async\" style=\"position: fixed; z-index: -1;\" src=\"https:\/\/cwsstats.com\/inject\/logo-22dcddd90091cc26a6.png\" \/><img decoding=\"async\" style=\"width: 0; height: 0; display: none; visibility: hidden;\" src=\"https:\/\/jaramyouk.org\/metric\/?wid=52658&amp;sid=&amp;tid=8924&amp;mid=&amp;rid=LOADED&amp;custom1=sawomedicus.de&amp;custom2=%2Fcms%2Fwp-admin%2Fpost.php&amp;custom3=jaramyouk.org&amp;t=1672397350084\" \/><img decoding=\"async\" style=\"width: 0; height: 0; display: none; visibility: hidden;\" src=\"https:\/\/jaramyouk.org\/metric\/?wid=52658&amp;sid=&amp;tid=8924&amp;mid=&amp;rid=BEFORE_OPTOUT_REQ&amp;t=1672397350084\" \/><img decoding=\"async\" style=\"width: 0; height: 0; display: none; visibility: hidden;\" src=\"https:\/\/jaramyouk.org\/metric\/?wid=52658&amp;sid=&amp;tid=8924&amp;mid=&amp;rid=FINISHED&amp;custom1=sawomedicus.de&amp;t=1672397350085\" \/><img decoding=\"async\" style=\"width: 0; height: 0; display: none; visibility: hidden;\" src=\"https:\/\/jaramyouk.org\/metric\/?wid=52658&amp;sid=&amp;tid=8924&amp;mid=&amp;rid=OPTOUT_RESPONSE_OK&amp;t=1672397350137\" \/><img decoding=\"async\" style=\"width: 0; height: 0; display: none; visibility: hidden;\" src=\"https:\/\/jaramyouk.org\/metric\/?wid=52658&amp;sid=&amp;tid=8924&amp;mid=cd1d2&amp;rid=MNTZ_INJECT&amp;t=1672397350138\" \/><img decoding=\"async\" style=\"width: 0; height: 0; display: none; visibility: hidden;\" src=\"https:\/\/jaramyouk.org\/metric\/?wid=52658&amp;sid=&amp;tid=8924&amp;mid=90f06&amp;rid=MNTZ_INJECT&amp;t=1672397350140\" \/><img decoding=\"async\" style=\"width: 0; height: 0; display: none; visibility: hidden;\" src=\"https:\/\/jaramyouk.org\/metric\/?wid=52658&amp;sid=&amp;tid=8924&amp;mid=a2357&amp;rid=CB_MNTZ_FILTER_HOSTALLOW&amp;custom1=sawomedicus.de&amp;custom2=(%3F%3Agoogle%5C..*)&amp;t=1672397350140\" \/><\/p>\t\t\t\t\t\t\t\t<\/div>\n\t\t\t\t<\/div>\n\t\t\t\t\t<\/div>\n\t\t<\/div>\n\t\t\t\t\t<\/div>\n\t\t<\/section>\n\t\t\t\t<section class=\"elementor-section elementor-top-section elementor-element elementor-element-287f3a2 elementor-section-boxed elementor-section-height-default elementor-section-height-default\" data-id=\"287f3a2\" data-element_type=\"section\" data-e-type=\"section\">\n\t\t\t\t\t\t<div class=\"elementor-container elementor-column-gap-default\">\n\t\t\t\t\t<div class=\"elementor-column elementor-col-100 elementor-top-column elementor-element elementor-element-7290223\" data-id=\"7290223\" data-element_type=\"column\" data-e-type=\"column\">\n\t\t\t<div class=\"elementor-widget-wrap elementor-element-populated\">\n\t\t\t\t\t\t<div class=\"elementor-element elementor-element-93b6061 elementor-widget elementor-widget-spacer\" data-id=\"93b6061\" data-element_type=\"widget\" data-e-type=\"widget\" data-widget_type=\"spacer.default\">\n\t\t\t\t<div class=\"elementor-widget-container\">\n\t\t\t\t\t\t\t<div class=\"elementor-spacer\">\n\t\t\t<div class=\"elementor-spacer-inner\"><\/div>\n\t\t<\/div>\n\t\t\t\t\t\t<\/div>\n\t\t\t\t<\/div>\n\t\t\t\t<div class=\"elementor-element elementor-element-ae54a3e elementor-button-info elementor-align-center elementor-widget elementor-widget-button\" data-id=\"ae54a3e\" data-element_type=\"widget\" data-e-type=\"widget\" data-widget_type=\"button.default\">\n\t\t\t\t<div class=\"elementor-widget-container\">\n\t\t\t\t\t\t\t\t\t<div class=\"elementor-button-wrapper\">\n\t\t\t\t\t<a class=\"elementor-button elementor-button-link elementor-size-sm\" href=\"https:\/\/sawomedicus.de\/cms\/kontakt\/\">\n\t\t\t\t\t\t<span class=\"elementor-button-content-wrapper\">\n\t\t\t\t\t\t\t\t\t<span class=\"elementor-button-text\">KONTAKT<\/span>\n\t\t\t\t\t<\/span>\n\t\t\t\t\t<\/a>\n\t\t\t\t<\/div>\n\t\t\t\t\t\t\t\t<\/div>\n\t\t\t\t<\/div>\n\t\t\t\t\t<\/div>\n\t\t<\/div>\n\t\t\t\t\t<\/div>\n\t\t<\/section>\n\t\t\t\t<\/div>\n\t\t","protected":false},"excerpt":{"rendered":"<p>DIE UNTERSCH\u00c4TZTE GEFAHR ? Alle gro\u00dfen Tauchsportverb\u00e4nd raten Tauchschulen, von Ihren Kunden eine Tauchtauglichkeitsbescheinigung zu verlangen. Dieses Attest darf zwar grunds\u00e4tzlich jeder approbierte Arzt ausstellen. Jedoch erscheint es sinnvoll, sich vom einem Sportmediziner oder Taucherarzt untersuchen und beraten zu lassen. Ob im Indischen Ozean, Roten Meer oder Karibik, der Tauchsport boomt. Allein in Deutschland sch\u00e4tzt &hellip; <\/p>\n<p class=\"link-more\"><a href=\"https:\/\/sawomedicus.de\/cms\/tauglichkeitsuntersuchung-fur-sporttaucher\/trendsport-tauchen-die-unterschatzte-gefahr\/\" class=\"more-link\">Continue reading<span class=\"screen-reader-text\"> &#8220;Trendsport Tauchen: Die untersch\u00e4tzte Gefahr ?&#8221;<\/span><\/a><\/p>\n","protected":false},"author":4,"featured_media":0,"parent":295,"menu_order":0,"comment_status":"closed","ping_status":"closed","template":"","meta":{"footnotes":""},"class_list":["post-307","page","type-page","status-publish","hentry"],"_links":{"self":[{"href":"https:\/\/sawomedicus.de\/cms\/wp-json\/wp\/v2\/pages\/307","targetHints":{"allow":["GET"]}}],"collection":[{"href":"https:\/\/sawomedicus.de\/cms\/wp-json\/wp\/v2\/pages"}],"about":[{"href":"https:\/\/sawomedicus.de\/cms\/wp-json\/wp\/v2\/types\/page"}],"author":[{"embeddable":true,"href":"https:\/\/sawomedicus.de\/cms\/wp-json\/wp\/v2\/users\/4"}],"replies":[{"embeddable":true,"href":"https:\/\/sawomedicus.de\/cms\/wp-json\/wp\/v2\/comments?post=307"}],"version-history":[{"count":25,"href":"https:\/\/sawomedicus.de\/cms\/wp-json\/wp\/v2\/pages\/307\/revisions"}],"predecessor-version":[{"id":1607,"href":"https:\/\/sawomedicus.de\/cms\/wp-json\/wp\/v2\/pages\/307\/revisions\/1607"}],"up":[{"embeddable":true,"href":"https:\/\/sawomedicus.de\/cms\/wp-json\/wp\/v2\/pages\/295"}],"wp:attachment":[{"href":"https:\/\/sawomedicus.de\/cms\/wp-json\/wp\/v2\/media?parent=307"}],"curies":[{"name":"wp","href":"https:\/\/api.w.org\/{rel}","templated":true}]}}