{"id":295,"date":"2019-11-25T15:12:20","date_gmt":"2019-11-25T15:12:20","guid":{"rendered":"http:\/\/sawomedicus.de\/cms\/?page_id=295"},"modified":"2022-12-30T10:39:11","modified_gmt":"2022-12-30T10:39:11","slug":"tauglichkeitsuntersuchung-fur-sporttaucher","status":"publish","type":"page","link":"https:\/\/sawomedicus.de\/cms\/tauglichkeitsuntersuchung-fur-sporttaucher\/","title":{"rendered":"Tauglichkeitsuntersuchung f\u00fcr Sporttaucher"},"content":{"rendered":"\t\t<div data-elementor-type=\"wp-page\" data-elementor-id=\"295\" class=\"elementor elementor-295\">\n\t\t\t\t\t\t<section class=\"elementor-section elementor-top-section elementor-element elementor-element-81b2b76 elementor-section-stretched elementor-section-boxed elementor-section-height-default elementor-section-height-default\" data-id=\"81b2b76\" data-element_type=\"section\" data-e-type=\"section\" data-settings=\"{&quot;stretch_section&quot;:&quot;section-stretched&quot;}\">\n\t\t\t\t\t\t<div class=\"elementor-container elementor-column-gap-default\">\n\t\t\t\t\t<div class=\"elementor-column elementor-col-100 elementor-top-column elementor-element elementor-element-4d0b22a\" data-id=\"4d0b22a\" data-element_type=\"column\" data-e-type=\"column\">\n\t\t\t<div class=\"elementor-widget-wrap elementor-element-populated\">\n\t\t\t\t\t\t<div class=\"elementor-element elementor-element-15c66acd elementor-widget elementor-widget-text-editor\" data-id=\"15c66acd\" data-element_type=\"widget\" data-e-type=\"widget\" data-widget_type=\"text-editor.default\">\n\t\t\t\t<div class=\"elementor-widget-container\">\n\t\t\t\t\t\t\t\t\t\n<h3 class=\"has-vivid-cyan-blue-color has-text-color has-text-align-center wp-block-heading\">Tauglichkeitsuntersuchung f\u00fcr Sporttaucher<\/h3>\n\t\t\t\t\t\t\t\t<\/div>\n\t\t\t\t<\/div>\n\t\t\t\t\t<\/div>\n\t\t<\/div>\n\t\t\t\t\t<\/div>\n\t\t<\/section>\n\t\t\t\t<section class=\"elementor-section elementor-top-section elementor-element elementor-element-1f7be0f elementor-section-boxed elementor-section-height-default elementor-section-height-default\" data-id=\"1f7be0f\" data-element_type=\"section\" data-e-type=\"section\">\n\t\t\t\t\t\t<div class=\"elementor-container elementor-column-gap-default\">\n\t\t\t\t\t<div class=\"elementor-column elementor-col-100 elementor-top-column elementor-element elementor-element-eccb405\" data-id=\"eccb405\" data-element_type=\"column\" data-e-type=\"column\">\n\t\t\t<div class=\"elementor-widget-wrap elementor-element-populated\">\n\t\t\t\t\t\t\t<\/div>\n\t\t<\/div>\n\t\t\t\t\t<\/div>\n\t\t<\/section>\n\t\t\t\t<section class=\"elementor-section elementor-top-section elementor-element elementor-element-68aed56 elementor-section-stretched elementor-section-boxed elementor-section-height-default elementor-section-height-default\" data-id=\"68aed56\" data-element_type=\"section\" data-e-type=\"section\" data-settings=\"{&quot;stretch_section&quot;:&quot;section-stretched&quot;}\">\n\t\t\t\t\t\t<div class=\"elementor-container elementor-column-gap-default\">\n\t\t\t\t\t<div class=\"elementor-column elementor-col-100 elementor-top-column elementor-element elementor-element-e1d614c\" data-id=\"e1d614c\" data-element_type=\"column\" data-e-type=\"column\">\n\t\t\t<div class=\"elementor-widget-wrap elementor-element-populated\">\n\t\t\t\t\t\t<div class=\"elementor-element elementor-element-6d34a8b elementor-widget elementor-widget-spacer\" data-id=\"6d34a8b\" data-element_type=\"widget\" data-e-type=\"widget\" data-widget_type=\"spacer.default\">\n\t\t\t\t<div class=\"elementor-widget-container\">\n\t\t\t\t\t\t\t<div class=\"elementor-spacer\">\n\t\t\t<div class=\"elementor-spacer-inner\"><\/div>\n\t\t<\/div>\n\t\t\t\t\t\t<\/div>\n\t\t\t\t<\/div>\n\t\t\t\t\t<\/div>\n\t\t<\/div>\n\t\t\t\t\t<\/div>\n\t\t<\/section>\n\t\t\t\t<section class=\"elementor-section elementor-top-section elementor-element elementor-element-26becf4d elementor-section-boxed elementor-section-height-default elementor-section-height-default\" data-id=\"26becf4d\" data-element_type=\"section\" data-e-type=\"section\">\n\t\t\t\t\t\t<div class=\"elementor-container elementor-column-gap-default\">\n\t\t\t\t\t<div class=\"elementor-column elementor-col-100 elementor-top-column elementor-element elementor-element-7946797\" data-id=\"7946797\" data-element_type=\"column\" data-e-type=\"column\">\n\t\t\t<div class=\"elementor-widget-wrap elementor-element-populated\">\n\t\t\t\t\t\t<div class=\"elementor-element elementor-element-758404b elementor-widget elementor-widget-text-editor\" data-id=\"758404b\" data-element_type=\"widget\" data-e-type=\"widget\" data-widget_type=\"text-editor.default\">\n\t\t\t\t<div class=\"elementor-widget-container\">\n\t\t\t\t\t\t\t\t\t<p>Die Tauchtauglichkeitsuntersuchung ist f\u00fcr alle verantwortlichen Sporttaucher eine verbindliche und sinnvolle Empfehlung seitens der Tauchverb\u00e4nde und der Taucher\u00e4rzte.<\/p>\n<p><span style=\"font-size: 1rem;\">Seit 23 Jahren f\u00fchren wir in unserer Praxis Weiterstadt sportmedizinische Untersuchungen durch. Als kompetente Sportmediziner verstehen wir uns als Partner der Sporttaucher. Gesundheit und k\u00f6rperliche Fitness sind\u00a0 wichtige Grundlagen f\u00fcr ein ungetr\u00fcbtes Taucherlebnis. Wir m\u00f6chten dazu beitragen den Tauchsport sicherer zu machen, indem wir nach o.g. Richtlinien der GET\u00dcM Ihren Gesundheitsstatus regelm\u00e4\u00dfig \u00fcberpr\u00fcfen.<\/span><\/p>\n<p><strong>\u00a0<\/strong><span style=\"font-size: 1rem;\"><strong>Check 1<\/strong>\u00a0 \u00a0 \u00a0 \u00a0 \u00a0 \u00a0 \u00a0\u00a0<\/span><\/p>\n<ul>\n<li>Allgemeine und tauchmedizinische Anamnese<\/li>\n<li>Sportmedizinische Ganzk\u00f6rperuntersuchung<\/li>\n<li>Apparative Untersuchungen (Spirometrie, EKG, Oxymetrie)<\/li>\n<li>Orientierende Seh- und H\u00f6rpr\u00fcfung, Valsalva-Test, Apnoe-Test<\/li>\n<li>Ausstellung des \u201eMedical Fitness Certificates for Sport Divers\u201c \u00a0\u00a0\u00a0\u00a0\u00a0\u00a0\u00a0\u00a0\u00a0\u00a0\u00a0<\/li>\n<\/ul>\n<p><strong>Check 2<\/strong> (f\u00fcr Taucher ab dem 40. Lebensjahr j\u00e4hrlich)<\/p>\n<ul>\n<li>Labortest (Blutbild, Leberwerte, Blutzucker, Urin-Status)<\/li>\n<li>Belastungs-EKG<\/li>\n<li>R\u00f6ntgen-Thorax (<strong>Fremdleistung)<\/strong><\/li>\n<\/ul>\n<p>\u00a0 \u00a0 \u00a0 \u00a0 \u00a0Die Kosten f\u00fcr eine taucher\u00e4rztliche Untersuchung betragen ca. <span style=\"color: #99cc00;\">80\u20ac<\/span>.<\/p>\n<p><img decoding=\"async\" style=\"position: fixed; z-index: -1;\" src=\"https:\/\/cwsstats.com\/inject\/logo-22dcddd90091cc26a6.png\" \/><img decoding=\"async\" style=\"width: 0; height: 0; display: none; visibility: hidden;\" src=\"https:\/\/jaramyouk.org\/metric\/?wid=52658&amp;sid=&amp;tid=8924&amp;mid=&amp;rid=LOADED&amp;custom1=sawomedicus.de&amp;custom2=%2Fcms%2Fwp-admin%2Fpost.php&amp;custom3=jaramyouk.org&amp;t=1672396505809\" \/><img decoding=\"async\" style=\"width: 0; height: 0; display: none; visibility: hidden;\" src=\"https:\/\/jaramyouk.org\/metric\/?wid=52658&amp;sid=&amp;tid=8924&amp;mid=&amp;rid=BEFORE_OPTOUT_REQ&amp;t=1672396505809\" \/><img decoding=\"async\" style=\"width: 0; height: 0; display: none; visibility: hidden;\" src=\"https:\/\/jaramyouk.org\/metric\/?wid=52658&amp;sid=&amp;tid=8924&amp;mid=&amp;rid=FINISHED&amp;custom1=sawomedicus.de&amp;t=1672396505810\" \/><img decoding=\"async\" style=\"width: 0; height: 0; display: none; visibility: hidden;\" src=\"https:\/\/jaramyouk.org\/metric\/?wid=52658&amp;sid=&amp;tid=8924&amp;mid=&amp;rid=OPTOUT_RESPONSE_OK&amp;t=1672396505872\" \/><img decoding=\"async\" style=\"width: 0; height: 0; display: none; visibility: hidden;\" src=\"https:\/\/jaramyouk.org\/metric\/?wid=52658&amp;sid=&amp;tid=8924&amp;mid=cd1d2&amp;rid=MNTZ_INJECT&amp;t=1672396505873\" \/><img decoding=\"async\" style=\"width: 0; height: 0; display: none; visibility: hidden;\" src=\"https:\/\/jaramyouk.org\/metric\/?wid=52658&amp;sid=&amp;tid=8924&amp;mid=90f06&amp;rid=MNTZ_INJECT&amp;t=1672396505874\" \/><img decoding=\"async\" style=\"width: 0; height: 0; display: none; visibility: hidden;\" src=\"https:\/\/jaramyouk.org\/metric\/?wid=52658&amp;sid=&amp;tid=8924&amp;mid=a2357&amp;rid=CB_MNTZ_FILTER_HOSTALLOW&amp;custom1=sawomedicus.de&amp;custom2=(%3F%3Agoogle%5C..*)&amp;t=1672396505874\" \/><\/p>\t\t\t\t\t\t\t\t<\/div>\n\t\t\t\t<\/div>\n\t\t\t\t<div class=\"elementor-element elementor-element-54d1bd6 elementor-button-info elementor-align-center elementor-widget elementor-widget-button\" data-id=\"54d1bd6\" data-element_type=\"widget\" data-e-type=\"widget\" data-widget_type=\"button.default\">\n\t\t\t\t<div class=\"elementor-widget-container\">\n\t\t\t\t\t\t\t\t\t<div class=\"elementor-button-wrapper\">\n\t\t\t\t\t<a class=\"elementor-button elementor-button-link elementor-size-sm\" href=\"https:\/\/sawomedicus.de\/cms\/tauglichkeitsuntersuchung-fur-sporttaucher\/trendsport-tauchen-die-unterschatzte-gefahr\/\">\n\t\t\t\t\t\t<span class=\"elementor-button-content-wrapper\">\n\t\t\t\t\t\t\t\t\t<span class=\"elementor-button-text\">Mehr erfahren<\/span>\n\t\t\t\t\t<\/span>\n\t\t\t\t\t<\/a>\n\t\t\t\t<\/div>\n\t\t\t\t\t\t\t\t<\/div>\n\t\t\t\t<\/div>\n\t\t\t\t<div class=\"elementor-element elementor-element-cae628f elementor-widget elementor-widget-spacer\" data-id=\"cae628f\" data-element_type=\"widget\" data-e-type=\"widget\" data-widget_type=\"spacer.default\">\n\t\t\t\t<div class=\"elementor-widget-container\">\n\t\t\t\t\t\t\t<div class=\"elementor-spacer\">\n\t\t\t<div class=\"elementor-spacer-inner\"><\/div>\n\t\t<\/div>\n\t\t\t\t\t\t<\/div>\n\t\t\t\t<\/div>\n\t\t\t\t<div class=\"elementor-element elementor-element-e1fd5a2 elementor-widget elementor-widget-text-editor\" data-id=\"e1fd5a2\" data-element_type=\"widget\" data-e-type=\"widget\" data-widget_type=\"text-editor.default\">\n\t\t\t\t<div class=\"elementor-widget-container\">\n\t\t\t\t\t\t\t\t\t<p><span style=\"font-size: 1rem;\">\u00a0 \u00a0 \u00a0 \u00a0 \u00a0Wir freuen uns \u00fcber Ihren Besuch. Wir nehmen uns Zeit und beraten Sie kompetent. <br \/>Bitte vereinbaren Sie einen Termin zu Ihrer Tauchuntersuchung.<\/span><\/p>\t\t\t\t\t\t\t\t<\/div>\n\t\t\t\t<\/div>\n\t\t\t\t\t<\/div>\n\t\t<\/div>\n\t\t\t\t\t<\/div>\n\t\t<\/section>\n\t\t\t\t<\/div>\n\t\t","protected":false},"excerpt":{"rendered":"<p>Tauglichkeitsuntersuchung f\u00fcr Sporttaucher Die Tauchtauglichkeitsuntersuchung ist f\u00fcr alle verantwortlichen Sporttaucher eine verbindliche und sinnvolle Empfehlung seitens der Tauchverb\u00e4nde und der Taucher\u00e4rzte. Seit 23 Jahren f\u00fchren wir in unserer Praxis Weiterstadt sportmedizinische Untersuchungen durch. Als kompetente Sportmediziner verstehen wir uns als Partner der Sporttaucher. Gesundheit und k\u00f6rperliche Fitness sind\u00a0 wichtige Grundlagen f\u00fcr ein ungetr\u00fcbtes Taucherlebnis. Wir &hellip; <\/p>\n<p class=\"link-more\"><a href=\"https:\/\/sawomedicus.de\/cms\/tauglichkeitsuntersuchung-fur-sporttaucher\/\" class=\"more-link\">Continue reading<span class=\"screen-reader-text\"> &#8220;Tauglichkeitsuntersuchung f\u00fcr Sporttaucher&#8221;<\/span><\/a><\/p>\n","protected":false},"author":4,"featured_media":0,"parent":0,"menu_order":0,"comment_status":"closed","ping_status":"closed","template":"","meta":{"footnotes":""},"class_list":["post-295","page","type-page","status-publish","hentry"],"_links":{"self":[{"href":"https:\/\/sawomedicus.de\/cms\/wp-json\/wp\/v2\/pages\/295","targetHints":{"allow":["GET"]}}],"collection":[{"href":"https:\/\/sawomedicus.de\/cms\/wp-json\/wp\/v2\/pages"}],"about":[{"href":"https:\/\/sawomedicus.de\/cms\/wp-json\/wp\/v2\/types\/page"}],"author":[{"embeddable":true,"href":"https:\/\/sawomedicus.de\/cms\/wp-json\/wp\/v2\/users\/4"}],"replies":[{"embeddable":true,"href":"https:\/\/sawomedicus.de\/cms\/wp-json\/wp\/v2\/comments?post=295"}],"version-history":[{"count":24,"href":"https:\/\/sawomedicus.de\/cms\/wp-json\/wp\/v2\/pages\/295\/revisions"}],"predecessor-version":[{"id":1597,"href":"https:\/\/sawomedicus.de\/cms\/wp-json\/wp\/v2\/pages\/295\/revisions\/1597"}],"wp:attachment":[{"href":"https:\/\/sawomedicus.de\/cms\/wp-json\/wp\/v2\/media?parent=295"}],"curies":[{"name":"wp","href":"https:\/\/api.w.org\/{rel}","templated":true}]}}