{"id":218,"date":"2019-11-21T15:07:29","date_gmt":"2019-11-21T15:07:29","guid":{"rendered":"http:\/\/sawomedicus.de\/cms\/?page_id=218"},"modified":"2022-12-30T11:13:44","modified_gmt":"2022-12-30T11:13:44","slug":"impfungen","status":"publish","type":"page","link":"https:\/\/sawomedicus.de\/cms\/impfungen\/","title":{"rendered":"Impfungen"},"content":{"rendered":"\t\t<div data-elementor-type=\"wp-page\" data-elementor-id=\"218\" class=\"elementor elementor-218\">\n\t\t\t\t\t\t<section class=\"elementor-section elementor-top-section elementor-element elementor-element-13ba84b2 elementor-section-boxed elementor-section-height-default elementor-section-height-default\" data-id=\"13ba84b2\" data-element_type=\"section\" data-e-type=\"section\">\n\t\t\t\t\t\t<div class=\"elementor-container elementor-column-gap-default\">\n\t\t\t\t\t<div class=\"elementor-column elementor-col-100 elementor-top-column elementor-element elementor-element-11456763\" data-id=\"11456763\" data-element_type=\"column\" data-e-type=\"column\">\n\t\t\t<div class=\"elementor-widget-wrap elementor-element-populated\">\n\t\t\t\t\t\t<div class=\"elementor-element elementor-element-61121bb0 elementor-widget elementor-widget-text-editor\" data-id=\"61121bb0\" data-element_type=\"widget\" data-e-type=\"widget\" data-widget_type=\"text-editor.default\">\n\t\t\t\t<div class=\"elementor-widget-container\">\n\t\t\t\t\t\t\t\t\t<h2 class=\"has-vivid-cyan-blue-color has-text-color has-text-align-center\">Impfungen<\/h2>\n<p><!-- \/wp:heading --><\/p>\n<div class=\"wp-block-image\">\n<figure class=\"aligncenter size-large is-resized\"><img fetchpriority=\"high\" decoding=\"async\" class=\"wp-image-222\" src=\"https:\/\/sawomedicus.de\/cms\/wp-content\/uploads\/2019\/11\/kisspng-vaccine-controversies-vaccination-child-hepatitis-5b18dd483fead9-removebg-preview.png\" alt=\"\" width=\"518\" height=\"287\" srcset=\"https:\/\/sawomedicus.de\/cms\/wp-content\/uploads\/2019\/11\/kisspng-vaccine-controversies-vaccination-child-hepatitis-5b18dd483fead9-removebg-preview.png 671w, https:\/\/sawomedicus.de\/cms\/wp-content\/uploads\/2019\/11\/kisspng-vaccine-controversies-vaccination-child-hepatitis-5b18dd483fead9-removebg-preview-300x167.png 300w\" sizes=\"(max-width: 518px) 100vw, 518px\" \/><\/figure>\n<\/div>\n<p class=\"has-text-align-center\">\n<\/p><p class=\"has-text-align-center\">Es gibt viele gute Gr\u00fcnde f\u00fcr eine Impfung! <br>(Und nur sehr wenige dagegen.)<\/p>\n<p>&nbsp; &nbsp; &nbsp;Eine Impfung sch\u00fctzt nicht nur Sie selbst vor Krankheiten, sondern auch Ihre Familie, Freunde und Bekannte. In unserer Praxis werden alle von der&nbsp;STIKO&nbsp;empfohlenen Impfungen durchgef\u00fchrt.&nbsp;<\/p>\n<p><img decoding=\"async\" class=\"emoji\" role=\"img\" draggable=\"false\" src=\"https:\/\/s.w.org\/images\/core\/emoji\/12.0.0-1\/svg\/2714.svg\" alt=\"\u2714\ufe0f\"> Bringen Sie bitte Ihren Impfpass beim n\u00e4chsten Praxistermin mit, wir \u00fcberpr\u00fcfen gerne Ihren Impfstatus.<\/p>\n<p class=\"has-text-color has-text-align-center has-vivid-cyan-blue-color\"><strong>Wer bezahlt Impfungen?<\/strong><\/p>\n<p>&nbsp; &nbsp; &nbsp;In der Regel brauchen Sie f\u00fcr Impfungen nichts zu bezahlen. Ausnahmen sind ggf. die Reise-Impfungen und Impfungen <em>\u201eauf eigenen Wunsch\u201c.<\/em><\/p>\n<p>&nbsp; &nbsp; &nbsp;Alle <em>\u201e\u00f6ffentlich empfohlenen\u201c<\/em> Impfungen f\u00fcr S\u00e4uglinge, Kinder und Jugendliche bezahlen die gesetzlichen und privaten Krankenkassen. Das sind die Impfungen gegen Diphtherie, Human papillomavirus (HPV), Tetanus, Keuchhusten (Pertussis), Haemophilus influenzae Typ b (Hib), Kinderl\u00e4hmung (Poliomyelitis), Hepatitis B, Masern, Mumps, R\u00f6teln und Covid19.<\/p>\n<p><!-- \/wp:paragraph --><\/p>\n<p><!-- wp:separator --><\/p>\n<hr class=\"wp-block-separator\">\n<p><!-- \/wp:separator --><\/p>\t\t\t\t\t\t\t\t<\/div>\n\t\t\t\t<\/div>\n\t\t\t\t\t<\/div>\n\t\t<\/div>\n\t\t\t\t\t<\/div>\n\t\t<\/section>\n\t\t\t\t<\/div>\n\t\t","protected":false},"excerpt":{"rendered":"<p>Impfungen Es gibt viele gute Gr\u00fcnde f\u00fcr eine Impfung! (Und nur sehr wenige dagegen.) &nbsp; &nbsp; &nbsp;Eine Impfung sch\u00fctzt nicht nur Sie selbst vor Krankheiten, sondern auch Ihre Familie, Freunde und Bekannte. In unserer Praxis werden alle von der&nbsp;STIKO&nbsp;empfohlenen Impfungen durchgef\u00fchrt.&nbsp; Bringen Sie bitte Ihren Impfpass beim n\u00e4chsten Praxistermin mit, wir \u00fcberpr\u00fcfen gerne Ihren Impfstatus. &hellip; <\/p>\n<p class=\"link-more\"><a href=\"https:\/\/sawomedicus.de\/cms\/impfungen\/\" class=\"more-link\">Continue reading<span class=\"screen-reader-text\"> &#8220;Impfungen&#8221;<\/span><\/a><\/p>\n","protected":false},"author":4,"featured_media":0,"parent":0,"menu_order":0,"comment_status":"closed","ping_status":"closed","template":"","meta":{"footnotes":""},"class_list":["post-218","page","type-page","status-publish","hentry"],"_links":{"self":[{"href":"https:\/\/sawomedicus.de\/cms\/wp-json\/wp\/v2\/pages\/218","targetHints":{"allow":["GET"]}}],"collection":[{"href":"https:\/\/sawomedicus.de\/cms\/wp-json\/wp\/v2\/pages"}],"about":[{"href":"https:\/\/sawomedicus.de\/cms\/wp-json\/wp\/v2\/types\/page"}],"author":[{"embeddable":true,"href":"https:\/\/sawomedicus.de\/cms\/wp-json\/wp\/v2\/users\/4"}],"replies":[{"embeddable":true,"href":"https:\/\/sawomedicus.de\/cms\/wp-json\/wp\/v2\/comments?post=218"}],"version-history":[{"count":18,"href":"https:\/\/sawomedicus.de\/cms\/wp-json\/wp\/v2\/pages\/218\/revisions"}],"predecessor-version":[{"id":1635,"href":"https:\/\/sawomedicus.de\/cms\/wp-json\/wp\/v2\/pages\/218\/revisions\/1635"}],"wp:attachment":[{"href":"https:\/\/sawomedicus.de\/cms\/wp-json\/wp\/v2\/media?parent=218"}],"curies":[{"name":"wp","href":"https:\/\/api.w.org\/{rel}","templated":true}]}}