{"id":208,"date":"2019-11-21T14:54:46","date_gmt":"2019-11-21T14:54:46","guid":{"rendered":"http:\/\/sawomedicus.de\/cms\/?page_id=208"},"modified":"2022-12-30T11:23:15","modified_gmt":"2022-12-30T11:23:15","slug":"erweiterter-gesundheits-check","status":"publish","type":"page","link":"https:\/\/sawomedicus.de\/cms\/erweiterter-gesundheits-check\/","title":{"rendered":"Erweiterter Gesundheits-Check"},"content":{"rendered":"\t\t<div data-elementor-type=\"wp-page\" data-elementor-id=\"208\" class=\"elementor elementor-208\">\n\t\t\t\t\t\t<section class=\"elementor-section elementor-top-section elementor-element elementor-element-996fd44 elementor-section-boxed elementor-section-height-default elementor-section-height-default\" data-id=\"996fd44\" data-element_type=\"section\" data-e-type=\"section\">\n\t\t\t\t\t\t<div class=\"elementor-container elementor-column-gap-default\">\n\t\t\t\t\t<div class=\"elementor-column elementor-col-100 elementor-top-column elementor-element elementor-element-2230ac2\" data-id=\"2230ac2\" data-element_type=\"column\" data-e-type=\"column\">\n\t\t\t<div class=\"elementor-widget-wrap elementor-element-populated\">\n\t\t\t\t\t\t<div class=\"elementor-element elementor-element-4ed0cfe elementor-widget elementor-widget-text-editor\" data-id=\"4ed0cfe\" data-element_type=\"widget\" data-e-type=\"widget\" data-widget_type=\"text-editor.default\">\n\t\t\t\t<div class=\"elementor-widget-container\">\n\t\t\t\t\t\t\t\t\t<h2 class=\"has-vivid-cyan-blue-color has-text-color has-text-align-center\">Erweiterter Gesundheits-Check<\/h2>\t\t\t\t\t\t\t\t<\/div>\n\t\t\t\t<\/div>\n\t\t\t\t\t<\/div>\n\t\t<\/div>\n\t\t\t\t\t<\/div>\n\t\t<\/section>\n\t\t\t\t<section class=\"elementor-section elementor-top-section elementor-element elementor-element-537ae87 elementor-section-stretched elementor-section-boxed elementor-section-height-default elementor-section-height-default\" data-id=\"537ae87\" data-element_type=\"section\" data-e-type=\"section\" data-settings=\"{&quot;stretch_section&quot;:&quot;section-stretched&quot;}\">\n\t\t\t\t\t\t<div class=\"elementor-container elementor-column-gap-default\">\n\t\t\t\t\t<div class=\"elementor-column elementor-col-100 elementor-top-column elementor-element elementor-element-76d876d\" data-id=\"76d876d\" data-element_type=\"column\" data-e-type=\"column\">\n\t\t\t<div class=\"elementor-widget-wrap elementor-element-populated\">\n\t\t\t\t\t\t<div class=\"elementor-element elementor-element-2cad53f elementor-arrows-position-inside elementor-pagination-position-outside elementor-widget elementor-widget-image-carousel\" data-id=\"2cad53f\" data-element_type=\"widget\" data-e-type=\"widget\" data-settings=\"{&quot;navigation&quot;:&quot;both&quot;,&quot;autoplay&quot;:&quot;yes&quot;,&quot;pause_on_hover&quot;:&quot;yes&quot;,&quot;pause_on_interaction&quot;:&quot;yes&quot;,&quot;autoplay_speed&quot;:5000,&quot;infinite&quot;:&quot;yes&quot;,&quot;speed&quot;:500}\" data-widget_type=\"image-carousel.default\">\n\t\t\t\t<div class=\"elementor-widget-container\">\n\t\t\t\t\t\t\t<div class=\"elementor-image-carousel-wrapper swiper\" role=\"region\" aria-roledescription=\"carousel\" aria-label=\"Image Carousel\" dir=\"ltr\">\n\t\t\t<div class=\"elementor-image-carousel swiper-wrapper\" aria-live=\"off\">\n\t\t\t\t\t\t\t\t<div class=\"swiper-slide\" role=\"group\" aria-roledescription=\"slide\" aria-label=\"1 of 3\"><figure class=\"swiper-slide-inner\"><img decoding=\"async\" class=\"swiper-slide-image\" src=\"https:\/\/sawomedicus.de\/cms\/wp-content\/uploads\/2020\/01\/ecg-1953179_1920.jpg\" alt=\"ecg-1953179_1920\" \/><\/figure><\/div><div class=\"swiper-slide\" role=\"group\" aria-roledescription=\"slide\" aria-label=\"2 of 3\"><figure class=\"swiper-slide-inner\"><img decoding=\"async\" class=\"swiper-slide-image\" src=\"https:\/\/sawomedicus.de\/cms\/wp-content\/uploads\/2020\/01\/DSC_1309_edited-2048x1365.jpg\" alt=\"DSC_1309_edited\" \/><\/figure><\/div><div class=\"swiper-slide\" role=\"group\" aria-roledescription=\"slide\" aria-label=\"3 of 3\"><figure class=\"swiper-slide-inner\"><img decoding=\"async\" class=\"swiper-slide-image\" src=\"https:\/\/sawomedicus.de\/cms\/wp-content\/uploads\/2020\/01\/Canva-Black-Contour-Ts-Displaying-at-4.8.jpg\" alt=\"Canva - Black Contour Ts Displaying at 4.8\" \/><\/figure><\/div>\t\t\t<\/div>\n\t\t\t\t\t\t\t\t\t\t\t\t<div class=\"elementor-swiper-button elementor-swiper-button-prev\" role=\"button\" tabindex=\"0\">\n\t\t\t\t\t\t<i aria-hidden=\"true\" class=\"eicon-chevron-left\"><\/i>\t\t\t\t\t<\/div>\n\t\t\t\t\t<div class=\"elementor-swiper-button elementor-swiper-button-next\" role=\"button\" tabindex=\"0\">\n\t\t\t\t\t\t<i aria-hidden=\"true\" class=\"eicon-chevron-right\"><\/i>\t\t\t\t\t<\/div>\n\t\t\t\t\n\t\t\t\t\t\t\t\t\t<div class=\"swiper-pagination\"><\/div>\n\t\t\t\t\t\t\t\t\t<\/div>\n\t\t\t\t\t\t<\/div>\n\t\t\t\t<\/div>\n\t\t\t\t\t<\/div>\n\t\t<\/div>\n\t\t\t\t\t<\/div>\n\t\t<\/section>\n\t\t\t\t<section class=\"elementor-section elementor-top-section elementor-element elementor-element-74d8d0d elementor-section-boxed elementor-section-height-default elementor-section-height-default\" data-id=\"74d8d0d\" data-element_type=\"section\" data-e-type=\"section\">\n\t\t\t\t\t\t<div class=\"elementor-container elementor-column-gap-default\">\n\t\t\t\t\t<div class=\"elementor-column elementor-col-100 elementor-top-column elementor-element elementor-element-4bc9fb8\" data-id=\"4bc9fb8\" data-element_type=\"column\" data-e-type=\"column\">\n\t\t\t<div class=\"elementor-widget-wrap elementor-element-populated\">\n\t\t\t\t\t\t<div class=\"elementor-element elementor-element-7cf48e8 elementor-widget elementor-widget-text-editor\" data-id=\"7cf48e8\" data-element_type=\"widget\" data-e-type=\"widget\" data-widget_type=\"text-editor.default\">\n\t\t\t\t<div class=\"elementor-widget-container\">\n\t\t\t\t\t\t\t\t\t<p><\/p>\n<p><\/p>\n<p><\/p>\n<p><\/p>\n<p>&nbsp; &nbsp; &nbsp; &nbsp; &nbsp; &nbsp; &nbsp; &nbsp; &nbsp; &nbsp; Wollten Sie schon immer wissen, ob bei Ihnen \u201ealles in Ordnung\u201c ist? Die gesetzliche Krankenversicherung beschr\u00e4nkt sich bei der Vorsorge auf medizinisch unbedingt notwendige und wirtschaftlich vertretbare Leistungen. Zahlreiche medizinisch empfehlenswerte \u00e4rztliche Untersuchungen geh\u00f6ren nicht (mehr) zum Leistungskatalog der gesetzlichen Krankenkassen. Dazu geh\u00f6ren u.a. Vorsorgeuntersuchungen wie ausf\u00fchrliches Labor, EKG, Lungenfunktion und Belastungs-EKG. Wir als Haus\u00e4rzte sind bem\u00fcht, Ihre Gesundheit zu erhalten und Krankheiten rechtzeitig zu erkennen. Deshalb empfehlen wir Ihnen zus\u00e4tzliche medizinische Vorsorgepakete, welche gesondert berechnet werden m\u00fcssen (lt. Geb\u00fchrenordnung f. \u00c4rzte, GO\u00c4)<\/p>\n<p><\/p>\n<p class=\"has-text-color has-vivid-cyan-blue-color\"><strong>I Kombi-Check<\/strong><\/p>\n<p><\/p>\n<ul class=\"wp-block-list\">\n<li>Messung des Ruheblutdrucks<\/li>\n<li>orientierende Urinuntersuchung<\/li>\n<li>Ruhe-EKG<\/li>\n<li>umfassende Blutuntersuchung<\/li>\n<li>Abschlussgespr\u00e4ch<\/li>\n<\/ul>\n<p><\/p>\n<p class=\"has-text-color has-vivid-cyan-blue-color\"><strong> II Kombi-Plus-Check II<\/strong><\/p>\n<p><\/p>\n<p>Bei diesem Vorsorgepaket wurde der Kombi-Check um zwei wichtige technische Fr\u00fcherkennungsuntersuchungen erweitert. Wie im Kombi-Check beinhaltet der Kombi-Plus-Check das Erfassen der wichtigsten Risikofaktoren und Fr\u00fcherkennung der h\u00e4ufigsten in unseren Breiten vorkommenden Erkrankungen.<\/p>\n<p><\/p>\n<ul class=\"wp-block-list\">\n<li>Screening auf Herz-Lungen-Erkrankungen<\/li>\n<li>Messung des Ruheblutdrucks<\/li>\n<li>orientierende Urinuntersuchung<\/li>\n<li>Ruhe-EKG<\/li>\n<li>Belastungs-EKG<\/li>\n<li>Spirometrie (Lungenfunktionspr\u00fcfung)<\/li>\n<li>umfassende Blutuntersuchung<\/li>\n<li>Abschlussgespr\u00e4ch und Risikoberatung<br><\/li>\n<\/ul>\n<p><\/p>\n<p class=\"has-text-color has-vivid-cyan-blue-color\"><strong>III<\/strong> <strong>Facharzt-Komplett-Check<\/strong><\/p>\n<p><\/p>\n<p class=\"has-normal-font-size\">In Erg\u00e4nzung zum Kombi-Plus-Check werden zwei weitere technische Fr\u00fcherkennungsuntersuchungen angewendet. Wie im Kombi-Check und im Kombi-Plus-Check beinhaltet dieses Vorsorgepaket das Erfassen der wichtigsten Risikofaktoren und Fr\u00fcherkennung der h\u00e4ufigsten in unseren Breiten vorkommenden Erkrankungen. Die Sicherheit bei der Erkennung von Fr\u00fchstadien vieler Herz-, Lungen- und abdominellen Erkrankungen wird abermals erh\u00f6ht.<br>Gezieltes Screening auf Herz-Lungen- und abdominelle Erkrankungen.<\/p>\n<p><\/p>\n<ul class=\"wp-block-list\">\n<li>k\u00f6rperliche Untersuchung<br><\/li>\n<li>Messung des Ruheblutdrucks<\/li>\n<li>orientierende Urinuntersuchung<\/li>\n<li>Ruhe-EKG<\/li>\n<li>Belastungs-EKG<\/li>\n<li>Spirometrie (Lungenfunktionspr\u00fcfung)<\/li>\n<li>umfassende Blutuntersuchung (auf Wunsch Hormonstatus)<br><\/li>\n<li>24-Stunden Blutdruckmessung<\/li>\n<li>abdominelle Sonographie (Ultraschalluntersuchung der Bauchorgane)<\/li>\n<li>Schiddr\u00fcsen-Check incl. Sonographie<\/li><li>Abschlussgespr\u00e4ch und Risikoberatung<\/li>\n<\/ul>\n<p><\/p>\n<div class=\"wp-block-button aligncenter\"><a class=\"wp-block-button__link has-background has-vivid-cyan-blue-background-color\" href=\"https:\/\/sawomedicus.de\/cms\/kontakt\/\">KONTAKT<\/a><\/div>\n<p><\/p>\t\t\t\t\t\t\t\t<\/div>\n\t\t\t\t<\/div>\n\t\t\t\t\t<\/div>\n\t\t<\/div>\n\t\t\t\t\t<\/div>\n\t\t<\/section>\n\t\t\t\t<\/div>\n\t\t","protected":false},"excerpt":{"rendered":"<p>Erweiterter Gesundheits-Check Previous Next &nbsp; &nbsp; &nbsp; &nbsp; &nbsp; &nbsp; &nbsp; &nbsp; &nbsp; &nbsp; Wollten Sie schon immer wissen, ob bei Ihnen \u201ealles in Ordnung\u201c ist? Die gesetzliche Krankenversicherung beschr\u00e4nkt sich bei der Vorsorge auf medizinisch unbedingt notwendige und wirtschaftlich vertretbare Leistungen. Zahlreiche medizinisch empfehlenswerte \u00e4rztliche Untersuchungen geh\u00f6ren nicht (mehr) zum Leistungskatalog der gesetzlichen Krankenkassen. &hellip; <\/p>\n<p class=\"link-more\"><a href=\"https:\/\/sawomedicus.de\/cms\/erweiterter-gesundheits-check\/\" class=\"more-link\">Continue reading<span class=\"screen-reader-text\"> &#8220;Erweiterter Gesundheits-Check&#8221;<\/span><\/a><\/p>\n","protected":false},"author":4,"featured_media":0,"parent":0,"menu_order":0,"comment_status":"closed","ping_status":"closed","template":"","meta":{"footnotes":""},"class_list":["post-208","page","type-page","status-publish","hentry"],"_links":{"self":[{"href":"https:\/\/sawomedicus.de\/cms\/wp-json\/wp\/v2\/pages\/208","targetHints":{"allow":["GET"]}}],"collection":[{"href":"https:\/\/sawomedicus.de\/cms\/wp-json\/wp\/v2\/pages"}],"about":[{"href":"https:\/\/sawomedicus.de\/cms\/wp-json\/wp\/v2\/types\/page"}],"author":[{"embeddable":true,"href":"https:\/\/sawomedicus.de\/cms\/wp-json\/wp\/v2\/users\/4"}],"replies":[{"embeddable":true,"href":"https:\/\/sawomedicus.de\/cms\/wp-json\/wp\/v2\/comments?post=208"}],"version-history":[{"count":15,"href":"https:\/\/sawomedicus.de\/cms\/wp-json\/wp\/v2\/pages\/208\/revisions"}],"predecessor-version":[{"id":1651,"href":"https:\/\/sawomedicus.de\/cms\/wp-json\/wp\/v2\/pages\/208\/revisions\/1651"}],"wp:attachment":[{"href":"https:\/\/sawomedicus.de\/cms\/wp-json\/wp\/v2\/media?parent=208"}],"curies":[{"name":"wp","href":"https:\/\/api.w.org\/{rel}","templated":true}]}}