{"id":203,"date":"2019-11-21T14:41:35","date_gmt":"2019-11-21T14:41:35","guid":{"rendered":"http:\/\/sawomedicus.de\/cms\/?page_id=203"},"modified":"2022-12-30T11:17:29","modified_gmt":"2022-12-30T11:17:29","slug":"gesundheitsvorsorge-check-up","status":"publish","type":"page","link":"https:\/\/sawomedicus.de\/cms\/gesundheitsvorsorge-check-up\/","title":{"rendered":"Gesundheitsvorsorge \/ Check up"},"content":{"rendered":"\t\t<div data-elementor-type=\"wp-page\" data-elementor-id=\"203\" class=\"elementor elementor-203\">\n\t\t\t\t\t\t<section class=\"elementor-section elementor-top-section elementor-element elementor-element-c931c02 elementor-section-boxed elementor-section-height-default elementor-section-height-default\" data-id=\"c931c02\" data-element_type=\"section\" data-e-type=\"section\">\n\t\t\t\t\t\t<div class=\"elementor-container elementor-column-gap-default\">\n\t\t\t\t\t<div class=\"elementor-column elementor-col-100 elementor-top-column elementor-element elementor-element-621cbfb\" data-id=\"621cbfb\" data-element_type=\"column\" data-e-type=\"column\">\n\t\t\t<div class=\"elementor-widget-wrap elementor-element-populated\">\n\t\t\t\t\t\t<div class=\"elementor-element elementor-element-6e37318 elementor-widget elementor-widget-text-editor\" data-id=\"6e37318\" data-element_type=\"widget\" data-e-type=\"widget\" data-widget_type=\"text-editor.default\">\n\t\t\t\t<div class=\"elementor-widget-container\">\n\t\t\t\t\t\t\t\t\t<h2 class=\"has-vivid-cyan-blue-color has-text-color has-text-align-center\">Gesundheitsvorsorge \/ Check up<\/h2>\t\t\t\t\t\t\t\t<\/div>\n\t\t\t\t<\/div>\n\t\t\t\t\t<\/div>\n\t\t<\/div>\n\t\t\t\t\t<\/div>\n\t\t<\/section>\n\t\t\t\t<section class=\"elementor-section elementor-top-section elementor-element elementor-element-9dd99ed elementor-section-stretched elementor-section-boxed elementor-section-height-default elementor-section-height-default\" data-id=\"9dd99ed\" data-element_type=\"section\" data-e-type=\"section\" data-settings=\"{&quot;stretch_section&quot;:&quot;section-stretched&quot;}\">\n\t\t\t\t\t\t<div class=\"elementor-container elementor-column-gap-default\">\n\t\t\t\t\t<div class=\"elementor-column elementor-col-100 elementor-top-column elementor-element elementor-element-83d1b8c\" data-id=\"83d1b8c\" data-element_type=\"column\" data-e-type=\"column\">\n\t\t\t<div class=\"elementor-widget-wrap elementor-element-populated\">\n\t\t\t\t\t\t<div class=\"elementor-element elementor-element-3b52464 elementor-widget elementor-widget-image\" data-id=\"3b52464\" data-element_type=\"widget\" data-e-type=\"widget\" data-widget_type=\"image.default\">\n\t\t\t\t<div class=\"elementor-widget-container\">\n\t\t\t\t\t\t\t\t\t\t\t\t\t\t\t<img fetchpriority=\"high\" decoding=\"async\" width=\"1920\" height=\"1280\" src=\"https:\/\/sawomedicus.de\/cms\/wp-content\/uploads\/2020\/01\/ecg-1953179_1920.jpg\" class=\"attachment-2048x2048 size-2048x2048 wp-image-1014\" alt=\"\" srcset=\"https:\/\/sawomedicus.de\/cms\/wp-content\/uploads\/2020\/01\/ecg-1953179_1920.jpg 1920w, https:\/\/sawomedicus.de\/cms\/wp-content\/uploads\/2020\/01\/ecg-1953179_1920-300x200.jpg 300w, https:\/\/sawomedicus.de\/cms\/wp-content\/uploads\/2020\/01\/ecg-1953179_1920-1024x683.jpg 1024w, https:\/\/sawomedicus.de\/cms\/wp-content\/uploads\/2020\/01\/ecg-1953179_1920-768x512.jpg 768w, https:\/\/sawomedicus.de\/cms\/wp-content\/uploads\/2020\/01\/ecg-1953179_1920-1536x1024.jpg 1536w\" sizes=\"100vw\" \/>\t\t\t\t\t\t\t\t\t\t\t\t\t\t\t<\/div>\n\t\t\t\t<\/div>\n\t\t\t\t\t<\/div>\n\t\t<\/div>\n\t\t\t\t\t<\/div>\n\t\t<\/section>\n\t\t\t\t<section class=\"elementor-section elementor-top-section elementor-element elementor-element-3d810612 elementor-section-boxed elementor-section-height-default elementor-section-height-default\" data-id=\"3d810612\" data-element_type=\"section\" data-e-type=\"section\">\n\t\t\t\t\t\t<div class=\"elementor-container elementor-column-gap-default\">\n\t\t\t\t\t<div class=\"elementor-column elementor-col-100 elementor-top-column elementor-element elementor-element-48ddcc13\" data-id=\"48ddcc13\" data-element_type=\"column\" data-e-type=\"column\">\n\t\t\t<div class=\"elementor-widget-wrap elementor-element-populated\">\n\t\t\t\t\t\t<div class=\"elementor-element elementor-element-24541850 elementor-widget elementor-widget-text-editor\" data-id=\"24541850\" data-element_type=\"widget\" data-e-type=\"widget\" data-widget_type=\"text-editor.default\">\n\t\t\t\t<div class=\"elementor-widget-container\">\n\t\t\t\t\t\t\t\t\t<p><\/p>\n<p><\/p>\n<p><\/p>\n<p class=\"has-text-align-left\">&nbsp; &nbsp; &nbsp; &nbsp; &nbsp; &nbsp; &nbsp;Diese Fr\u00fcherkennungsuntersuchung wird f\u00fcr alle ab dem 35. Lebensjahr alle 3 Jahre von den gesetzlichen Krankenkassen erstattet. Sie dient der <strong>fr\u00fchzeitigen Erkennung h\u00e4ufig auftretender Erkrankungen<\/strong>&nbsp;wie Diabetes mellitus (Zuckerkrankheit), Hyperlipid\u00e4mie (Fettstoffwechselst\u00f6rungen) und arterieller Hypertonie (Bluthochdruck) mittels k\u00f6rperlicher Untersuchung und Laboranalyse.<\/p>\n<p>&nbsp; &nbsp; &nbsp; &nbsp; &nbsp; &nbsp; &nbsp;M\u00e4nner ab dem 50. Lebensjahr und Frauen ab dem 55. Lebensjahr geh\u00f6ren dazu auch die Aufkl\u00e4rung \u00fcber die pr\u00e4ventive&nbsp;<strong>Koloskopie<\/strong>&nbsp;(Vorsorgedarmspiegelung) zur Dickdarmkrebs-fr\u00fcherkennung.<\/p>\n<p><\/p>\n<p><\/p>\n<p class=\"has-text-align-center\">Mehr <img decoding=\"async\" class=\"emoji\" role=\"img\" draggable=\"false\" src=\"https:\/\/s.w.org\/images\/core\/emoji\/12.0.0-1\/svg\/1f449.svg\" alt=\"\ud83d\udc49\"> <a href=\"http:\/\/de.wikipedia.org\/wiki\/Koloskopie\" target=\"_blank\" rel=\"noreferrer noopener\">http:\/\/de.wikipedia.org\/wiki\/Koloskopie<\/a><\/p>\n<p><\/p>\n<p><\/p>\n<p class=\"has-text-align-center\">W\u00fcnschen Sie weitere Vorsorgeuntersuchungen?<br><img decoding=\"async\" class=\"emoji\" role=\"img\" draggable=\"false\" src=\"https:\/\/s.w.org\/images\/core\/emoji\/12.0.0-1\/svg\/1f449.svg\" alt=\"\ud83d\udc49\"><a href=\"https:\/\/sawomedicus.de\/cms\/erweiterter-gesundheits-check\/\"> https:\/\/sawomedicus.de\/cms\/erweiterter-gesundheits-check\/<\/a><\/p>\n<p><\/p>\t\t\t\t\t\t\t\t<\/div>\n\t\t\t\t<\/div>\n\t\t\t\t\t<\/div>\n\t\t<\/div>\n\t\t\t\t\t<\/div>\n\t\t<\/section>\n\t\t\t\t<\/div>\n\t\t","protected":false},"excerpt":{"rendered":"<p>Gesundheitsvorsorge \/ Check up &nbsp; &nbsp; &nbsp; &nbsp; &nbsp; &nbsp; &nbsp;Diese Fr\u00fcherkennungsuntersuchung wird f\u00fcr alle ab dem 35. Lebensjahr alle 3 Jahre von den gesetzlichen Krankenkassen erstattet. Sie dient der fr\u00fchzeitigen Erkennung h\u00e4ufig auftretender Erkrankungen&nbsp;wie Diabetes mellitus (Zuckerkrankheit), Hyperlipid\u00e4mie (Fettstoffwechselst\u00f6rungen) und arterieller Hypertonie (Bluthochdruck) mittels k\u00f6rperlicher Untersuchung und Laboranalyse. &nbsp; &nbsp; &nbsp; &nbsp; &nbsp; &nbsp; &hellip; <\/p>\n<p class=\"link-more\"><a href=\"https:\/\/sawomedicus.de\/cms\/gesundheitsvorsorge-check-up\/\" class=\"more-link\">Continue reading<span class=\"screen-reader-text\"> &#8220;Gesundheitsvorsorge \/ Check up&#8221;<\/span><\/a><\/p>\n","protected":false},"author":4,"featured_media":0,"parent":0,"menu_order":0,"comment_status":"closed","ping_status":"closed","template":"","meta":{"footnotes":""},"class_list":["post-203","page","type-page","status-publish","hentry"],"_links":{"self":[{"href":"https:\/\/sawomedicus.de\/cms\/wp-json\/wp\/v2\/pages\/203","targetHints":{"allow":["GET"]}}],"collection":[{"href":"https:\/\/sawomedicus.de\/cms\/wp-json\/wp\/v2\/pages"}],"about":[{"href":"https:\/\/sawomedicus.de\/cms\/wp-json\/wp\/v2\/types\/page"}],"author":[{"embeddable":true,"href":"https:\/\/sawomedicus.de\/cms\/wp-json\/wp\/v2\/users\/4"}],"replies":[{"embeddable":true,"href":"https:\/\/sawomedicus.de\/cms\/wp-json\/wp\/v2\/comments?post=203"}],"version-history":[{"count":15,"href":"https:\/\/sawomedicus.de\/cms\/wp-json\/wp\/v2\/pages\/203\/revisions"}],"predecessor-version":[{"id":1641,"href":"https:\/\/sawomedicus.de\/cms\/wp-json\/wp\/v2\/pages\/203\/revisions\/1641"}],"wp:attachment":[{"href":"https:\/\/sawomedicus.de\/cms\/wp-json\/wp\/v2\/media?parent=203"}],"curies":[{"name":"wp","href":"https:\/\/api.w.org\/{rel}","templated":true}]}}