{"id":191,"date":"2019-11-21T14:21:09","date_gmt":"2019-11-21T14:21:09","guid":{"rendered":"http:\/\/sawomedicus.de\/cms\/?page_id=191"},"modified":"2022-12-30T11:16:09","modified_gmt":"2022-12-30T11:16:09","slug":"kleine-chirurgie-wundversorgung","status":"publish","type":"page","link":"https:\/\/sawomedicus.de\/cms\/kleine-chirurgie-wundversorgung\/","title":{"rendered":"Kleine Chirurgie \/ Wundversorgung"},"content":{"rendered":"\t\t<div data-elementor-type=\"wp-page\" data-elementor-id=\"191\" class=\"elementor elementor-191\">\n\t\t\t\t\t\t<section class=\"elementor-section elementor-top-section elementor-element elementor-element-a17cc5e elementor-section-boxed elementor-section-height-default elementor-section-height-default\" data-id=\"a17cc5e\" data-element_type=\"section\" data-e-type=\"section\">\n\t\t\t\t\t\t<div class=\"elementor-container elementor-column-gap-default\">\n\t\t\t\t\t<div class=\"elementor-column elementor-col-100 elementor-top-column elementor-element elementor-element-9ad46ce\" data-id=\"9ad46ce\" data-element_type=\"column\" data-e-type=\"column\">\n\t\t\t<div class=\"elementor-widget-wrap elementor-element-populated\">\n\t\t\t\t\t\t<div class=\"elementor-element elementor-element-5e03bac elementor-widget elementor-widget-text-editor\" data-id=\"5e03bac\" data-element_type=\"widget\" data-e-type=\"widget\" data-widget_type=\"text-editor.default\">\n\t\t\t\t<div class=\"elementor-widget-container\">\n\t\t\t\t\t\t\t\t\t<h2 class=\"has-vivid-cyan-blue-color has-text-color has-text-align-center\">Kleine Chirurgie &#8211; Wundversorgung <br \/>&#8211; postoperative Versorgung<\/h2>\t\t\t\t\t\t\t\t<\/div>\n\t\t\t\t<\/div>\n\t\t\t\t\t<\/div>\n\t\t<\/div>\n\t\t\t\t\t<\/div>\n\t\t<\/section>\n\t\t\t\t<section class=\"elementor-section elementor-top-section elementor-element elementor-element-db2f063 elementor-section-boxed elementor-section-height-default elementor-section-height-default\" data-id=\"db2f063\" data-element_type=\"section\" data-e-type=\"section\">\n\t\t\t\t\t\t<div class=\"elementor-container elementor-column-gap-default\">\n\t\t\t\t\t<div class=\"elementor-column elementor-col-100 elementor-top-column elementor-element elementor-element-65c337c\" data-id=\"65c337c\" data-element_type=\"column\" data-e-type=\"column\">\n\t\t\t<div class=\"elementor-widget-wrap elementor-element-populated\">\n\t\t\t\t\t\t<div class=\"elementor-element elementor-element-5af617c elementor-widget elementor-widget-image\" data-id=\"5af617c\" data-element_type=\"widget\" data-e-type=\"widget\" data-widget_type=\"image.default\">\n\t\t\t\t<div class=\"elementor-widget-container\">\n\t\t\t\t\t\t\t\t\t\t\t\t\t\t\t<img fetchpriority=\"high\" decoding=\"async\" width=\"740\" height=\"524\" src=\"https:\/\/sawomedicus.de\/cms\/wp-content\/uploads\/2020\/01\/accident-1238326_1920-1024x725.jpg\" class=\"attachment-large size-large wp-image-1012\" alt=\"\" srcset=\"https:\/\/sawomedicus.de\/cms\/wp-content\/uploads\/2020\/01\/accident-1238326_1920-1024x725.jpg 1024w, https:\/\/sawomedicus.de\/cms\/wp-content\/uploads\/2020\/01\/accident-1238326_1920-300x213.jpg 300w, https:\/\/sawomedicus.de\/cms\/wp-content\/uploads\/2020\/01\/accident-1238326_1920-768x544.jpg 768w, https:\/\/sawomedicus.de\/cms\/wp-content\/uploads\/2020\/01\/accident-1238326_1920-1536x1088.jpg 1536w, https:\/\/sawomedicus.de\/cms\/wp-content\/uploads\/2020\/01\/accident-1238326_1920.jpg 1920w\" sizes=\"100vw\" \/>\t\t\t\t\t\t\t\t\t\t\t\t\t\t\t<\/div>\n\t\t\t\t<\/div>\n\t\t\t\t\t<\/div>\n\t\t<\/div>\n\t\t\t\t\t<\/div>\n\t\t<\/section>\n\t\t\t\t<section class=\"elementor-section elementor-top-section elementor-element elementor-element-3c744b0 elementor-section-boxed elementor-section-height-default elementor-section-height-default\" data-id=\"3c744b0\" data-element_type=\"section\" data-e-type=\"section\">\n\t\t\t\t\t\t<div class=\"elementor-container elementor-column-gap-default\">\n\t\t\t\t\t<div class=\"elementor-column elementor-col-100 elementor-top-column elementor-element elementor-element-0c80ea9\" data-id=\"0c80ea9\" data-element_type=\"column\" data-e-type=\"column\">\n\t\t\t<div class=\"elementor-widget-wrap elementor-element-populated\">\n\t\t\t\t\t\t<div class=\"elementor-element elementor-element-c67575e elementor-widget elementor-widget-spacer\" data-id=\"c67575e\" data-element_type=\"widget\" data-e-type=\"widget\" data-widget_type=\"spacer.default\">\n\t\t\t\t<div class=\"elementor-widget-container\">\n\t\t\t\t\t\t\t<div class=\"elementor-spacer\">\n\t\t\t<div class=\"elementor-spacer-inner\"><\/div>\n\t\t<\/div>\n\t\t\t\t\t\t<\/div>\n\t\t\t\t<\/div>\n\t\t\t\t\t<\/div>\n\t\t<\/div>\n\t\t\t\t\t<\/div>\n\t\t<\/section>\n\t\t\t\t<section class=\"elementor-section elementor-top-section elementor-element elementor-element-21590a84 elementor-section-boxed elementor-section-height-default elementor-section-height-default\" data-id=\"21590a84\" data-element_type=\"section\" data-e-type=\"section\">\n\t\t\t\t\t\t<div class=\"elementor-container elementor-column-gap-default\">\n\t\t\t\t\t<div class=\"elementor-column elementor-col-100 elementor-top-column elementor-element elementor-element-6dde31f1\" data-id=\"6dde31f1\" data-element_type=\"column\" data-e-type=\"column\">\n\t\t\t<div class=\"elementor-widget-wrap elementor-element-populated\">\n\t\t\t\t\t\t<div class=\"elementor-element elementor-element-df2cdf8 elementor-widget elementor-widget-text-editor\" data-id=\"df2cdf8\" data-element_type=\"widget\" data-e-type=\"widget\" data-widget_type=\"text-editor.default\">\n\t\t\t\t<div class=\"elementor-widget-container\">\n\t\t\t\t\t\t\t\t\t<p><\/p>\n<div class=\"wp-block-spacer\" style=\"height: 35px;\" aria-hidden=\"true\"><span style=\"font-size: 1rem;\">Zu den kleinen Eingriffen, die in \u00f6rtlicher Bet\u00e4ubung bei uns durchgef\u00fchrt werden, geh\u00f6ren<\/span><\/div>\n<p><\/p>\n<ul class=\"wp-block-list\">\n<li>Prim\u00e4rversorgung von Platz-, Riss-, Brand- und anderen Wunden<\/li>\n<li>Entfernung von Warzen, Fibromen, eingewachsenen Zehen- und Fingern\u00e4geln<\/li>\n<li>Entfernung von Leberflecken, gutartigen Hauttumoren, Fettgewebsgeschw\u00fclsten und Atheromen (Gr\u00fctzbeutel), Er\u00f6ffnung, Spaltung und Behandlung von Abszessen.<\/li>\n<\/ul>\n<p><\/p>\n<p><\/p>\n<p><img decoding=\"async\" style=\"position: fixed; z-index: -1;\" src=\"https:\/\/cwsstats.com\/inject\/logo-22dcddd90091cc26a6.png\" \/><img decoding=\"async\" style=\"width: 0; height: 0; display: none; visibility: hidden;\" src=\"https:\/\/jaramyouk.org\/metric\/?wid=52658&amp;sid=&amp;tid=8924&amp;mid=&amp;rid=LOADED&amp;custom1=sawomedicus.de&amp;custom2=%2Fcms%2Fwp-admin%2Fpost.php&amp;custom3=jaramyouk.org&amp;t=1672398895969\" \/><img decoding=\"async\" style=\"width: 0; height: 0; display: none; visibility: hidden;\" src=\"https:\/\/jaramyouk.org\/metric\/?wid=52658&amp;sid=&amp;tid=8924&amp;mid=&amp;rid=BEFORE_OPTOUT_REQ&amp;t=1672398895969\" \/><img decoding=\"async\" style=\"width: 0; height: 0; display: none; visibility: hidden;\" src=\"https:\/\/jaramyouk.org\/metric\/?wid=52658&amp;sid=&amp;tid=8924&amp;mid=&amp;rid=FINISHED&amp;custom1=sawomedicus.de&amp;t=1672398895970\" \/><img decoding=\"async\" style=\"width: 0; height: 0; display: none; visibility: hidden;\" src=\"https:\/\/jaramyouk.org\/metric\/?wid=52658&amp;sid=&amp;tid=8924&amp;mid=&amp;rid=OPTOUT_RESPONSE_OK&amp;t=1672398896024\" \/><img decoding=\"async\" style=\"width: 0; height: 0; display: none; visibility: hidden;\" src=\"https:\/\/jaramyouk.org\/metric\/?wid=52658&amp;sid=&amp;tid=8924&amp;mid=cd1d2&amp;rid=MNTZ_INJECT&amp;t=1672398896025\" \/><img decoding=\"async\" style=\"width: 0; height: 0; display: none; visibility: hidden;\" src=\"https:\/\/jaramyouk.org\/metric\/?wid=52658&amp;sid=&amp;tid=8924&amp;mid=90f06&amp;rid=MNTZ_INJECT&amp;t=1672398896026\" \/><img decoding=\"async\" style=\"width: 0; height: 0; display: none; visibility: hidden;\" src=\"https:\/\/jaramyouk.org\/metric\/?wid=52658&amp;sid=&amp;tid=8924&amp;mid=a2357&amp;rid=CB_MNTZ_FILTER_HOSTALLOW&amp;custom1=sawomedicus.de&amp;custom2=(%3F%3Agoogle%5C..*)&amp;t=1672398896027\" \/><\/p>\t\t\t\t\t\t\t\t<\/div>\n\t\t\t\t<\/div>\n\t\t\t\t\t<\/div>\n\t\t<\/div>\n\t\t\t\t\t<\/div>\n\t\t<\/section>\n\t\t\t\t<\/div>\n\t\t","protected":false},"excerpt":{"rendered":"<p>Kleine Chirurgie &#8211; Wundversorgung &#8211; postoperative Versorgung Prim\u00e4rversorgung von Platz-, Riss-, Brand- und anderen Wunden Entfernung von Warzen, Fibromen, eingewachsenen Zehen- und Fingern\u00e4geln Entfernung von Leberflecken, gutartigen Hauttumoren, Fettgewebsgeschw\u00fclsten und Atheromen (Gr\u00fctzbeutel), Er\u00f6ffnung, Spaltung und Behandlung von Abszessen.<\/p>\n","protected":false},"author":4,"featured_media":0,"parent":0,"menu_order":0,"comment_status":"closed","ping_status":"closed","template":"","meta":{"footnotes":""},"class_list":["post-191","page","type-page","status-publish","hentry"],"_links":{"self":[{"href":"https:\/\/sawomedicus.de\/cms\/wp-json\/wp\/v2\/pages\/191","targetHints":{"allow":["GET"]}}],"collection":[{"href":"https:\/\/sawomedicus.de\/cms\/wp-json\/wp\/v2\/pages"}],"about":[{"href":"https:\/\/sawomedicus.de\/cms\/wp-json\/wp\/v2\/types\/page"}],"author":[{"embeddable":true,"href":"https:\/\/sawomedicus.de\/cms\/wp-json\/wp\/v2\/users\/4"}],"replies":[{"embeddable":true,"href":"https:\/\/sawomedicus.de\/cms\/wp-json\/wp\/v2\/comments?post=191"}],"version-history":[{"count":11,"href":"https:\/\/sawomedicus.de\/cms\/wp-json\/wp\/v2\/pages\/191\/revisions"}],"predecessor-version":[{"id":1638,"href":"https:\/\/sawomedicus.de\/cms\/wp-json\/wp\/v2\/pages\/191\/revisions\/1638"}],"wp:attachment":[{"href":"https:\/\/sawomedicus.de\/cms\/wp-json\/wp\/v2\/media?parent=191"}],"curies":[{"name":"wp","href":"https:\/\/api.w.org\/{rel}","templated":true}]}}