{"id":1699,"date":"2023-05-21T11:01:43","date_gmt":"2023-05-21T11:01:43","guid":{"rendered":"https:\/\/sawomedicus.de\/cms\/?page_id=1699"},"modified":"2023-05-21T11:17:17","modified_gmt":"2023-05-21T11:17:17","slug":"elementor-1699","status":"publish","type":"page","link":"https:\/\/sawomedicus.de\/cms\/elementor-1699\/","title":{"rendered":"Unser Leitbild"},"content":{"rendered":"\t\t<div data-elementor-type=\"wp-page\" data-elementor-id=\"1699\" class=\"elementor elementor-1699\">\n\t\t\t\t\t\t<section class=\"elementor-section elementor-top-section elementor-element elementor-element-3139e92 elementor-section-boxed elementor-section-height-default elementor-section-height-default\" data-id=\"3139e92\" data-element_type=\"section\" data-e-type=\"section\">\n\t\t\t\t\t\t<div class=\"elementor-container elementor-column-gap-default\">\n\t\t\t\t\t<div class=\"elementor-column elementor-col-100 elementor-top-column elementor-element elementor-element-c706e08\" data-id=\"c706e08\" data-element_type=\"column\" data-e-type=\"column\">\n\t\t\t<div class=\"elementor-widget-wrap elementor-element-populated\">\n\t\t\t\t\t\t<div class=\"elementor-element elementor-element-5a6f925 elementor-widget elementor-widget-heading\" data-id=\"5a6f925\" data-element_type=\"widget\" data-e-type=\"widget\" data-widget_type=\"heading.default\">\n\t\t\t\t<div class=\"elementor-widget-container\">\n\t\t\t\t\t<h5 class=\"elementor-heading-title elementor-size-medium\">Unser Leitbild<\/h5>\t\t\t\t<\/div>\n\t\t\t\t<\/div>\n\t\t\t\t\t<\/div>\n\t\t<\/div>\n\t\t\t\t\t<\/div>\n\t\t<\/section>\n\t\t\t\t<section class=\"elementor-section elementor-top-section elementor-element elementor-element-825cb5b elementor-section-boxed elementor-section-height-default elementor-section-height-default\" data-id=\"825cb5b\" data-element_type=\"section\" data-e-type=\"section\">\n\t\t\t\t\t\t<div class=\"elementor-container elementor-column-gap-default\">\n\t\t\t\t\t<div class=\"elementor-column elementor-col-100 elementor-top-column elementor-element elementor-element-db1c860\" data-id=\"db1c860\" data-element_type=\"column\" data-e-type=\"column\">\n\t\t\t<div class=\"elementor-widget-wrap elementor-element-populated\">\n\t\t\t\t\t\t<div class=\"elementor-element elementor-element-ac4d0d6 elementor-widget elementor-widget-spacer\" data-id=\"ac4d0d6\" data-element_type=\"widget\" data-e-type=\"widget\" data-widget_type=\"spacer.default\">\n\t\t\t\t<div class=\"elementor-widget-container\">\n\t\t\t\t\t\t\t<div class=\"elementor-spacer\">\n\t\t\t<div class=\"elementor-spacer-inner\"><\/div>\n\t\t<\/div>\n\t\t\t\t\t\t<\/div>\n\t\t\t\t<\/div>\n\t\t\t\t\t<\/div>\n\t\t<\/div>\n\t\t\t\t\t<\/div>\n\t\t<\/section>\n\t\t\t\t<section class=\"elementor-section elementor-top-section elementor-element elementor-element-46716a5 elementor-section-boxed elementor-section-height-default elementor-section-height-default\" data-id=\"46716a5\" data-element_type=\"section\" data-e-type=\"section\">\n\t\t\t\t\t\t<div class=\"elementor-container elementor-column-gap-default\">\n\t\t\t\t\t<div class=\"elementor-column elementor-col-100 elementor-top-column elementor-element elementor-element-b97ca3f\" data-id=\"b97ca3f\" data-element_type=\"column\" data-e-type=\"column\">\n\t\t\t<div class=\"elementor-widget-wrap elementor-element-populated\">\n\t\t\t\t\t\t<div class=\"elementor-element elementor-element-3556c5c elementor-widget elementor-widget-text-editor\" data-id=\"3556c5c\" data-element_type=\"widget\" data-e-type=\"widget\" data-widget_type=\"text-editor.default\">\n\t\t\t\t<div class=\"elementor-widget-container\">\n\t\t\t\t\t\t\t\t\t<p style=\"text-align: center;\">\u201eDie W\u00fcrde des Menschen ist unantastbar.\u201c<br \/>(Artikel 1 Grundgesetz)<\/p><p style=\"text-align: center;\">\u201cBei unserer Aufnahme in den \u00e4rztlichen Berufsstand geloben wir, unser Leben in den Dienst der Menschlichkeit zu stellen.<br \/>(Gel\u00f6bnis f\u00fcr jede \u00c4rztin und jeden Arzt)<\/p><p style=\"text-align: left;\">\u00a0 \u00a0 \u00a0 \u00a0Diesen ethischen Grunds\u00e4tzen f\u00fchlen wir uns verpflichtet und er leitet unsere Arbeit.<br \/>F\u00fcr uns sind alle Menschen gleichwertig. <br \/>\u00a0 \u00a0 \u00a0 \u00a0<br \/>\u00a0 \u00a0 \u00a0 \u00a0Die k\u00f6rperliche, psychische und soziale Gesundheit und das Wohlbefinden unserer Patientinnen und Patienten soll oberstes Gebot unseres Handelns sein.<\/p><p style=\"text-align: left;\"><span style=\"font-size: 1rem;\">\u00a0 \u00a0 \u00a0 \u00a0Wir respektieren die Autonomie und W\u00fcrde eines jeden Patienten.<br \/><\/span>\u00a0 \u00a0 \u00a0 \u00a0<br \/>\u00a0 \u00a0 \u00a0 \u00a0Wir werden den h\u00f6chsten Respekt vor menschlichem Leben wahren.<\/p><p style=\"text-align: left;\">\u00a0 \u00a0 \u00a0 \u00a0Wir werden nicht zulassen, dass Erw\u00e4gungen von Alter, Krankheit oder Behinderung, Glaube, ethnischer Herkunft, Geschlecht, Staatsangeh\u00f6rigkeit, politischer Zugeh\u00f6rigkeit, Rasse, sexueller Orientierung, sozialer Stellung oder jeglicher anderen Faktoren zwischen unsere Pflichten und unsere Patienten treten.<\/p><p style=\"text-align: left;\">\u00a0 \u00a0 \u00a0 \u00a0Wir verwehren uns gegen jede Form der Abwertung einzelner Gruppen und Menschen, gegen offenen oder latenten Rassismus und Sexismus.<\/p><p style=\"text-align: left;\">\u00a0 \u00a0 \u00a0 \u00a0Wir lehnen jegliche gruppenbezogene Menschenfeidlichkeit, Antisemitismus, Diskriminierung, Hetze, Verschw\u00f6rungstheorien und antidemokratische Haltung ab.<\/p><p style=\"text-align: left;\">\u00a0 \u00a0 \u00a0 \u00a0Wir werden, selbst unter Bedrohung, unser medizinisches Wissen nicht zur Verletzung von Menschenrechten und b\u00fcrgerlichen Freiheiten anwenden.<\/p><p style=\"text-align: left;\">\u00a0 \u00a0 \u00a0 \u00a0Wir f\u00fchlen uns dem aktuellen Stand der Wissenschaft verpflichtet und wir werden unser medizinisches Wissen zum Wohle der Patientin oder des Patienten und zur Verbesserung der Gesundheitsversorgung teilen.<\/p>\t\t\t\t\t\t\t\t<\/div>\n\t\t\t\t<\/div>\n\t\t\t\t\t<\/div>\n\t\t<\/div>\n\t\t\t\t\t<\/div>\n\t\t<\/section>\n\t\t\t\t<section class=\"elementor-section elementor-top-section elementor-element elementor-element-3348665 elementor-section-boxed elementor-section-height-default elementor-section-height-default\" data-id=\"3348665\" data-element_type=\"section\" data-e-type=\"section\">\n\t\t\t\t\t\t<div class=\"elementor-container elementor-column-gap-default\">\n\t\t\t\t\t<div class=\"elementor-column elementor-col-100 elementor-top-column elementor-element elementor-element-4246cdb\" data-id=\"4246cdb\" data-element_type=\"column\" data-e-type=\"column\">\n\t\t\t<div class=\"elementor-widget-wrap elementor-element-populated\">\n\t\t\t\t\t\t<div class=\"elementor-element elementor-element-b9e79ea elementor-widget elementor-widget-image\" data-id=\"b9e79ea\" data-element_type=\"widget\" data-e-type=\"widget\" data-widget_type=\"image.default\">\n\t\t\t\t<div class=\"elementor-widget-container\">\n\t\t\t\t\t\t\t\t\t\t\t\t\t\t\t<img fetchpriority=\"high\" decoding=\"async\" width=\"740\" height=\"494\" src=\"https:\/\/sawomedicus.de\/cms\/wp-content\/uploads\/2023\/05\/6671-1024x683.jpg\" class=\"attachment-large size-large wp-image-1702\" alt=\"\" srcset=\"https:\/\/sawomedicus.de\/cms\/wp-content\/uploads\/2023\/05\/6671-1024x683.jpg 1024w, https:\/\/sawomedicus.de\/cms\/wp-content\/uploads\/2023\/05\/6671-300x200.jpg 300w, https:\/\/sawomedicus.de\/cms\/wp-content\/uploads\/2023\/05\/6671-768x512.jpg 768w, https:\/\/sawomedicus.de\/cms\/wp-content\/uploads\/2023\/05\/6671-1536x1024.jpg 1536w, https:\/\/sawomedicus.de\/cms\/wp-content\/uploads\/2023\/05\/6671-2048x1365.jpg 2048w\" sizes=\"100vw\" \/>\t\t\t\t\t\t\t\t\t\t\t\t\t\t\t<\/div>\n\t\t\t\t<\/div>\n\t\t\t\t\t<\/div>\n\t\t<\/div>\n\t\t\t\t\t<\/div>\n\t\t<\/section>\n\t\t\t\t<\/div>\n\t\t","protected":false},"excerpt":{"rendered":"<p>Unser Leitbild \u201eDie W\u00fcrde des Menschen ist unantastbar.\u201c (Artikel 1 Grundgesetz) \u201cBei unserer Aufnahme in den \u00e4rztlichen Berufsstand geloben wir, unser Leben in den Dienst der Menschlichkeit zu stellen. (Gel\u00f6bnis f\u00fcr jede \u00c4rztin und jeden Arzt) &nbsp; &nbsp; &nbsp; &nbsp;Diesen ethischen Grunds\u00e4tzen f\u00fchlen wir uns verpflichtet und er leitet unsere Arbeit. F\u00fcr uns sind alle &hellip; <\/p>\n<p class=\"link-more\"><a href=\"https:\/\/sawomedicus.de\/cms\/elementor-1699\/\" class=\"more-link\">Continue reading<span class=\"screen-reader-text\"> &#8220;Unser Leitbild&#8221;<\/span><\/a><\/p>\n","protected":false},"author":4,"featured_media":0,"parent":0,"menu_order":0,"comment_status":"closed","ping_status":"closed","template":"","meta":{"footnotes":""},"class_list":["post-1699","page","type-page","status-publish","hentry"],"_links":{"self":[{"href":"https:\/\/sawomedicus.de\/cms\/wp-json\/wp\/v2\/pages\/1699","targetHints":{"allow":["GET"]}}],"collection":[{"href":"https:\/\/sawomedicus.de\/cms\/wp-json\/wp\/v2\/pages"}],"about":[{"href":"https:\/\/sawomedicus.de\/cms\/wp-json\/wp\/v2\/types\/page"}],"author":[{"embeddable":true,"href":"https:\/\/sawomedicus.de\/cms\/wp-json\/wp\/v2\/users\/4"}],"replies":[{"embeddable":true,"href":"https:\/\/sawomedicus.de\/cms\/wp-json\/wp\/v2\/comments?post=1699"}],"version-history":[{"count":9,"href":"https:\/\/sawomedicus.de\/cms\/wp-json\/wp\/v2\/pages\/1699\/revisions"}],"predecessor-version":[{"id":1713,"href":"https:\/\/sawomedicus.de\/cms\/wp-json\/wp\/v2\/pages\/1699\/revisions\/1713"}],"wp:attachment":[{"href":"https:\/\/sawomedicus.de\/cms\/wp-json\/wp\/v2\/media?parent=1699"}],"curies":[{"name":"wp","href":"https:\/\/api.w.org\/{rel}","templated":true}]}}