{"id":1375,"date":"2021-02-23T10:23:07","date_gmt":"2021-02-23T10:23:07","guid":{"rendered":"http:\/\/sawomedicus.de\/cms\/?page_id=1375"},"modified":"2022-12-30T11:34:02","modified_gmt":"2022-12-30T11:34:02","slug":"elementor-1375","status":"publish","type":"page","link":"https:\/\/sawomedicus.de\/cms\/elementor-1375\/","title":{"rendered":"Hyperhidrosis"},"content":{"rendered":"\t\t<div data-elementor-type=\"wp-page\" data-elementor-id=\"1375\" class=\"elementor elementor-1375\">\n\t\t\t\t\t\t<section class=\"elementor-section elementor-top-section elementor-element elementor-element-f9f7891 elementor-section-boxed elementor-section-height-default elementor-section-height-default\" data-id=\"f9f7891\" data-element_type=\"section\" data-e-type=\"section\">\n\t\t\t\t\t\t<div class=\"elementor-container elementor-column-gap-default\">\n\t\t\t\t\t<div class=\"elementor-column elementor-col-100 elementor-top-column elementor-element elementor-element-d20f927\" data-id=\"d20f927\" data-element_type=\"column\" data-e-type=\"column\">\n\t\t\t<div class=\"elementor-widget-wrap elementor-element-populated\">\n\t\t\t\t\t\t<div class=\"elementor-element elementor-element-af689b6 elementor-widget elementor-widget-heading\" data-id=\"af689b6\" data-element_type=\"widget\" data-e-type=\"widget\" data-widget_type=\"heading.default\">\n\t\t\t\t<div class=\"elementor-widget-container\">\n\t\t\t\t\t<h2 class=\"elementor-heading-title elementor-size-default\">Hyperhidrosis<\/h2>\t\t\t\t<\/div>\n\t\t\t\t<\/div>\n\t\t\t\t\t<\/div>\n\t\t<\/div>\n\t\t\t\t\t<\/div>\n\t\t<\/section>\n\t\t\t\t<section class=\"elementor-section elementor-top-section elementor-element elementor-element-7c8d510 elementor-section-boxed elementor-section-height-default elementor-section-height-default\" data-id=\"7c8d510\" data-element_type=\"section\" data-e-type=\"section\">\n\t\t\t\t\t\t<div class=\"elementor-container elementor-column-gap-default\">\n\t\t\t\t\t<div class=\"elementor-column elementor-col-100 elementor-top-column elementor-element elementor-element-39bda54\" data-id=\"39bda54\" data-element_type=\"column\" data-e-type=\"column\">\n\t\t\t<div class=\"elementor-widget-wrap elementor-element-populated\">\n\t\t\t\t\t\t<div class=\"elementor-element elementor-element-e05f8a9 elementor-widget elementor-widget-spacer\" data-id=\"e05f8a9\" data-element_type=\"widget\" data-e-type=\"widget\" data-widget_type=\"spacer.default\">\n\t\t\t\t<div class=\"elementor-widget-container\">\n\t\t\t\t\t\t\t<div class=\"elementor-spacer\">\n\t\t\t<div class=\"elementor-spacer-inner\"><\/div>\n\t\t<\/div>\n\t\t\t\t\t\t<\/div>\n\t\t\t\t<\/div>\n\t\t\t\t<div class=\"elementor-element elementor-element-70b4671 elementor-widget elementor-widget-image\" data-id=\"70b4671\" data-element_type=\"widget\" data-e-type=\"widget\" data-widget_type=\"image.default\">\n\t\t\t\t<div class=\"elementor-widget-container\">\n\t\t\t\t\t\t\t\t\t\t\t\t\t\t\t<img fetchpriority=\"high\" decoding=\"async\" width=\"740\" height=\"493\" src=\"https:\/\/sawomedicus.de\/cms\/wp-content\/uploads\/2021\/02\/bigstock-Young-Woman-With-Sweat-Stain-O-266936920.jpg\" class=\"attachment-large size-large wp-image-1377\" alt=\"\" srcset=\"https:\/\/sawomedicus.de\/cms\/wp-content\/uploads\/2021\/02\/bigstock-Young-Woman-With-Sweat-Stain-O-266936920.jpg 900w, https:\/\/sawomedicus.de\/cms\/wp-content\/uploads\/2021\/02\/bigstock-Young-Woman-With-Sweat-Stain-O-266936920-300x200.jpg 300w, https:\/\/sawomedicus.de\/cms\/wp-content\/uploads\/2021\/02\/bigstock-Young-Woman-With-Sweat-Stain-O-266936920-768x512.jpg 768w\" sizes=\"100vw\" \/>\t\t\t\t\t\t\t\t\t\t\t\t\t\t\t<\/div>\n\t\t\t\t<\/div>\n\t\t\t\t\t<\/div>\n\t\t<\/div>\n\t\t\t\t\t<\/div>\n\t\t<\/section>\n\t\t\t\t<section class=\"elementor-section elementor-top-section elementor-element elementor-element-dac0c37 elementor-section-boxed elementor-section-height-default elementor-section-height-default\" data-id=\"dac0c37\" data-element_type=\"section\" data-e-type=\"section\">\n\t\t\t\t\t\t<div class=\"elementor-container elementor-column-gap-default\">\n\t\t\t\t\t<div class=\"elementor-column elementor-col-100 elementor-top-column elementor-element elementor-element-3e95301\" data-id=\"3e95301\" data-element_type=\"column\" data-e-type=\"column\">\n\t\t\t<div class=\"elementor-widget-wrap elementor-element-populated\">\n\t\t\t\t\t\t<div class=\"elementor-element elementor-element-cb120c5 elementor-widget elementor-widget-spacer\" data-id=\"cb120c5\" data-element_type=\"widget\" data-e-type=\"widget\" data-widget_type=\"spacer.default\">\n\t\t\t\t<div class=\"elementor-widget-container\">\n\t\t\t\t\t\t\t<div class=\"elementor-spacer\">\n\t\t\t<div class=\"elementor-spacer-inner\"><\/div>\n\t\t<\/div>\n\t\t\t\t\t\t<\/div>\n\t\t\t\t<\/div>\n\t\t\t\t\t<\/div>\n\t\t<\/div>\n\t\t\t\t\t<\/div>\n\t\t<\/section>\n\t\t\t\t<section class=\"elementor-section elementor-top-section elementor-element elementor-element-0f6314b elementor-section-boxed elementor-section-height-default elementor-section-height-default\" data-id=\"0f6314b\" data-element_type=\"section\" data-e-type=\"section\">\n\t\t\t\t\t\t<div class=\"elementor-container elementor-column-gap-default\">\n\t\t\t\t\t<div class=\"elementor-column elementor-col-100 elementor-top-column elementor-element elementor-element-8b56f05\" data-id=\"8b56f05\" data-element_type=\"column\" data-e-type=\"column\">\n\t\t\t<div class=\"elementor-widget-wrap elementor-element-populated\">\n\t\t\t\t\t\t<div class=\"elementor-element elementor-element-5f87cbb elementor-widget elementor-widget-text-editor\" data-id=\"5f87cbb\" data-element_type=\"widget\" data-e-type=\"widget\" data-widget_type=\"text-editor.default\">\n\t\t\t\t<div class=\"elementor-widget-container\">\n\t\t\t\t\t\t\t\t\t<p>&nbsp; &nbsp; &nbsp; &nbsp; &nbsp; &nbsp; &nbsp; &nbsp; &nbsp; Krankhaftes Schwitzen lasst sich durch herk\u00f6mmliche Deodorants kaum kontrollieren. Wenn erheblicher Leidensdruck f\u00fcr die Betroffenen besteht, kann durch die Hyperhidrose-Behandlung eine deutliche und nachhaltige Besserung erzielt werden.<\/p>\n<p>&nbsp; &nbsp; &nbsp; &nbsp; &nbsp; &nbsp; &nbsp; &nbsp; &nbsp;Unter dem Begriff Hyperhidrose versteht man aus medizinischer Sicht eine \u00fcberm\u00e4\u00dfige Schwei\u00dfproduktion. Diese kann am ganzen K\u00f6rper auftreten oder sich auf bestimmte Regionen beschr\u00e4nken. H\u00e4ufig sind das die H\u00e4nde, F\u00fc\u00dfe oder Achselh\u00f6hlen. Dabei wird zwischen der prim\u00e4ren und der sekund\u00e4ren Hyperhidrose unterschieden. Die primare Hyperhidrose tritt meist \u00f6rtlich begrenzt an einzelnen Korperstellen auf. Ihre Ursachen sind bis heute nicht eindeutig erforscht.<\/p>\n<p>&nbsp; &nbsp; &nbsp; &nbsp; &nbsp; &nbsp; &nbsp; &nbsp; &nbsp;Bei der sekund\u00e4ren Hyperhidrose handelt es sich um eine generell verst\u00e4rkte Schwei\u00dfproduktion, die verschiedene Ursachen haben kann. Dazu z\u00e4hlen Hormonst\u00f6rungen, Infektionskrankheiten, Bluthochdruck und neurologische Erkrankungen. Auch Diabetes oder die Einnahme bestimmter Medikamente kann eine Hyperhidrose ausl\u00f6sen.<\/p>\n<p>&nbsp; &nbsp; &nbsp; &nbsp; &nbsp; &nbsp; &nbsp; &nbsp; &nbsp;Bei der Botoxbehandlung injizieren wir das Botulinumtoxin an mehreren Stellen unter<br>die Haut. Dadurch unterbinden wir die Aussch\u00fcttung der fur die Schwei\u00dfproduktion verantwortlichen Botenstoffe. Das Schwitzen nimmt auf diese Weise deutlich ab. F\u00fcr eine anhaltende Wirkung muss die Botoxbehandlung in regelm\u00e4\u00dftigen Abst\u00e4nden wiederholt werden.<\/p>\n<p>&nbsp; &nbsp; &nbsp; &nbsp; &nbsp; &nbsp; &nbsp; &nbsp; Wie die Hyperhidrose-Behandlung im Einzelfall abl\u00e4uft, richtet sich nach der gew\u00e4hlten Therapiemethode. Die Botoxbehandlung f\u00fchren wir im Regelfall ambulant durch. Zun\u00e4chst werden die entsprechenden Stellen desinfiziert und gegebenenfalls mit einer An\u00e4sthesiecreme leicht bet\u00e4ubt. Anschlie\u00dfend injiziert der Therapeut das stark verd\u00fcnnte Botulinumtoxin mit einer feinen Nadel unter die Haut. Die gesamte Behandlung dauert nur etwa 30 &#8211; 60 Minuten. Sie k\u00f6nnen die Praxis unmittelbar danach wieder verlassen.&nbsp;<span style=\"color: var( --e-global-color-text ); font-family: var( --e-global-typography-text-font-family ), Sans-serif; font-weight: var( --e-global-typography-text-font-weight ); font-size: 1rem;\">Die Botoxbehandlung ist ein sehr risikoarmer Eingriff, bei dem Komplikationen&nbsp;<\/span><span style=\"color: var( --e-global-color-text ); font-family: var( --e-global-typography-text-font-family ), Sans-serif; font-weight: var( --e-global-typography-text-font-weight ); font-size: 1rem;\">\u00e4u\u00dferst selten sind. Lediglich kurz nach der Behandlung k\u00f6nnen vor\u00fcbergehend&nbsp;<\/span><span style=\"color: var( --e-global-color-text ); font-family: var( --e-global-typography-text-font-family ), Sans-serif; font-weight: var( --e-global-typography-text-font-weight ); font-size: 1rem;\">leichte R\u00f6tungen oder Schwellungen auftreten. Diese gehen in der Regel bereits&nbsp;<\/span><span style=\"color: var( --e-global-color-text ); font-family: var( --e-global-typography-text-font-family ), Sans-serif; font-weight: var( --e-global-typography-text-font-weight ); font-size: 1rem;\">nach wenigen Tagen wieder vollst\u00e4ndig zur\u00fcck.<\/span><\/p>\n<p>&nbsp; &nbsp; &nbsp; &nbsp; &nbsp; &nbsp; &nbsp; &nbsp;Die Wirkung der Botox-Injektionen l\u00e4sst nach etwa 4 &#8211; 7 Monaten nach. F\u00fcr eine<br>dauerhafte Wirkung sollte die Behandlung daher in regelm\u00e4\u00dfigen Abst\u00e4nden wiederholt werden<\/p>\n<p>&nbsp; &nbsp; &nbsp; &nbsp; &nbsp; &nbsp; &nbsp; &nbsp;Genaue Details zum Kostenumfang in Ihrem individuellen Fall teilen wir Ihnen gerne in <br>einem unverbindlichen Beratungsgespr\u00e4ch mit.<\/p>\t\t\t\t\t\t\t\t<\/div>\n\t\t\t\t<\/div>\n\t\t\t\t\t<\/div>\n\t\t<\/div>\n\t\t\t\t\t<\/div>\n\t\t<\/section>\n\t\t\t\t<section class=\"elementor-section elementor-top-section elementor-element elementor-element-04f9b7e elementor-section-boxed elementor-section-height-default elementor-section-height-default\" data-id=\"04f9b7e\" data-element_type=\"section\" data-e-type=\"section\">\n\t\t\t\t\t\t<div class=\"elementor-container elementor-column-gap-default\">\n\t\t\t\t\t<div class=\"elementor-column elementor-col-100 elementor-top-column elementor-element elementor-element-b203e78\" data-id=\"b203e78\" data-element_type=\"column\" data-e-type=\"column\">\n\t\t\t<div class=\"elementor-widget-wrap elementor-element-populated\">\n\t\t\t\t\t\t<div class=\"elementor-element elementor-element-f9de5ba elementor-widget elementor-widget-spacer\" data-id=\"f9de5ba\" data-element_type=\"widget\" data-e-type=\"widget\" data-widget_type=\"spacer.default\">\n\t\t\t\t<div class=\"elementor-widget-container\">\n\t\t\t\t\t\t\t<div class=\"elementor-spacer\">\n\t\t\t<div class=\"elementor-spacer-inner\"><\/div>\n\t\t<\/div>\n\t\t\t\t\t\t<\/div>\n\t\t\t\t<\/div>\n\t\t\t\t<div class=\"elementor-element elementor-element-94fb4c4 elementor-align-center elementor-widget elementor-widget-button\" data-id=\"94fb4c4\" data-element_type=\"widget\" data-e-type=\"widget\" data-widget_type=\"button.default\">\n\t\t\t\t<div class=\"elementor-widget-container\">\n\t\t\t\t\t\t\t\t\t<div class=\"elementor-button-wrapper\">\n\t\t\t\t\t<a class=\"elementor-button elementor-button-link elementor-size-sm\" href=\"https:\/\/sawomedicus.de\/cms\/kontakt\/\">\n\t\t\t\t\t\t<span class=\"elementor-button-content-wrapper\">\n\t\t\t\t\t\t\t\t\t<span class=\"elementor-button-text\">Kontakt<\/span>\n\t\t\t\t\t<\/span>\n\t\t\t\t\t<\/a>\n\t\t\t\t<\/div>\n\t\t\t\t\t\t\t\t<\/div>\n\t\t\t\t<\/div>\n\t\t\t\t\t<\/div>\n\t\t<\/div>\n\t\t\t\t\t<\/div>\n\t\t<\/section>\n\t\t\t\t<\/div>\n\t\t","protected":false},"excerpt":{"rendered":"<p>Hyperhidrosis &nbsp; &nbsp; &nbsp; &nbsp; &nbsp; &nbsp; &nbsp; &nbsp; &nbsp; Krankhaftes Schwitzen lasst sich durch herk\u00f6mmliche Deodorants kaum kontrollieren. Wenn erheblicher Leidensdruck f\u00fcr die Betroffenen besteht, kann durch die Hyperhidrose-Behandlung eine deutliche und nachhaltige Besserung erzielt werden. &nbsp; &nbsp; &nbsp; &nbsp; &nbsp; &nbsp; &nbsp; &nbsp; &nbsp;Unter dem Begriff Hyperhidrose versteht man aus medizinischer Sicht eine &hellip; <\/p>\n<p class=\"link-more\"><a href=\"https:\/\/sawomedicus.de\/cms\/elementor-1375\/\" class=\"more-link\">Continue reading<span class=\"screen-reader-text\"> &#8220;Hyperhidrosis&#8221;<\/span><\/a><\/p>\n","protected":false},"author":4,"featured_media":0,"parent":0,"menu_order":0,"comment_status":"closed","ping_status":"closed","template":"","meta":{"footnotes":""},"class_list":["post-1375","page","type-page","status-publish","hentry"],"_links":{"self":[{"href":"https:\/\/sawomedicus.de\/cms\/wp-json\/wp\/v2\/pages\/1375","targetHints":{"allow":["GET"]}}],"collection":[{"href":"https:\/\/sawomedicus.de\/cms\/wp-json\/wp\/v2\/pages"}],"about":[{"href":"https:\/\/sawomedicus.de\/cms\/wp-json\/wp\/v2\/types\/page"}],"author":[{"embeddable":true,"href":"https:\/\/sawomedicus.de\/cms\/wp-json\/wp\/v2\/users\/4"}],"replies":[{"embeddable":true,"href":"https:\/\/sawomedicus.de\/cms\/wp-json\/wp\/v2\/comments?post=1375"}],"version-history":[{"count":21,"href":"https:\/\/sawomedicus.de\/cms\/wp-json\/wp\/v2\/pages\/1375\/revisions"}],"predecessor-version":[{"id":1912,"href":"https:\/\/sawomedicus.de\/cms\/wp-json\/wp\/v2\/pages\/1375\/revisions\/1912"}],"wp:attachment":[{"href":"https:\/\/sawomedicus.de\/cms\/wp-json\/wp\/v2\/media?parent=1375"}],"curies":[{"name":"wp","href":"https:\/\/api.w.org\/{rel}","templated":true}]}}