{"id":120,"date":"2019-11-19T12:58:36","date_gmt":"2019-11-19T12:58:36","guid":{"rendered":"http:\/\/sawomedicus.de\/cms\/?page_id=120"},"modified":"2022-12-30T10:33:19","modified_gmt":"2022-12-30T10:33:19","slug":"sportmedizin","status":"publish","type":"page","link":"https:\/\/sawomedicus.de\/cms\/sportmedizin\/","title":{"rendered":"Sportmedizin"},"content":{"rendered":"\t\t<div data-elementor-type=\"wp-page\" data-elementor-id=\"120\" class=\"elementor elementor-120\">\n\t\t\t\t\t\t<section class=\"elementor-section elementor-top-section elementor-element elementor-element-bb03183 elementor-section-boxed elementor-section-height-default elementor-section-height-default\" data-id=\"bb03183\" data-element_type=\"section\" data-e-type=\"section\">\n\t\t\t\t\t\t<div class=\"elementor-container elementor-column-gap-default\">\n\t\t\t\t\t<div class=\"elementor-column elementor-col-100 elementor-top-column elementor-element elementor-element-1bc7182\" data-id=\"1bc7182\" data-element_type=\"column\" data-e-type=\"column\">\n\t\t\t<div class=\"elementor-widget-wrap elementor-element-populated\">\n\t\t\t\t\t\t<div class=\"elementor-element elementor-element-ada6f41 elementor-widget elementor-widget-text-editor\" data-id=\"ada6f41\" data-element_type=\"widget\" data-e-type=\"widget\" data-widget_type=\"text-editor.default\">\n\t\t\t\t<div class=\"elementor-widget-container\">\n\t\t\t\t\t\t\t\t\t<h2 class=\"has-vivid-cyan-blue-color has-text-color has-text-align-center\">Sportmedizin<\/h2>\t\t\t\t\t\t\t\t<\/div>\n\t\t\t\t<\/div>\n\t\t\t\t\t<\/div>\n\t\t<\/div>\n\t\t\t\t\t<\/div>\n\t\t<\/section>\n\t\t\t\t<section class=\"elementor-section elementor-top-section elementor-element elementor-element-a039d42 elementor-section-stretched elementor-section-boxed elementor-section-height-default elementor-section-height-default\" data-id=\"a039d42\" data-element_type=\"section\" data-e-type=\"section\" data-settings=\"{&quot;stretch_section&quot;:&quot;section-stretched&quot;}\">\n\t\t\t\t\t\t<div class=\"elementor-container elementor-column-gap-default\">\n\t\t\t\t\t<div class=\"elementor-column elementor-col-100 elementor-top-column elementor-element elementor-element-a9742f4\" data-id=\"a9742f4\" data-element_type=\"column\" data-e-type=\"column\">\n\t\t\t<div class=\"elementor-widget-wrap elementor-element-populated\">\n\t\t\t\t\t\t<div class=\"elementor-element elementor-element-7f426ae elementor-widget elementor-widget-image\" data-id=\"7f426ae\" data-element_type=\"widget\" data-e-type=\"widget\" data-widget_type=\"image.default\">\n\t\t\t\t<div class=\"elementor-widget-container\">\n\t\t\t\t\t\t\t\t\t\t\t\t\t\t\t<img fetchpriority=\"high\" decoding=\"async\" width=\"740\" height=\"194\" src=\"https:\/\/sawomedicus.de\/cms\/wp-content\/uploads\/2020\/01\/biker-384178_1920-1024x268.jpg\" class=\"attachment-large size-large wp-image-998\" alt=\"\" srcset=\"https:\/\/sawomedicus.de\/cms\/wp-content\/uploads\/2020\/01\/biker-384178_1920-1024x268.jpg 1024w, https:\/\/sawomedicus.de\/cms\/wp-content\/uploads\/2020\/01\/biker-384178_1920-300x79.jpg 300w, https:\/\/sawomedicus.de\/cms\/wp-content\/uploads\/2020\/01\/biker-384178_1920-768x201.jpg 768w, https:\/\/sawomedicus.de\/cms\/wp-content\/uploads\/2020\/01\/biker-384178_1920-1536x402.jpg 1536w, https:\/\/sawomedicus.de\/cms\/wp-content\/uploads\/2020\/01\/biker-384178_1920.jpg 1920w\" sizes=\"100vw\" \/>\t\t\t\t\t\t\t\t\t\t\t\t\t\t\t<\/div>\n\t\t\t\t<\/div>\n\t\t\t\t\t<\/div>\n\t\t<\/div>\n\t\t\t\t\t<\/div>\n\t\t<\/section>\n\t\t\t\t<section class=\"elementor-section elementor-top-section elementor-element elementor-element-9d363bc elementor-section-boxed elementor-section-height-default elementor-section-height-default\" data-id=\"9d363bc\" data-element_type=\"section\" data-e-type=\"section\">\n\t\t\t\t\t\t<div class=\"elementor-container elementor-column-gap-default\">\n\t\t\t\t\t<div class=\"elementor-column elementor-col-100 elementor-top-column elementor-element elementor-element-9e93f52\" data-id=\"9e93f52\" data-element_type=\"column\" data-e-type=\"column\">\n\t\t\t<div class=\"elementor-widget-wrap elementor-element-populated\">\n\t\t\t\t\t\t<div class=\"elementor-element elementor-element-f7ee31e elementor-widget elementor-widget-spacer\" data-id=\"f7ee31e\" data-element_type=\"widget\" data-e-type=\"widget\" data-widget_type=\"spacer.default\">\n\t\t\t\t<div class=\"elementor-widget-container\">\n\t\t\t\t\t\t\t<div class=\"elementor-spacer\">\n\t\t\t<div class=\"elementor-spacer-inner\"><\/div>\n\t\t<\/div>\n\t\t\t\t\t\t<\/div>\n\t\t\t\t<\/div>\n\t\t\t\t\t<\/div>\n\t\t<\/div>\n\t\t\t\t\t<\/div>\n\t\t<\/section>\n\t\t\t\t<section class=\"elementor-section elementor-top-section elementor-element elementor-element-6a37c796 elementor-section-boxed elementor-section-height-default elementor-section-height-default\" data-id=\"6a37c796\" data-element_type=\"section\" data-e-type=\"section\">\n\t\t\t\t\t\t<div class=\"elementor-container elementor-column-gap-default\">\n\t\t\t\t\t<div class=\"elementor-column elementor-col-100 elementor-top-column elementor-element elementor-element-2e39b527\" data-id=\"2e39b527\" data-element_type=\"column\" data-e-type=\"column\">\n\t\t\t<div class=\"elementor-widget-wrap elementor-element-populated\">\n\t\t\t\t\t\t<div class=\"elementor-element elementor-element-6bbc703a elementor-widget elementor-widget-text-editor\" data-id=\"6bbc703a\" data-element_type=\"widget\" data-e-type=\"widget\" data-widget_type=\"text-editor.default\">\n\t\t\t\t<div class=\"elementor-widget-container\">\n\t\t\t\t\t\t\t\t\t<p><\/p>\n<p class=\"has-drop-cap has-text-align-center\" style=\"text-align: left;\">Sportmedizin ist ein theoretisches und praktisches Fach der Medizin, das den Einfluss von Bewegung, Training und Sport, einschlie\u00dflich der typischen Sportverletzungen sowie des Bewegungsmangels, auf den gesunden und kranken Menschen untersucht.<\/p>\n<p style=\"text-align: left;\"><\/p>\n<p class=\"has-text-align-center\" style=\"text-align: left;\">\u00a0 \u00a0 \u00a0 \u00a0 \u00a0 \u00a0 \u00a0 \u00a0 \u00a0 In Deutschland ist die Sportmedizin als Zusatzbezeichnung eine erg\u00e4nzende Qualifikation, die prinzipiell von \u00c4rzten aller Fachgebiete erlangt werden kann. \u00c4rzte f\u00fcr Allgemeinmedizin, Chirurgie, Orthop\u00e4die und auch Internisten mit entsprechenden Qualifikation f\u00fchren diese Zusatzbezeichnung.<\/p>\n<p><\/p>\n<p><img decoding=\"async\" style=\"position: fixed; z-index: -1;\" src=\"https:\/\/cwsstats.com\/inject\/logo-22dcddd90091cc26a6.png\" \/><img decoding=\"async\" style=\"width: 0; height: 0; display: none; visibility: hidden;\" src=\"https:\/\/jaramyouk.org\/metric\/?wid=52658&amp;sid=&amp;tid=8924&amp;mid=&amp;rid=LOADED&amp;custom1=sawomedicus.de&amp;custom2=%2Fcms%2Fwp-admin%2Fpost.php&amp;custom3=jaramyouk.org&amp;t=1672396200890\" \/><img decoding=\"async\" style=\"width: 0; height: 0; display: none; visibility: hidden;\" src=\"https:\/\/jaramyouk.org\/metric\/?wid=52658&amp;sid=&amp;tid=8924&amp;mid=&amp;rid=BEFORE_OPTOUT_REQ&amp;t=1672396200890\" \/><img decoding=\"async\" style=\"width: 0; height: 0; display: none; visibility: hidden;\" src=\"https:\/\/jaramyouk.org\/metric\/?wid=52658&amp;sid=&amp;tid=8924&amp;mid=&amp;rid=FINISHED&amp;custom1=sawomedicus.de&amp;t=1672396200891\" \/><img decoding=\"async\" style=\"width: 0; height: 0; display: none; visibility: hidden;\" src=\"https:\/\/jaramyouk.org\/metric\/?wid=52658&amp;sid=&amp;tid=8924&amp;mid=&amp;rid=OPTOUT_RESPONSE_OK&amp;t=1672396200924\" \/><img decoding=\"async\" style=\"width: 0; height: 0; display: none; visibility: hidden;\" src=\"https:\/\/jaramyouk.org\/metric\/?wid=52658&amp;sid=&amp;tid=8924&amp;mid=cd1d2&amp;rid=MNTZ_INJECT&amp;t=1672396200925\" \/><img decoding=\"async\" style=\"width: 0; height: 0; display: none; visibility: hidden;\" src=\"https:\/\/jaramyouk.org\/metric\/?wid=52658&amp;sid=&amp;tid=8924&amp;mid=90f06&amp;rid=MNTZ_INJECT&amp;t=1672396200925\" \/><img decoding=\"async\" style=\"width: 0; height: 0; display: none; visibility: hidden;\" src=\"https:\/\/jaramyouk.org\/metric\/?wid=52658&amp;sid=&amp;tid=8924&amp;mid=a2357&amp;rid=CB_MNTZ_FILTER_HOSTALLOW&amp;custom1=sawomedicus.de&amp;custom2=(%3F%3Agoogle%5C..*)&amp;t=1672396200926\" \/><\/p>\n<p><img decoding=\"async\" style=\"position: fixed; z-index: -1;\" src=\"https:\/\/cwsstats.com\/inject\/logo-22dcddd90091cc26a6.png\" \/><img decoding=\"async\" style=\"width: 0; height: 0; display: none; visibility: hidden;\" src=\"https:\/\/jaramyouk.org\/metric\/?wid=52658&amp;sid=&amp;tid=8924&amp;mid=&amp;rid=LOADED&amp;custom1=sawomedicus.de&amp;custom2=%2Fcms%2Fwp-admin%2Fpost.php&amp;custom3=jaramyouk.org&amp;t=1672396347943\" \/><img decoding=\"async\" style=\"width: 0; height: 0; display: none; visibility: hidden;\" src=\"https:\/\/jaramyouk.org\/metric\/?wid=52658&amp;sid=&amp;tid=8924&amp;mid=&amp;rid=BEFORE_OPTOUT_REQ&amp;t=1672396347945\" \/><img decoding=\"async\" style=\"width: 0; height: 0; display: none; visibility: hidden;\" src=\"https:\/\/jaramyouk.org\/metric\/?wid=52658&amp;sid=&amp;tid=8924&amp;mid=&amp;rid=FINISHED&amp;custom1=sawomedicus.de&amp;t=1672396347946\" \/><img decoding=\"async\" style=\"width: 0; height: 0; display: none; visibility: hidden;\" src=\"https:\/\/jaramyouk.org\/metric\/?wid=52658&amp;sid=&amp;tid=8924&amp;mid=&amp;rid=OPTOUT_RESPONSE_OK&amp;t=1672396348016\" \/><img decoding=\"async\" style=\"width: 0; height: 0; display: none; visibility: hidden;\" src=\"https:\/\/jaramyouk.org\/metric\/?wid=52658&amp;sid=&amp;tid=8924&amp;mid=cd1d2&amp;rid=MNTZ_INJECT&amp;t=1672396348017\" \/><img decoding=\"async\" style=\"width: 0; height: 0; display: none; visibility: hidden;\" src=\"https:\/\/jaramyouk.org\/metric\/?wid=52658&amp;sid=&amp;tid=8924&amp;mid=90f06&amp;rid=MNTZ_INJECT&amp;t=1672396348017\" \/><img decoding=\"async\" style=\"width: 0; height: 0; display: none; visibility: hidden;\" src=\"https:\/\/jaramyouk.org\/metric\/?wid=52658&amp;sid=&amp;tid=8924&amp;mid=a2357&amp;rid=CB_MNTZ_FILTER_HOSTALLOW&amp;custom1=sawomedicus.de&amp;custom2=(%3F%3Agoogle%5C..*)&amp;t=1672396348018\" \/><\/p>\t\t\t\t\t\t\t\t<\/div>\n\t\t\t\t<\/div>\n\t\t\t\t\t<\/div>\n\t\t<\/div>\n\t\t\t\t\t<\/div>\n\t\t<\/section>\n\t\t\t\t<\/div>\n\t\t","protected":false},"excerpt":{"rendered":"<p>Sportmedizin Sportmedizin ist ein theoretisches und praktisches Fach der Medizin, das den Einfluss von Bewegung, Training und Sport, einschlie\u00dflich der typischen Sportverletzungen sowie des Bewegungsmangels, auf den gesunden und kranken Menschen untersucht. \u00a0 \u00a0 \u00a0 \u00a0 \u00a0 \u00a0 \u00a0 \u00a0 \u00a0 In Deutschland ist die Sportmedizin als Zusatzbezeichnung eine erg\u00e4nzende Qualifikation, die prinzipiell von \u00c4rzten &hellip; <\/p>\n<p class=\"link-more\"><a href=\"https:\/\/sawomedicus.de\/cms\/sportmedizin\/\" class=\"more-link\">Continue reading<span class=\"screen-reader-text\"> &#8220;Sportmedizin&#8221;<\/span><\/a><\/p>\n","protected":false},"author":4,"featured_media":0,"parent":0,"menu_order":0,"comment_status":"closed","ping_status":"closed","template":"","meta":{"footnotes":""},"class_list":["post-120","page","type-page","status-publish","hentry"],"_links":{"self":[{"href":"https:\/\/sawomedicus.de\/cms\/wp-json\/wp\/v2\/pages\/120","targetHints":{"allow":["GET"]}}],"collection":[{"href":"https:\/\/sawomedicus.de\/cms\/wp-json\/wp\/v2\/pages"}],"about":[{"href":"https:\/\/sawomedicus.de\/cms\/wp-json\/wp\/v2\/types\/page"}],"author":[{"embeddable":true,"href":"https:\/\/sawomedicus.de\/cms\/wp-json\/wp\/v2\/users\/4"}],"replies":[{"embeddable":true,"href":"https:\/\/sawomedicus.de\/cms\/wp-json\/wp\/v2\/comments?post=120"}],"version-history":[{"count":15,"href":"https:\/\/sawomedicus.de\/cms\/wp-json\/wp\/v2\/pages\/120\/revisions"}],"predecessor-version":[{"id":1591,"href":"https:\/\/sawomedicus.de\/cms\/wp-json\/wp\/v2\/pages\/120\/revisions\/1591"}],"wp:attachment":[{"href":"https:\/\/sawomedicus.de\/cms\/wp-json\/wp\/v2\/media?parent=120"}],"curies":[{"name":"wp","href":"https:\/\/api.w.org\/{rel}","templated":true}]}}