{"id":115,"date":"2019-11-19T12:52:58","date_gmt":"2019-11-19T12:52:58","guid":{"rendered":"http:\/\/sawomedicus.de\/cms\/?page_id=115"},"modified":"2020-01-28T18:41:49","modified_gmt":"2020-01-28T18:41:49","slug":"innere-medizin","status":"publish","type":"page","link":"https:\/\/sawomedicus.de\/cms\/innere-medizin\/","title":{"rendered":"Innere Medizin"},"content":{"rendered":"\t\t<div data-elementor-type=\"wp-page\" data-elementor-id=\"115\" class=\"elementor elementor-115\">\n\t\t\t\t\t\t<section class=\"elementor-section elementor-top-section elementor-element elementor-element-9090659 elementor-section-boxed elementor-section-height-default elementor-section-height-default\" data-id=\"9090659\" data-element_type=\"section\" data-e-type=\"section\">\n\t\t\t\t\t\t<div class=\"elementor-container elementor-column-gap-default\">\n\t\t\t\t\t<div class=\"elementor-column elementor-col-100 elementor-top-column elementor-element elementor-element-e3a560b\" data-id=\"e3a560b\" data-element_type=\"column\" data-e-type=\"column\">\n\t\t\t<div class=\"elementor-widget-wrap elementor-element-populated\">\n\t\t\t\t\t\t<div class=\"elementor-element elementor-element-94d93fc elementor-widget elementor-widget-text-editor\" data-id=\"94d93fc\" data-element_type=\"widget\" data-e-type=\"widget\" data-widget_type=\"text-editor.default\">\n\t\t\t\t<div class=\"elementor-widget-container\">\n\t\t\t\t\t\t\t\t\t<h2 class=\"has-vivid-cyan-blue-color has-text-color has-text-align-center\">Innere Medizin<\/h2>\t\t\t\t\t\t\t\t<\/div>\n\t\t\t\t<\/div>\n\t\t\t\t\t<\/div>\n\t\t<\/div>\n\t\t\t\t\t<\/div>\n\t\t<\/section>\n\t\t\t\t<section class=\"elementor-section elementor-top-section elementor-element elementor-element-2cec4cb elementor-section-boxed elementor-section-height-default elementor-section-height-default\" data-id=\"2cec4cb\" data-element_type=\"section\" data-e-type=\"section\">\n\t\t\t\t\t\t<div class=\"elementor-container elementor-column-gap-default\">\n\t\t\t\t\t<div class=\"elementor-column elementor-col-100 elementor-top-column elementor-element elementor-element-66d757b\" data-id=\"66d757b\" data-element_type=\"column\" data-e-type=\"column\">\n\t\t\t<div class=\"elementor-widget-wrap elementor-element-populated\">\n\t\t\t\t\t\t<div class=\"elementor-element elementor-element-abc687c elementor-widget elementor-widget-image\" data-id=\"abc687c\" data-element_type=\"widget\" data-e-type=\"widget\" data-widget_type=\"image.default\">\n\t\t\t\t<div class=\"elementor-widget-container\">\n\t\t\t\t\t\t\t\t\t\t\t\t\t\t\t<img fetchpriority=\"high\" decoding=\"async\" width=\"740\" height=\"493\" src=\"https:\/\/sawomedicus.de\/cms\/wp-content\/uploads\/2020\/01\/stethoscope-3725131_1280-1024x682.png\" class=\"attachment-large size-large wp-image-1001\" alt=\"\" srcset=\"https:\/\/sawomedicus.de\/cms\/wp-content\/uploads\/2020\/01\/stethoscope-3725131_1280-1024x682.png 1024w, https:\/\/sawomedicus.de\/cms\/wp-content\/uploads\/2020\/01\/stethoscope-3725131_1280-300x200.png 300w, https:\/\/sawomedicus.de\/cms\/wp-content\/uploads\/2020\/01\/stethoscope-3725131_1280-768x512.png 768w, https:\/\/sawomedicus.de\/cms\/wp-content\/uploads\/2020\/01\/stethoscope-3725131_1280.png 1280w\" sizes=\"100vw\" \/>\t\t\t\t\t\t\t\t\t\t\t\t\t\t\t<\/div>\n\t\t\t\t<\/div>\n\t\t\t\t\t<\/div>\n\t\t<\/div>\n\t\t\t\t\t<\/div>\n\t\t<\/section>\n\t\t\t\t<section class=\"elementor-section elementor-top-section elementor-element elementor-element-1584e676 elementor-section-boxed elementor-section-height-default elementor-section-height-default\" data-id=\"1584e676\" data-element_type=\"section\" data-e-type=\"section\">\n\t\t\t\t\t\t<div class=\"elementor-container elementor-column-gap-default\">\n\t\t\t\t\t<div class=\"elementor-column elementor-col-100 elementor-top-column elementor-element elementor-element-75ad9e82\" data-id=\"75ad9e82\" data-element_type=\"column\" data-e-type=\"column\">\n\t\t\t<div class=\"elementor-widget-wrap elementor-element-populated\">\n\t\t\t\t\t\t<div class=\"elementor-element elementor-element-3d9afb1a elementor-drop-cap-yes elementor-drop-cap-view-default elementor-widget elementor-widget-text-editor\" data-id=\"3d9afb1a\" data-element_type=\"widget\" data-e-type=\"widget\" data-settings=\"{&quot;drop_cap&quot;:&quot;yes&quot;}\" data-widget_type=\"text-editor.default\">\n\t\t\t\t<div class=\"elementor-widget-container\">\n\t\t\t\t\t\t\t\t\t<p><\/p>\n<p class=\"has-vivid-cyan-blue-color has-text-color has-text-align-center\" style=\"text-align: left;\"><span style=\"font-size: 1rem; color: #333333;\">\u00a0 \u00a0 \u00a0 \u00a0 \u00a0 \u00a0 \u00a0 \u00a0 \u00a0 \u00a0 \u00a0 \u00a0 \u00a0Die Innere Medizin befasst sich mit der Vorbeugung, Diagnostik, konservativer und interventioneller Behandlung sowie Rehabilitation und Nachsorge von Gesundheitsst\u00f6rungen und Krankheiten der Atmungsorgane (Pneumologie), des Herzens und Kreislaufs (Kardiologie), der Verdauungsorgane (Gastroenterologie), der Nieren und ableitenden Harnwege (Nephrologie), des Blutes und der blutbildenden Organe (H\u00e4matologie), des Gef\u00e4\u00dfsystems (Angiologie), des Stoffwechsels und der inneren Sekretion (Endokrinologie), des Immunsystems (Immunologie), des St\u00fctz- und Bindegewebes (Rheumatologie), der Infektionskrankheiten (Infektiologie) und Vergiftungen (Toxikologie) sowie der soliden Tumore und h\u00e4matologischen Neoplasien (Onkologie). Als Folge der rapiden Wissensvermehrung in den Teilgebieten der Inneren Medizin wird der klassische Internist in vielen Industrienationen mehr und mehr von den Vertretern dieser Teilgebiete verdr\u00e4ngt.<\/span><\/p>\n<p><\/p>\t\t\t\t\t\t\t\t<\/div>\n\t\t\t\t<\/div>\n\t\t\t\t\t<\/div>\n\t\t<\/div>\n\t\t\t\t\t<\/div>\n\t\t<\/section>\n\t\t\t\t<\/div>\n\t\t","protected":false},"excerpt":{"rendered":"<p>Innere Medizin \u00a0 \u00a0 \u00a0 \u00a0 \u00a0 \u00a0 \u00a0 \u00a0 \u00a0 \u00a0 \u00a0 \u00a0 \u00a0Die Innere Medizin befasst sich mit der Vorbeugung, Diagnostik, konservativer und interventioneller Behandlung sowie Rehabilitation und Nachsorge von Gesundheitsst\u00f6rungen und Krankheiten der Atmungsorgane (Pneumologie), des Herzens und Kreislaufs (Kardiologie), der Verdauungsorgane (Gastroenterologie), der Nieren und ableitenden Harnwege (Nephrologie), des Blutes und &hellip; <\/p>\n<p class=\"link-more\"><a href=\"https:\/\/sawomedicus.de\/cms\/innere-medizin\/\" class=\"more-link\">Continue reading<span class=\"screen-reader-text\"> &#8220;Innere Medizin&#8221;<\/span><\/a><\/p>\n","protected":false},"author":4,"featured_media":0,"parent":0,"menu_order":0,"comment_status":"closed","ping_status":"closed","template":"","meta":{"footnotes":""},"class_list":["post-115","page","type-page","status-publish","hentry"],"_links":{"self":[{"href":"https:\/\/sawomedicus.de\/cms\/wp-json\/wp\/v2\/pages\/115","targetHints":{"allow":["GET"]}}],"collection":[{"href":"https:\/\/sawomedicus.de\/cms\/wp-json\/wp\/v2\/pages"}],"about":[{"href":"https:\/\/sawomedicus.de\/cms\/wp-json\/wp\/v2\/types\/page"}],"author":[{"embeddable":true,"href":"https:\/\/sawomedicus.de\/cms\/wp-json\/wp\/v2\/users\/4"}],"replies":[{"embeddable":true,"href":"https:\/\/sawomedicus.de\/cms\/wp-json\/wp\/v2\/comments?post=115"}],"version-history":[{"count":6,"href":"https:\/\/sawomedicus.de\/cms\/wp-json\/wp\/v2\/pages\/115\/revisions"}],"predecessor-version":[{"id":1002,"href":"https:\/\/sawomedicus.de\/cms\/wp-json\/wp\/v2\/pages\/115\/revisions\/1002"}],"wp:attachment":[{"href":"https:\/\/sawomedicus.de\/cms\/wp-json\/wp\/v2\/media?parent=115"}],"curies":[{"name":"wp","href":"https:\/\/api.w.org\/{rel}","templated":true}]}}