{"id":109,"date":"2019-11-19T12:10:53","date_gmt":"2019-11-19T12:10:53","guid":{"rendered":"http:\/\/sawomedicus.de\/cms\/?page_id=109"},"modified":"2025-09-02T14:44:40","modified_gmt":"2025-09-02T14:44:40","slug":"hausbesuche","status":"publish","type":"page","link":"https:\/\/sawomedicus.de\/cms\/hausbesuche\/","title":{"rendered":"Hausbesuche"},"content":{"rendered":"\t\t<div data-elementor-type=\"wp-page\" data-elementor-id=\"109\" class=\"elementor elementor-109\">\n\t\t\t\t\t\t<section class=\"elementor-section elementor-top-section elementor-element elementor-element-5ab89936 elementor-section-boxed elementor-section-height-default elementor-section-height-default\" data-id=\"5ab89936\" data-element_type=\"section\" data-e-type=\"section\">\n\t\t\t\t\t\t<div class=\"elementor-container elementor-column-gap-default\">\n\t\t\t\t\t<div class=\"elementor-column elementor-col-100 elementor-top-column elementor-element elementor-element-3fdfaad8\" data-id=\"3fdfaad8\" data-element_type=\"column\" data-e-type=\"column\">\n\t\t\t<div class=\"elementor-widget-wrap elementor-element-populated\">\n\t\t\t\t\t\t<div class=\"elementor-element elementor-element-f5e0c62 elementor-widget elementor-widget-text-editor\" data-id=\"f5e0c62\" data-element_type=\"widget\" data-e-type=\"widget\" data-widget_type=\"text-editor.default\">\n\t\t\t\t<div class=\"elementor-widget-container\">\n\t\t\t\t\t\t\t\t\t<h2 class=\"has-vivid-cyan-blue-color has-text-color has-text-align-center\">Hausbesuche<\/h2><div class=\"wp-block-image\"><figure class=\"aligncenter size-large is-resized\"><img fetchpriority=\"high\" decoding=\"async\" class=\"wp-image-101\" src=\"https:\/\/sawomedicus.de\/cms\/wp-content\/uploads\/2019\/11\/Canva-Health-Stethoscope-Instrument-Multiply-Line-Style-Icon-1024x1024.jpg\" alt=\"\" width=\"341\" height=\"341\" srcset=\"https:\/\/sawomedicus.de\/cms\/wp-content\/uploads\/2019\/11\/Canva-Health-Stethoscope-Instrument-Multiply-Line-Style-Icon-1024x1024.jpg 1024w, https:\/\/sawomedicus.de\/cms\/wp-content\/uploads\/2019\/11\/Canva-Health-Stethoscope-Instrument-Multiply-Line-Style-Icon-300x300.jpg 300w, https:\/\/sawomedicus.de\/cms\/wp-content\/uploads\/2019\/11\/Canva-Health-Stethoscope-Instrument-Multiply-Line-Style-Icon-150x150.jpg 150w, https:\/\/sawomedicus.de\/cms\/wp-content\/uploads\/2019\/11\/Canva-Health-Stethoscope-Instrument-Multiply-Line-Style-Icon-768x768.jpg 768w, https:\/\/sawomedicus.de\/cms\/wp-content\/uploads\/2019\/11\/Canva-Health-Stethoscope-Instrument-Multiply-Line-Style-Icon-1536x1536.jpg 1536w, https:\/\/sawomedicus.de\/cms\/wp-content\/uploads\/2019\/11\/Canva-Health-Stethoscope-Instrument-Multiply-Line-Style-Icon-2048x2048.jpg 2048w, https:\/\/sawomedicus.de\/cms\/wp-content\/uploads\/2019\/11\/Canva-Health-Stethoscope-Instrument-Multiply-Line-Style-Icon-100x100.jpg 100w\" sizes=\"(max-width: 341px) 100vw, 341px\" \/><\/figure><\/div><p class=\"has-text-align-center\">Die Praxis ist t\u00e4glich ab 08.00 Uhr besetzt.<\/p><p>\u00a0 \u00a0 \u00a0 \u00a0 \u00a0 \u00a0 \u00a0 \u00a0Akut-Hausbesuche werden in der Regel in der Mittagszeit ab 12.00 Uhr gefahren. In medizinischen Notf\u00e4llen erreichen Sie uns unter der auf dem Anrufbeantworter angesagten Telefonnummer.<\/p><p>\u00a0 \u00a0 \u00a0 \u00a0 \u00a0 \u00a0 \u00a0 \u00a0K\u00f6nnen Sie aus gesundheitlichen Gr\u00fcnden nicht in unsere Praxis kommen, besuchen wir Sie selbstverst\u00e4ndlich auch zu Hause. <span style=\"color: #ff0000;\">Bitte rufen Sie dazu m\u00f6glichst morgens bis\u00a0<strong>10.00 Uhr<\/strong>\u00a0und nachmittags bis\u00a0<strong>16.00 Uhr<\/strong>\u00a0an, damit wir den Besuch einplanen k\u00f6nnen.<\/span><\/p>\t\t\t\t\t\t\t\t<\/div>\n\t\t\t\t<\/div>\n\t\t\t\t\t<\/div>\n\t\t<\/div>\n\t\t\t\t\t<\/div>\n\t\t<\/section>\n\t\t\t\t<section class=\"elementor-section elementor-top-section elementor-element elementor-element-a5b0ccd elementor-section-boxed elementor-section-height-default elementor-section-height-default\" data-id=\"a5b0ccd\" data-element_type=\"section\" data-e-type=\"section\">\n\t\t\t\t\t\t<div class=\"elementor-container elementor-column-gap-default\">\n\t\t\t\t\t<div class=\"elementor-column elementor-col-100 elementor-top-column elementor-element elementor-element-48ac1ef\" data-id=\"48ac1ef\" data-element_type=\"column\" data-e-type=\"column\">\n\t\t\t<div class=\"elementor-widget-wrap elementor-element-populated\">\n\t\t\t\t\t\t<div class=\"elementor-element elementor-element-981628e elementor-button-info elementor-align-center elementor-widget elementor-widget-button\" data-id=\"981628e\" data-element_type=\"widget\" data-e-type=\"widget\" data-widget_type=\"button.default\">\n\t\t\t\t<div class=\"elementor-widget-container\">\n\t\t\t\t\t\t\t\t\t<div class=\"elementor-button-wrapper\">\n\t\t\t\t\t<a class=\"elementor-button elementor-button-link elementor-size-sm\" href=\"https:\/\/sawomedicus.de\/cms\/kontakt\/\">\n\t\t\t\t\t\t<span class=\"elementor-button-content-wrapper\">\n\t\t\t\t\t\t\t\t\t<span class=\"elementor-button-text\">KONTAKT<\/span>\n\t\t\t\t\t<\/span>\n\t\t\t\t\t<\/a>\n\t\t\t\t<\/div>\n\t\t\t\t\t\t\t\t<\/div>\n\t\t\t\t<\/div>\n\t\t\t\t\t<\/div>\n\t\t<\/div>\n\t\t\t\t\t<\/div>\n\t\t<\/section>\n\t\t\t\t<\/div>\n\t\t","protected":false},"excerpt":{"rendered":"<p>Hausbesuche Die Praxis ist t\u00e4glich ab 08.00 Uhr besetzt. \u00a0 \u00a0 \u00a0 \u00a0 \u00a0 \u00a0 \u00a0 \u00a0Akut-Hausbesuche werden in der Regel in der Mittagszeit ab 12.00 Uhr gefahren. In medizinischen Notf\u00e4llen erreichen Sie uns unter der auf dem Anrufbeantworter angesagten Telefonnummer. \u00a0 \u00a0 \u00a0 \u00a0 \u00a0 \u00a0 \u00a0 \u00a0K\u00f6nnen Sie aus gesundheitlichen Gr\u00fcnden nicht in &hellip; <\/p>\n<p class=\"link-more\"><a href=\"https:\/\/sawomedicus.de\/cms\/hausbesuche\/\" class=\"more-link\">Continue reading<span class=\"screen-reader-text\"> &#8220;Hausbesuche&#8221;<\/span><\/a><\/p>\n","protected":false},"author":4,"featured_media":0,"parent":0,"menu_order":0,"comment_status":"closed","ping_status":"closed","template":"","meta":{"footnotes":""},"class_list":["post-109","page","type-page","status-publish","hentry"],"_links":{"self":[{"href":"https:\/\/sawomedicus.de\/cms\/wp-json\/wp\/v2\/pages\/109","targetHints":{"allow":["GET"]}}],"collection":[{"href":"https:\/\/sawomedicus.de\/cms\/wp-json\/wp\/v2\/pages"}],"about":[{"href":"https:\/\/sawomedicus.de\/cms\/wp-json\/wp\/v2\/types\/page"}],"author":[{"embeddable":true,"href":"https:\/\/sawomedicus.de\/cms\/wp-json\/wp\/v2\/users\/4"}],"replies":[{"embeddable":true,"href":"https:\/\/sawomedicus.de\/cms\/wp-json\/wp\/v2\/comments?post=109"}],"version-history":[{"count":19,"href":"https:\/\/sawomedicus.de\/cms\/wp-json\/wp\/v2\/pages\/109\/revisions"}],"predecessor-version":[{"id":1847,"href":"https:\/\/sawomedicus.de\/cms\/wp-json\/wp\/v2\/pages\/109\/revisions\/1847"}],"wp:attachment":[{"href":"https:\/\/sawomedicus.de\/cms\/wp-json\/wp\/v2\/media?parent=109"}],"curies":[{"name":"wp","href":"https:\/\/api.w.org\/{rel}","templated":true}]}}